{"id":449,"date":"2019-10-18T22:05:01","date_gmt":"2019-10-18T20:05:01","guid":{"rendered":"http:\/\/nagibel.com\/?page_id=449"},"modified":"2021-06-04T14:28:16","modified_gmt":"2021-06-04T12:28:16","slug":"rencontre-avec-le-club-yu-hi-2013","status":"publish","type":"page","link":"http:\/\/nagibel.com\/index.php\/rencontre-avec-le-club-yu-hi-2013\/","title":{"rendered":"Rencontre avec le club Yu Hi (2013)"},"content":{"rendered":"\n<figure class=\"wp-block-image\"><img decoding=\"async\" src=\"https:\/\/web.archive.org\/web\/20180904075501im_\/http:\/\/www.nagibel.be\/uploads\/images\/Evenement\/nagiken.jpg\" alt=\"\"\/><\/figure>\n\n\n\n<p>Le 1er mars 2013 avait lieu notre premi\u00e8re rencontre avec les kendoka de l&#8217;\u00e9cole Yu-Hi.<\/p>\n\n\n\n<p>En effet, nous avons d\u00e9cid\u00e9 d&#8217;organiser r\u00e9guli\u00e8rement des rencontre naginata\/kendo. A pr\u00e8s tout, nous sommes un peu comme fr\u00e8res et s\u0153urs!<\/p>\n\n\n\n<p>On en a bien sur profit\u00e9 pour faire de ishhu jiai ^^<\/p>\n\n\n\n<figure class=\"wp-block-image\"><img decoding=\"async\" src=\"https:\/\/web.archive.org\/web\/20180904075501im_\/http:\/\/www.nagibel.be\/uploads\/images\/Evenement\/naginatakendo.jpg\" alt=\"\"\/><\/figure>\n\n\n\n<p>Merci aux kendoka d&#8217;\u00eatre venu essayer notre discipline!<\/p>\n\n\n\n<p>A la prochaine fois<\/p>\n\n\n\n<figure class=\"wp-block-image\"><img decoding=\"async\" src=\"https:\/\/web.archive.org\/web\/20180904075501im_\/http:\/\/www.nagibel.be\/uploads\/images\/Evenement\/nagkendo.jpg\" alt=\"\"\/><\/figure>\n\n\n\n<p>Enfin, le 6 juin, c&#8217;\u00e9tait \u00e0 leur tour de nous inviter dans leur dojo!<\/p>\n\n\n\n<p>Il faisait chaud, mais rien n&#8217;aurait \narr\u00eat\u00e9 notre motivation: Apr\u00e8s un petit \u00e9chauffement, on nous tend des \nshinai. Aie! dur dur de changer nos habitudes et de se tenir de face&#8230;<\/p>\n\n\n\n<p>Ensuite, le moment le plus attendu arrive: les ishhu jiai. <\/p>\n\n\n\n<p>Histoire de finir en mettant tout le monde de bonne humeur, nous nous retrouvons autour d&#8217;un verre et d&#8217;un repas. <\/p>\n\n\n\n<p>Rien \u00e0 dire, les cours avec les kendo-ka d&#8217;Yu Hi c&#8217;est vraiment sympa.<br><\/p>\n\n\n\n<figure class=\"wp-block-image\"><img decoding=\"async\" src=\"https:\/\/web.archive.org\/web\/20180904075501im_\/http:\/\/www.nagibel.be\/uploads\/images\/Evenement\/nagikendo.jpg\" alt=\"\"\/><\/figure>\n","protected":false},"excerpt":{"rendered":"<p>Le 1er mars 2013 avait lieu notre premi\u00e8re rencontre avec les kendoka de l&#8217;\u00e9cole Yu-Hi. En effet, nous avons d\u00e9cid\u00e9 d&#8217;organiser r\u00e9guli\u00e8rement des rencontre naginata\/kendo. A pr\u00e8s tout, nous sommes un peu comme fr\u00e8res et s\u0153urs! On en a bien <a class=\"more-link\" href=\"http:\/\/nagibel.com\/index.php\/rencontre-avec-le-club-yu-hi-2013\/\">Continue reading <span class=\"screen-reader-text\">  Rencontre avec le club Yu Hi (2013)<\/span><span class=\"meta-nav\">&rarr;<\/span><\/a><\/p>\n","protected":false},"author":1,"featured_media":0,"parent":0,"menu_order":0,"comment_status":"closed","ping_status":"closed","template":"","meta":[],"_links":{"self":[{"href":"http:\/\/nagibel.com\/index.php\/wp-json\/wp\/v2\/pages\/449"}],"collection":[{"href":"http:\/\/nagibel.com\/index.php\/wp-json\/wp\/v2\/pages"}],"about":[{"href":"http:\/\/nagibel.com\/index.php\/wp-json\/wp\/v2\/types\/page"}],"author":[{"embeddable":true,"href":"http:\/\/nagibel.com\/index.php\/wp-json\/wp\/v2\/users\/1"}],"replies":[{"embeddable":true,"href":"http:\/\/nagibel.com\/index.php\/wp-json\/wp\/v2\/comments?post=449"}],"version-history":[{"count":2,"href":"http:\/\/nagibel.com\/index.php\/wp-json\/wp\/v2\/pages\/449\/revisions"}],"predecessor-version":[{"id":986,"href":"http:\/\/nagibel.com\/index.php\/wp-json\/wp\/v2\/pages\/449\/revisions\/986"}],"wp:attachment":[{"href":"http:\/\/nagibel.com\/index.php\/wp-json\/wp\/v2\/media?parent=449"}],"curies":[{"name":"wp","href":"https:\/\/api.w.org\/{rel}","templated":true}]}}