{"id":438,"date":"2019-10-18T21:56:08","date_gmt":"2019-10-18T19:56:08","guid":{"rendered":"http:\/\/nagibel.com\/?page_id=438"},"modified":"2021-06-04T14:27:08","modified_gmt":"2021-06-04T12:27:08","slug":"naginata-kendo","status":"publish","type":"page","link":"http:\/\/nagibel.com\/index.php\/naginata-kendo\/","title":{"rendered":"Kendo"},"content":{"rendered":"\n<p>Le kendo et le naginata sont un peu comme fr\u00e8re et s\u0153ur.<\/p>\n\n\n\n<figure class=\"wp-block-image\"><img decoding=\"async\" src=\"https:\/\/web.archive.org\/web\/20180904051051im_\/http:\/\/www.nagibel.be\/uploads\/images\/Evenement\/345106504_1280x720.jpg\" alt=\"\"\/><figcaption>D\u00e9monstration d&#8217;Ishujiai durant les championnat du monde au Japon entre un pratiquant de Naginata belge et un kendo-ka japonais.<\/figcaption><\/figure>\n\n\n\n<p>Il y a certes des diff\u00e9rences (la taille de l&#8217;arme et la position du corps \u00e9tant les plus importantes) mais ils peuvent se pratiquer ensemble comme nous le prouve ces nombreux \u00e9v\u00e8nements: <\/p>\n\n\n\n<ul><li>Les rencontres entre le club de la for\u00eat de Soignes (Naginata) et le club Yu-hi (Kendo)<\/li><li>Les diff\u00e9rents stage d&#8217;initiation \u00e0 Obernai<\/li><\/ul>\n\n\n\n<p>Les combats organis\u00e9s entre un pratiquant de Naginata et de Kendo sont appel\u00e9s des &#8220;Ishujiai&#8221;. <\/p>\n\n\n\n<p>Un stage d&#8217;initiation aux ishujiai \u00e0 \u00e9t\u00e9 organis\u00e9 \u00e0 Evreux, encadr\u00e9 par David d&#8217;Hose (Article de presse disponible <a href=\"http:\/\/nagibel.com\/index.php\/naginata-kendo-2015\/\">ici<\/a>)<\/p>\n\n\n\n<figure class=\"wp-block-embed-youtube wp-block-embed is-type-video is-provider-youtube wp-embed-aspect-4-3 wp-has-aspect-ratio\"><div class=\"wp-block-embed__wrapper\">\n<iframe loading=\"lazy\" title=\"5th Naginata World Championships Isshujiai D&#039;hose\" width=\"530\" height=\"398\" src=\"https:\/\/www.youtube.com\/embed\/1xw0dksX6ZU?feature=oembed\" frameborder=\"0\" allow=\"accelerometer; autoplay; encrypted-media; gyroscope; picture-in-picture\" allowfullscreen><\/iframe>\n<\/div><\/figure>\n","protected":false},"excerpt":{"rendered":"<p>Le kendo et le naginata sont un peu comme fr\u00e8re et s\u0153ur. Il y a certes des diff\u00e9rences (la taille de l&#8217;arme et la position du corps \u00e9tant les plus importantes) mais ils peuvent se pratiquer ensemble comme nous le <a class=\"more-link\" href=\"http:\/\/nagibel.com\/index.php\/naginata-kendo\/\">Continue reading <span class=\"screen-reader-text\">  Kendo<\/span><span class=\"meta-nav\">&rarr;<\/span><\/a><\/p>\n","protected":false},"author":1,"featured_media":0,"parent":0,"menu_order":0,"comment_status":"closed","ping_status":"closed","template":"","meta":[],"_links":{"self":[{"href":"http:\/\/nagibel.com\/index.php\/wp-json\/wp\/v2\/pages\/438"}],"collection":[{"href":"http:\/\/nagibel.com\/index.php\/wp-json\/wp\/v2\/pages"}],"about":[{"href":"http:\/\/nagibel.com\/index.php\/wp-json\/wp\/v2\/types\/page"}],"author":[{"embeddable":true,"href":"http:\/\/nagibel.com\/index.php\/wp-json\/wp\/v2\/users\/1"}],"replies":[{"embeddable":true,"href":"http:\/\/nagibel.com\/index.php\/wp-json\/wp\/v2\/comments?post=438"}],"version-history":[{"count":8,"href":"http:\/\/nagibel.com\/index.php\/wp-json\/wp\/v2\/pages\/438\/revisions"}],"predecessor-version":[{"id":985,"href":"http:\/\/nagibel.com\/index.php\/wp-json\/wp\/v2\/pages\/438\/revisions\/985"}],"wp:attachment":[{"href":"http:\/\/nagibel.com\/index.php\/wp-json\/wp\/v2\/media?parent=438"}],"curies":[{"name":"wp","href":"https:\/\/api.w.org\/{rel}","templated":true}]}}