{"id":436,"date":"2019-10-18T21:53:09","date_gmt":"2019-10-18T19:53:09","guid":{"rendered":"http:\/\/nagibel.com\/?page_id=436"},"modified":"2020-02-17T23:11:58","modified_gmt":"2020-02-17T22:11:58","slug":"vestes-2015","status":"publish","type":"page","link":"http:\/\/nagibel.com\/index.php\/vestes-2015\/","title":{"rendered":"Vestes (2015)"},"content":{"rendered":"\n<p>Fran\u00e7ois nous g\u00e2te et organise l&#8217;achat group\u00e9 de superbes vestes! <\/p>\n\n\n\n<p>L&#8217;\u00e9quipe belge a belle allure..<\/p>\n\n\n\n<figure class=\"wp-block-image\"><img decoding=\"async\" src=\"https:\/\/web.archive.org\/web\/20180904030238im_\/http:\/\/www.nagibel.be\/uploads\/images\/gallery\/11148618_389016107947865_7305019344409463409_n.jpg\" alt=\"\"\/><\/figure>\n\n\n\n<figure class=\"wp-block-image\"><img alt=\"\"\/><\/figure>\n","protected":false},"excerpt":{"rendered":"<p>Fran\u00e7ois nous g\u00e2te et organise l&#8217;achat group\u00e9 de superbes vestes! L&#8217;\u00e9quipe belge a belle allure..<\/p>\n","protected":false},"author":1,"featured_media":0,"parent":0,"menu_order":0,"comment_status":"closed","ping_status":"closed","template":"","meta":[],"_links":{"self":[{"href":"http:\/\/nagibel.com\/index.php\/wp-json\/wp\/v2\/pages\/436"}],"collection":[{"href":"http:\/\/nagibel.com\/index.php\/wp-json\/wp\/v2\/pages"}],"about":[{"href":"http:\/\/nagibel.com\/index.php\/wp-json\/wp\/v2\/types\/page"}],"author":[{"embeddable":true,"href":"http:\/\/nagibel.com\/index.php\/wp-json\/wp\/v2\/users\/1"}],"replies":[{"embeddable":true,"href":"http:\/\/nagibel.com\/index.php\/wp-json\/wp\/v2\/comments?post=436"}],"version-history":[{"count":2,"href":"http:\/\/nagibel.com\/index.php\/wp-json\/wp\/v2\/pages\/436\/revisions"}],"predecessor-version":[{"id":593,"href":"http:\/\/nagibel.com\/index.php\/wp-json\/wp\/v2\/pages\/436\/revisions\/593"}],"wp:attachment":[{"href":"http:\/\/nagibel.com\/index.php\/wp-json\/wp\/v2\/media?parent=436"}],"curies":[{"name":"wp","href":"https:\/\/api.w.org\/{rel}","templated":true}]}}