{"id":434,"date":"2019-10-18T21:47:06","date_gmt":"2019-10-18T19:47:06","guid":{"rendered":"http:\/\/nagibel.com\/?page_id=434"},"modified":"2019-10-18T21:47:07","modified_gmt":"2019-10-18T19:47:07","slug":"soiree-reparation-2013","status":"publish","type":"page","link":"http:\/\/nagibel.com\/index.php\/soiree-reparation-2013\/","title":{"rendered":"Soir\u00e9e r\u00e9paration (2013)"},"content":{"rendered":"\n<p>l fallait bien s&#8217;y coller&#8230;ce mardi 16\/7\/2013, dans la bonne humeur, nous nous sommes mit \u00e0 exhumer le grenier de notre ancienne sensei Fabienne. <\/p>\n\n\n\n<figure class=\"wp-block-image\"><img decoding=\"async\" src=\"https:\/\/web.archive.org\/web\/20180904065726im_\/http:\/\/www.nagibel.be\/uploads\/images\/Evenement\/P1010736.JPG\" alt=\"\"\/><\/figure>\n\n\n\n<p>On y a trouv\u00e9 bien-s\u00fbr pleins de tr\u00e9sors (Des kot\u00e9!!) et des trucs un peu plus \u00e9trange (non mais, qui \u00e0 fait ces choses qui ressembles \u00e0 des naginata?).<\/p>\n\n\n\n<figure class=\"wp-block-image\"><img decoding=\"async\" src=\"https:\/\/web.archive.org\/web\/20180904065726im_\/http:\/\/www.nagibel.be\/uploads\/images\/Evenement\/P1010740.JPG\" alt=\"\"\/><\/figure>\n\n\n\n<p>En tout cas, la rentr\u00e9e promet d&#8217;\u00eatre dr\u00f4le et \u00e9quip\u00e9e!<\/p>\n\n\n\n<p>Merci \u00e0 Pascale de nous avoir accueilli, \u00e0 David, Frans, John, Yolanda, Sophie et Laurence d&#8217;avoir particip\u00e9!<\/p>\n","protected":false},"excerpt":{"rendered":"<p>l fallait bien s&#8217;y coller&#8230;ce mardi 16\/7\/2013, dans la bonne humeur, nous nous sommes mit \u00e0 exhumer le grenier de notre ancienne sensei Fabienne. On y a trouv\u00e9 bien-s\u00fbr pleins de tr\u00e9sors (Des kot\u00e9!!) et des trucs un peu plus <a class=\"more-link\" href=\"http:\/\/nagibel.com\/index.php\/soiree-reparation-2013\/\">Continue reading <span class=\"screen-reader-text\">  Soir\u00e9e r\u00e9paration (2013)<\/span><span class=\"meta-nav\">&rarr;<\/span><\/a><\/p>\n","protected":false},"author":1,"featured_media":0,"parent":0,"menu_order":0,"comment_status":"closed","ping_status":"closed","template":"","meta":[],"_links":{"self":[{"href":"http:\/\/nagibel.com\/index.php\/wp-json\/wp\/v2\/pages\/434"}],"collection":[{"href":"http:\/\/nagibel.com\/index.php\/wp-json\/wp\/v2\/pages"}],"about":[{"href":"http:\/\/nagibel.com\/index.php\/wp-json\/wp\/v2\/types\/page"}],"author":[{"embeddable":true,"href":"http:\/\/nagibel.com\/index.php\/wp-json\/wp\/v2\/users\/1"}],"replies":[{"embeddable":true,"href":"http:\/\/nagibel.com\/index.php\/wp-json\/wp\/v2\/comments?post=434"}],"version-history":[{"count":1,"href":"http:\/\/nagibel.com\/index.php\/wp-json\/wp\/v2\/pages\/434\/revisions"}],"predecessor-version":[{"id":435,"href":"http:\/\/nagibel.com\/index.php\/wp-json\/wp\/v2\/pages\/434\/revisions\/435"}],"wp:attachment":[{"href":"http:\/\/nagibel.com\/index.php\/wp-json\/wp\/v2\/media?parent=434"}],"curies":[{"name":"wp","href":"https:\/\/api.w.org\/{rel}","templated":true}]}}