{"id":422,"date":"2019-10-18T21:30:55","date_gmt":"2019-10-18T19:30:55","guid":{"rendered":"http:\/\/nagibel.com\/?page_id=422"},"modified":"2020-02-17T23:13:48","modified_gmt":"2020-02-17T22:13:48","slug":"10-ans-de-la-fede","status":"publish","type":"page","link":"http:\/\/nagibel.com\/index.php\/10-ans-de-la-fede\/","title":{"rendered":"10 ans de la F\u00e9d\u00e9! (2000)"},"content":{"rendered":"\n<div class=\"is-layout-flow wp-block-group\"><div class=\"wp-block-group__inner-container\">\n<p>10 ans d\u00e9j\u00e0\u2026\u2026 Eh oui, la F\u00e9d\u00e9ration Belge de Naginata f\u00eate son dixi\u00e8me anniversaire. <\/p>\n\n\n\n<p>Dix ans de pratique, de rencontres et de bonheur\u2026Mais notre joie ne pourrait \u00eatre compl\u00e8te si nous ne pouvions la partager avec vous. <\/p>\n\n\n\n<p>Quelle meilleure occasion trouver, pour tous vous convier \u00e0 participer \u00e0 un tournoi amical ?<\/p>\n<\/div><\/div>\n\n\n\n<figure class=\"wp-block-image\"><img decoding=\"async\" src=\"https:\/\/web.archive.org\/web\/20180904054340im_\/http:\/\/www.nagibel.be\/uploads\/images\/Evenement\/nag10ansfed2000f.jpg\" alt=\"\"\/><\/figure>\n\n\n\n<p>C&#8217;est en ces termes que nous avons  invit\u00e9s toutes les f\u00e9d\u00e9rations de naginata \u00e0 venir \u00e0 Bruxelles  participer \u00e0 un grand tournoi. <\/p>\n\n\n\n<p>Et c&#8217;est avec joie que nous avons  constat\u00e9 que toutes les F\u00e9d\u00e9rations europ\u00e9ennes ont r\u00e9pondut \u00e0 notre invitation, le tout parrain\u00e9 par le Japon qui nous envoya un lot de Tenugi \u00e0 l&#8217;\u00e9figie du tournoi. Mr Kondo nous honora \u00e9galement de sa pr\u00e9sence. <\/p>\n\n\n\n<p>Un \u00e9norme travail de promotion du \nnaginata fut r\u00e9alis\u00e9 \u00e0 l&#8217;occasion de ce tournoi dans le but d&#8217;obtenir \ndes subsides de sponsors.<\/p>\n\n\n\n<p> Nous tenons \u00e0 remercier ici tout \nceux qui ont investi en temps et de leur personne afin de mener \u00e0 bien \ncette entreprise. Je pense qu&#8217;ils se reconna\u00eetront. <\/p>\n\n\n\n<figure class=\"wp-block-image\"><img decoding=\"async\" src=\"https:\/\/web.archive.org\/web\/20180904054340im_\/http:\/\/www.nagibel.be\/uploads\/images\/Evenement\/nag10ansfed2000.jpg\" alt=\"\"\/><\/figure>\n\n\n\n<p>R\u00e9sutats:<\/p>\n\n\n\n<p><strong>Tournoi kyu : <\/strong><\/p>\n\n\n\n<ul><li>1.Vandersleyen Philibert (Belgium)<\/li><li>2.Dermine Fran\u00e7ois (Belgium)<\/li><li>3.Dermine Nicolas (Belgium)<\/li><\/ul>\n\n\n\n<p><strong>Tournoi dan :<\/strong><\/p>\n\n\n\n<ul><li>1.Swistra Rogier (Netherlands)<\/li><li>2.Vandersleyen Philibert (Belgium)<\/li><li>3.Thuy Pham (France)<\/li><\/ul>\n\n\n\n<figure class=\"wp-block-image\"><img decoding=\"async\" src=\"https:\/\/web.archive.org\/web\/20180904054340im_\/http:\/\/www.nagibel.be\/uploads\/images\/Evenement\/photo con nagi.jpg\" alt=\"\"\/><\/figure>\n","protected":false},"excerpt":{"rendered":"<p>10 ans d\u00e9j\u00e0\u2026\u2026 Eh oui, la F\u00e9d\u00e9ration Belge de Naginata f\u00eate son dixi\u00e8me anniversaire. Dix ans de pratique, de rencontres et de bonheur\u2026Mais notre joie ne pourrait \u00eatre compl\u00e8te si nous ne pouvions la partager avec vous. Quelle meilleure occasion <a class=\"more-link\" href=\"http:\/\/nagibel.com\/index.php\/10-ans-de-la-fede\/\">Continue reading <span class=\"screen-reader-text\">  10 ans de la F\u00e9d\u00e9! (2000)<\/span><span class=\"meta-nav\">&rarr;<\/span><\/a><\/p>\n","protected":false},"author":1,"featured_media":0,"parent":0,"menu_order":0,"comment_status":"closed","ping_status":"closed","template":"","meta":[],"_links":{"self":[{"href":"http:\/\/nagibel.com\/index.php\/wp-json\/wp\/v2\/pages\/422"}],"collection":[{"href":"http:\/\/nagibel.com\/index.php\/wp-json\/wp\/v2\/pages"}],"about":[{"href":"http:\/\/nagibel.com\/index.php\/wp-json\/wp\/v2\/types\/page"}],"author":[{"embeddable":true,"href":"http:\/\/nagibel.com\/index.php\/wp-json\/wp\/v2\/users\/1"}],"replies":[{"embeddable":true,"href":"http:\/\/nagibel.com\/index.php\/wp-json\/wp\/v2\/comments?post=422"}],"version-history":[{"count":2,"href":"http:\/\/nagibel.com\/index.php\/wp-json\/wp\/v2\/pages\/422\/revisions"}],"predecessor-version":[{"id":594,"href":"http:\/\/nagibel.com\/index.php\/wp-json\/wp\/v2\/pages\/422\/revisions\/594"}],"wp:attachment":[{"href":"http:\/\/nagibel.com\/index.php\/wp-json\/wp\/v2\/media?parent=422"}],"curies":[{"name":"wp","href":"https:\/\/api.w.org\/{rel}","templated":true}]}}