{"id":395,"date":"2019-09-02T20:27:41","date_gmt":"2019-09-02T18:27:41","guid":{"rendered":"http:\/\/nagibel.com\/?page_id=395"},"modified":"2019-09-02T20:27:41","modified_gmt":"2019-09-02T18:27:41","slug":"comme-si-vous-y-etiez-open-cup-2005","status":"publish","type":"page","link":"http:\/\/nagibel.com\/index.php\/comme-si-vous-y-etiez-open-cup-2005\/","title":{"rendered":"Comme si vous y \u00e9tiez..Open Cup 2005"},"content":{"rendered":"\n<p>Naginata.be Open Cup 2005 <\/p>\n\n\n\n<div class=\"wp-block-image\"><figure class=\"aligncenter\"><img decoding=\"async\" src=\"https:\/\/web.archive.org\/web\/20180904040312im_\/http:\/\/www.nagibel.be\/uploads\/images\/compet\/annonce.jpg\" alt=\"\"\/><\/figure><\/div>\n\n\n\n<p>Pour la premi\u00e8re \u00e9dition de cette comp\u00e9tition organis\u00e9e par le club de Hoeilaart de Charlotte et Philibert  Vandersleyen, ce fut une totale r\u00e9ussite\u00a0: tr\u00e8s bonne ambiance, bonne organisation et bien entendu, du bon naginata\u00a0!<\/p>\n\n\n\n<p>Nous ne pouvions laisser passer une  telle occasion et avions d\u00e9cid\u00e9 d\u2019y envoyer un petit comit\u00e9 \u2026  C\u2019est  ainsi que nos vieux briscards de comp\u00e9tition comme les fr\u00e8res Dermine ou  Yves emmen\u00e8rent les jeunes loups qu\u2019\u00e9taient Arnaud, Benjamin, Pascale,  Christophe L. (surnomm\u00e9 \u00ab\u00a0Blue\u00a0\u00bb ou \u00ab\u00a0Dark\u00a0\u00bb mais qui \u00e9tait en blanc pour l\u2019occasion) et Tim pour leur premi\u00e8re comp\u00e9tition. <\/p>\n\n\n\n<p>Comme souvent quelques supporters nous accompagnaient, comme Marianne ou Aline et C\u00e9dric venu soutenir la famille et les amis.<\/p>\n\n\n\n<p>Arriv\u00e9s au centre sportif, la  premi\u00e8re surprise consiste en l\u2019\u00e9tonnant dispositif mis en place pour  couvrir l\u2019\u00e9v\u00e8nement\u00a0: trois ordinateurs sont branch\u00e9s dans la salle, deux reli\u00e9s \u00e0 des cam\u00e9ras dans deux coins du shiaij\u00f4 et un \u00e0 la table  d\u2019arbitrage. Enfin, de grands panneaux annoncent les rencontres \u00e0 venir.  <\/p>\n\n\n\n<p>Concernant le d\u00e9roulement de la comp\u00e9tition, on pouvait noter des innovations int\u00e9ressantes comme le engi random et le shiai team random\u00a0: dans les deux cas, les paires (pour le engi) et les \u00e9quipes (pour le shiai team) \u00e9taient compos\u00e9es par les organisateurs qui avaient d\u00e9cid\u00e9 de placer dans les paires les  moins avanc\u00e9s avec les plus avanc\u00e9s et dans les \u00e9quipes des participants  de tous grades. <\/p>\n\n\n\n<p>Peut-\u00eatre que les groupes compos\u00e9s de deux personnes d\u2019un niveau relativement proche \u00e9taient avantag\u00e9es en engi random, mais le classement tend \u00e0 infirmer cette hypoth\u00e8se.<\/p>\n\n\n\n<p> Enfin, on pouvait noter la pr\u00e9sence d\u2019une cat\u00e9gorie junior dans laquelle se sont affront\u00e9s Arnaud et  Benjamin, sans oublier Niels du club de Hoeilaart qui ne s\u2019est pas  laiss\u00e9 faire.<\/p>\n\n\n\n<p> On pouvait sentir la tension due au bapt\u00eame du feu et m\u00eame si les d\u00e9buts furent difficiles, ils ont quand  m\u00eame montr\u00e9 que dans quelques ann\u00e9es, le naginata belge ne sera pas en  manque de jeunes talents. <\/p>\n\n\n\n<p>Les comp\u00e9titions techniques ont donn\u00e9 l\u2019occasion \u00e0 la d\u00e9l\u00e9gation hollandaise de confirmer que son naginata  \u00e9tait de haut niveau en remportant les deux premi\u00e8res places de la  comp\u00e9tition technique kyu. <\/p>\n\n\n\n<p>Mais la d\u00e9l\u00e9gation allemande, avide de prouver que son jeune naginata \u00e9tait prometteur, r\u00e9ussit \u00e0 hisser plusieurs de ses membres dans les premi\u00e8res places de la comp\u00e9tition technique random. <\/p>\n\n\n\n<p>Avant les comp\u00e9titions de combat, tout le monde profita de la pause repas pour reprendre des forces.<\/p>\n\n\n\n<p> Les comp\u00e9titions de combat offrirent de bonnes surprises \u00e0 notre club\u00a0: Pascale et Christophe \u00e9taient  compl\u00e8tement d\u00e9cha\u00een\u00e9s et nous offrirent un festival de sune \u00e9clairs  auquel ils ne nous avaient pas pr\u00e9par\u00e9s aux entra\u00eenements.<\/p>\n\n\n\n<p> Les 4 membres du club \u00e9taient chacun dans une pool diff\u00e9rente et ils r\u00e9ussirent tous \u00e0 passer le premier tour.<\/p>\n\n\n\n<p> Pascale ne s\u2019inclina qu\u2019en  demi-finale et ensuite lors de la petite finale, tandis que Yves se tra\u00e7a un chemin clair vers la finale lors de laquelle il perdit ses deux  seuls points de la comp\u00e9tition, lui \u00f4tant ainsi la premi\u00e8re marche du  podium. <\/p>\n\n\n\n<p>La comp\u00e9tition combat des y\u00fbdansha (pratiquants ayant atteint les grades de dan) \u00e9taient plus restreinte  avec seulement six combattants, dont la terrible paire form\u00e9e par Tyl et  Fran\u00e7ois. Le hasard leur avait heureusement \u00e9pargn\u00e9 une rencontre trop  pr\u00e9coce, mais une d\u00e9faite de Fran\u00e7ois dans sa pool, probablement due \u00e0  une prise de risques excessive, les fit se rencontrer en demi-finale.<\/p>\n\n\n\n<p> De plus, c\u2019\u00e9tait sans compter sur l\u2019habilet\u00e9 des membres hollandais qui se d\u00e9fendirent \u00e2prement, v\u00e9ritables b\u00eates noires de Fran\u00e7ois, et qui se hiss\u00e8rent aux deuxi\u00e8me et  troisi\u00e8me places tandis que le champion de Belgique r\u00e9affirmait son  statut.<\/p>\n\n\n\n<p> Enfin, la comp\u00e9tition par \u00e9quipe fut  tr\u00e8s d\u00e9tendue et l\u2019occasion pour certains de rencontrer d\u2019autres  combattants issus d\u2019une cat\u00e9gorie diff\u00e9rente ou tout simplement qu\u2019ils n\u2019avaient pas pu rencontrer dans les comp\u00e9titions pr\u00e9c\u00e9dentes. <\/p>\n\n\n\n<p>La comp\u00e9tition fut cl\u00f4tur\u00e9e par la remise des prix et le discours de remerciements huit heures plus tard. <\/p>\n\n\n\n<p>Cette comp\u00e9tition aura \u00e9t\u00e9 une bonne premi\u00e8re pour certains et un rendez-vous sympa pour nos plus grad\u00e9s, lesquels se sont aussi essay\u00e9 \u00e0 l\u2019arbitrage, une t\u00e2che bien difficile,  pour \u00e9pauler les organisateurs et l\u2019arbitre principal, Mr. Andr\u00e9 Raboen.  <\/p>\n\n\n\n<p>Ce dernier a d\u2019ailleurs mis un point d\u2019honneur \u00e0 ce que les r\u00e8gles soient bien respect\u00e9es et \u00e0 expliquer les r\u00e8gles de l\u2019\u00e9tiquette si importante dans le naginata, m\u00eame si le message paraissait quelques fois s\u00e9v\u00e8re. <\/p>\n\n\n\n<p>Bref, une tr\u00e8s bonne comp\u00e9tition dont nous attendons tous la prochaine \u00e9dition avec impatience. <\/p>\n\n\n\n<p>Encore bravo aux organisateurs et aux participants&nbsp;!<\/p>\n\n\n\n<div class=\"wp-block-image\"><figure class=\"aligncenter\"><img decoding=\"async\" src=\"https:\/\/web.archive.org\/web\/20180904040312im_\/http:\/\/www.nagibel.be\/uploads\/images\/compet\/07.jpg\" alt=\"\"\/><\/figure><\/div>\n","protected":false},"excerpt":{"rendered":"<p>Naginata.be Open Cup 2005 Pour la premi\u00e8re \u00e9dition de cette comp\u00e9tition organis\u00e9e par le club de Hoeilaart de Charlotte et Philibert Vandersleyen, ce fut une totale r\u00e9ussite\u00a0: tr\u00e8s bonne ambiance, bonne organisation et bien entendu, du bon naginata\u00a0! Nous ne <a class=\"more-link\" href=\"http:\/\/nagibel.com\/index.php\/comme-si-vous-y-etiez-open-cup-2005\/\">Continue reading <span class=\"screen-reader-text\">  Comme si vous y \u00e9tiez..Open Cup 2005<\/span><span class=\"meta-nav\">&rarr;<\/span><\/a><\/p>\n","protected":false},"author":1,"featured_media":0,"parent":0,"menu_order":0,"comment_status":"closed","ping_status":"closed","template":"","meta":[],"_links":{"self":[{"href":"http:\/\/nagibel.com\/index.php\/wp-json\/wp\/v2\/pages\/395"}],"collection":[{"href":"http:\/\/nagibel.com\/index.php\/wp-json\/wp\/v2\/pages"}],"about":[{"href":"http:\/\/nagibel.com\/index.php\/wp-json\/wp\/v2\/types\/page"}],"author":[{"embeddable":true,"href":"http:\/\/nagibel.com\/index.php\/wp-json\/wp\/v2\/users\/1"}],"replies":[{"embeddable":true,"href":"http:\/\/nagibel.com\/index.php\/wp-json\/wp\/v2\/comments?post=395"}],"version-history":[{"count":1,"href":"http:\/\/nagibel.com\/index.php\/wp-json\/wp\/v2\/pages\/395\/revisions"}],"predecessor-version":[{"id":396,"href":"http:\/\/nagibel.com\/index.php\/wp-json\/wp\/v2\/pages\/395\/revisions\/396"}],"wp:attachment":[{"href":"http:\/\/nagibel.com\/index.php\/wp-json\/wp\/v2\/media?parent=395"}],"curies":[{"name":"wp","href":"https:\/\/api.w.org\/{rel}","templated":true}]}}