{"id":387,"date":"2019-09-02T20:09:31","date_gmt":"2019-09-02T18:09:31","guid":{"rendered":"http:\/\/nagibel.com\/?page_id=387"},"modified":"2023-02-18T22:45:15","modified_gmt":"2023-02-18T21:45:15","slug":"rythmique","status":"publish","type":"page","link":"http:\/\/nagibel.com\/index.php\/rythmique\/","title":{"rendered":"Rythmique"},"content":{"rendered":"\n<p>Le rythmique est une cat\u00e9gorie \u00e0 part dans les championnats de naginata. C&#8217;est l&#8217;occasion de laisser libre court \u00e0 notre imagination, \u00e0 notre inventivit\u00e9.<br><\/p>\n\n\n\n<p><strong>2015<\/strong>: Sur la musique &#8220;Mind Heist&#8221; de Zack Hemsey (Inception)    <\/p>\n\n\n\n<figure class=\"wp-block-embed is-type-video is-provider-youtube wp-block-embed-youtube wp-embed-aspect-16-9 wp-has-aspect-ratio\"><div class=\"wp-block-embed__wrapper\">\n<iframe loading=\"lazy\" title=\"Rythmique Naginata Belgium 2015 - 6th World Championship, Montreal\" width=\"530\" height=\"298\" src=\"https:\/\/www.youtube.com\/embed\/IIijvfXHle4?feature=oembed\" frameborder=\"0\" allow=\"accelerometer; autoplay; clipboard-write; encrypted-media; gyroscope; picture-in-picture; web-share\" allowfullscreen><\/iframe>\n<\/div><\/figure>\n\n\n\n<p><strong>2007<\/strong>: Sur la musique remix\u00e9e de requiem for a dream, notre rythmique gagne la premi\u00e8re place lors des championnats du monde.<\/p>\n\n\n\n<figure class=\"wp-block-embed is-type-video is-provider-youtube wp-block-embed-youtube wp-embed-aspect-4-3 wp-has-aspect-ratio\"><div class=\"wp-block-embed__wrapper\">\n<iframe loading=\"lazy\" title=\"Rythmique 2007 ISA.avi\" width=\"530\" height=\"398\" src=\"https:\/\/www.youtube.com\/embed\/_Us2oV1F2BM?feature=oembed\" frameborder=\"0\" allow=\"accelerometer; autoplay; clipboard-write; encrypted-media; gyroscope; picture-in-picture; web-share\" allowfullscreen><\/iframe>\n<\/div><\/figure>\n\n\n\n<p><strong>2003<\/strong>: \u00c0 l&#8217;occasion des championnats du monde de San Jos\u00e9 (USA)<\/p>\n\n\n\n<figure class=\"wp-block-video\"><video controls src=\"http:\/\/nagibel.com\/wp-content\/uploads\/2023\/02\/Rythmic-1.wmv\"><\/video><\/figure>\n\n\n\n<p><strong>2002:<\/strong> Lors des 4\u00e8me  championnats d&#8217;Europe l\u2019\u00e9quipe belge pr\u00e9senta un rythmique improvis\u00e9 une  semaine avant la manifestation pour honorer Monsieur Kondo et les  senseis japonaises.<\/p>\n\n\n\n<figure class=\"wp-block-embed is-type-video is-provider-youtube wp-block-embed-youtube wp-embed-aspect-4-3 wp-has-aspect-ratio\"><div class=\"wp-block-embed__wrapper\">\n<iframe loading=\"lazy\" title=\"Rythmique 2002.wmv\" width=\"530\" height=\"398\" src=\"https:\/\/www.youtube.com\/embed\/hGfob_UWzzA?feature=oembed\" frameborder=\"0\" allow=\"accelerometer; autoplay; clipboard-write; encrypted-media; gyroscope; picture-in-picture; web-share\" allowfullscreen><\/iframe>\n<\/div><\/figure>\n\n\n\n<p><strong>2001:<\/strong> Lors du 3\u00e8me championnats d&#8217;Europe, sur la musique du film Matrix. <\/p>\n\n\n\n<figure class=\"wp-block-embed is-type-video is-provider-youtube wp-block-embed-youtube wp-embed-aspect-4-3 wp-has-aspect-ratio\"><div class=\"wp-block-embed__wrapper\">\n<iframe loading=\"lazy\" title=\"Rythmique 2001.avi\" width=\"530\" height=\"398\" src=\"https:\/\/www.youtube.com\/embed\/KKYkmQ8-fOk?feature=oembed\" frameborder=\"0\" allow=\"accelerometer; autoplay; clipboard-write; encrypted-media; gyroscope; picture-in-picture; web-share\" allowfullscreen><\/iframe>\n<\/div><\/figure>\n\n\n\n<p><strong>1999: <\/strong>Au championnat\n du monde, le rythmique repr\u00e9sentant la vie, l&#8217;apprentissage et surtout \nla transmission  sur une musique de Wim Mertens. <\/p>\n\n\n\n<figure class=\"wp-block-embed is-type-video is-provider-youtube wp-block-embed-youtube wp-embed-aspect-4-3 wp-has-aspect-ratio\"><div class=\"wp-block-embed__wrapper\">\n<iframe loading=\"lazy\" title=\"Naginata 01\" width=\"530\" height=\"398\" src=\"https:\/\/www.youtube.com\/embed\/US8mcLOnInI?feature=oembed\" frameborder=\"0\" allow=\"accelerometer; autoplay; clipboard-write; encrypted-media; gyroscope; picture-in-picture; web-share\" allowfullscreen><\/iframe>\n<\/div><\/figure>\n\n\n\n<p><strong>1995 <\/strong>&#8220;La panth\u00e8re rose&#8221; \u00e0 eut la 3\u00e8me place au championnat du Monde<\/p>\n\n\n\n<figure class=\"wp-block-embed is-type-video is-provider-youtube wp-block-embed-youtube wp-embed-aspect-4-3 wp-has-aspect-ratio\"><div class=\"wp-block-embed__wrapper\">\n<iframe loading=\"lazy\" title=\"Naginata_02.avi\" width=\"530\" height=\"398\" src=\"https:\/\/www.youtube.com\/embed\/ohB85oY9Q58?feature=oembed\" frameborder=\"0\" allow=\"accelerometer; autoplay; clipboard-write; encrypted-media; gyroscope; picture-in-picture; web-share\" allowfullscreen><\/iframe>\n<\/div><\/figure>\n","protected":false},"excerpt":{"rendered":"<p>Le rythmique est une cat\u00e9gorie \u00e0 part dans les championnats de naginata. C&#8217;est l&#8217;occasion de laisser libre court \u00e0 notre imagination, \u00e0 notre inventivit\u00e9. 2015: Sur la musique &#8220;Mind Heist&#8221; de Zack Hemsey (Inception) 2007: Sur la musique remix\u00e9e de <a class=\"more-link\" href=\"http:\/\/nagibel.com\/index.php\/rythmique\/\">Continue reading <span class=\"screen-reader-text\">  Rythmique<\/span><span class=\"meta-nav\">&rarr;<\/span><\/a><\/p>\n","protected":false},"author":1,"featured_media":0,"parent":0,"menu_order":0,"comment_status":"closed","ping_status":"closed","template":"","meta":[],"_links":{"self":[{"href":"http:\/\/nagibel.com\/index.php\/wp-json\/wp\/v2\/pages\/387"}],"collection":[{"href":"http:\/\/nagibel.com\/index.php\/wp-json\/wp\/v2\/pages"}],"about":[{"href":"http:\/\/nagibel.com\/index.php\/wp-json\/wp\/v2\/types\/page"}],"author":[{"embeddable":true,"href":"http:\/\/nagibel.com\/index.php\/wp-json\/wp\/v2\/users\/1"}],"replies":[{"embeddable":true,"href":"http:\/\/nagibel.com\/index.php\/wp-json\/wp\/v2\/comments?post=387"}],"version-history":[{"count":6,"href":"http:\/\/nagibel.com\/index.php\/wp-json\/wp\/v2\/pages\/387\/revisions"}],"predecessor-version":[{"id":1420,"href":"http:\/\/nagibel.com\/index.php\/wp-json\/wp\/v2\/pages\/387\/revisions\/1420"}],"wp:attachment":[{"href":"http:\/\/nagibel.com\/index.php\/wp-json\/wp\/v2\/media?parent=387"}],"curies":[{"name":"wp","href":"https:\/\/api.w.org\/{rel}","templated":true}]}}