{"id":374,"date":"2019-09-02T17:49:35","date_gmt":"2019-09-02T15:49:35","guid":{"rendered":"http:\/\/nagibel.com\/?page_id=374"},"modified":"2019-09-02T17:49:36","modified_gmt":"2019-09-02T15:49:36","slug":"comme-si-vous-y-etiez-benkei-2015","status":"publish","type":"page","link":"http:\/\/nagibel.com\/index.php\/comme-si-vous-y-etiez-benkei-2015\/","title":{"rendered":"Comme si vous y \u00e9tiez..benkei 2015"},"content":{"rendered":"\n<figure class=\"wp-block-image\"><img decoding=\"async\" src=\"https:\/\/web.archive.org\/web\/20180904062142im_\/http:\/\/www.nagibel.be\/uploads\/images\/compet\/11075296_383843705131772_8617521438875562280_n.jpg\" alt=\"\"\/><\/figure>\n\n\n\n<p>Le dimanche 22 mars la f\u00e9d\u00e9ration  d\u2019Allemagne (DnagB) organisait la 5\u00e8me Benkei cup, une comp\u00e9tition  internationale r\u00e9serv\u00e9e aux combattants kyu, ainsi qu&#8217;un stage anim\u00e9 par Andr\u00e9as Nicol.<\/p>\n\n\n\n<p>C\u2019est une merveilleuse initiative de  la part de la f\u00e9d\u00e9ration allemande de cr\u00e9er ce genre d\u2019\u00e9v\u00e8nement afin de  promouvoir le naginata aupr\u00e8s de combattants d\u2019un niveau moins  \u00e9lev\u00e9s.\u00a0\u00a0\u00a0\u00a0\u00a0\u00a0\u00a0\u00a0\u00a0\u00a0\u00a0\u00a0\u00a0\u00a0\u00a0\u00a0\u00a0\u00a0\u00a0\u00a0\u00a0\u00a0\u00a0\u00a0\u00a0\u00a0\u00a0\u00a0\u00a0\u00a0\u00a0\u00a0\u00a0\u00a0\u00a0\u00a0\u00a0\u00a0\u00a0 <\/p>\n\n\n\n<p>En effet comme notre art martial compte encore peu de pratiquants, les comp\u00e9titions m\u00e9langent encore trop souvent grades et mixit\u00e9 ce qui d\u00e9favorisent trop souvent certaines cat\u00e9gories de participants et formatent d\u2019avance les r\u00e9sultats. <\/p>\n\n\n\n<p>Dimanche le tournoi commen\u00e7a avec un peu de retard car l\u2019\u00e9quipe belge eut un peu de mal \u00e0 rejoindre Leveurkussen et les organisateurs eurent la bont\u00e9  de retarder le d\u00e9but  de l\u2019\u00e9v\u00e8nement en attendant la d\u00e9l\u00e9gation venue du plat pays <em>(et oui&#8230;)<\/em>.<\/p>\n\n\n\n<p>La comp\u00e9tition commen\u00e7a donc avec une heure de retard avec le tournoi engi o\u00f9 les couples devaient  pr\u00e9senter le 5\u00e8me, 2\u00e8me et 1er shikake odji. <\/p>\n\n\n\n<p>Apr\u00e8s une courte pause les combattants entr\u00e8rent en sc\u00e8ne. Deux poules de 4 et 5 combattants. Ce fut parfois tr\u00e8s impressionnant, car kyu ne rime pas forc\u00e9ment avec  inexp\u00e9rience. Il faut savoir que certains oublient parfois de passer des grades, ou laisse passer le temps, ou encore font preuve de beaucoup de talent et de vivacit\u00e9. <\/p>\n\n\n\n<p>Ainsi les champions allemands en titre sont kyu\u00a0!  D\u2019autre part la f\u00e9d\u00e9ration s\u2019est maintenant bien d\u00e9velopp\u00e9e et il compte maintenant pr\u00e8s de 50 membres qui parfois viennent de Berlin pour ce genre d\u2019\u00e9v\u00e8nement (ce qui \u00e9quivaut \u00e0  traverser la France de part en part).<\/p>\n","protected":false},"excerpt":{"rendered":"<p>Le dimanche 22 mars la f\u00e9d\u00e9ration d\u2019Allemagne (DnagB) organisait la 5\u00e8me Benkei cup, une comp\u00e9tition internationale r\u00e9serv\u00e9e aux combattants kyu, ainsi qu&#8217;un stage anim\u00e9 par Andr\u00e9as Nicol. C\u2019est une merveilleuse initiative de la part de la f\u00e9d\u00e9ration allemande de cr\u00e9er <a class=\"more-link\" href=\"http:\/\/nagibel.com\/index.php\/comme-si-vous-y-etiez-benkei-2015\/\">Continue reading <span class=\"screen-reader-text\">  Comme si vous y \u00e9tiez..benkei 2015<\/span><span class=\"meta-nav\">&rarr;<\/span><\/a><\/p>\n","protected":false},"author":1,"featured_media":0,"parent":0,"menu_order":0,"comment_status":"closed","ping_status":"closed","template":"","meta":[],"_links":{"self":[{"href":"http:\/\/nagibel.com\/index.php\/wp-json\/wp\/v2\/pages\/374"}],"collection":[{"href":"http:\/\/nagibel.com\/index.php\/wp-json\/wp\/v2\/pages"}],"about":[{"href":"http:\/\/nagibel.com\/index.php\/wp-json\/wp\/v2\/types\/page"}],"author":[{"embeddable":true,"href":"http:\/\/nagibel.com\/index.php\/wp-json\/wp\/v2\/users\/1"}],"replies":[{"embeddable":true,"href":"http:\/\/nagibel.com\/index.php\/wp-json\/wp\/v2\/comments?post=374"}],"version-history":[{"count":1,"href":"http:\/\/nagibel.com\/index.php\/wp-json\/wp\/v2\/pages\/374\/revisions"}],"predecessor-version":[{"id":375,"href":"http:\/\/nagibel.com\/index.php\/wp-json\/wp\/v2\/pages\/374\/revisions\/375"}],"wp:attachment":[{"href":"http:\/\/nagibel.com\/index.php\/wp-json\/wp\/v2\/media?parent=374"}],"curies":[{"name":"wp","href":"https:\/\/api.w.org\/{rel}","templated":true}]}}