{"id":372,"date":"2019-09-02T17:45:48","date_gmt":"2019-09-02T15:45:48","guid":{"rendered":"http:\/\/nagibel.com\/?page_id=372"},"modified":"2019-09-02T17:45:48","modified_gmt":"2019-09-02T15:45:48","slug":"benkei-cup-2015","status":"publish","type":"page","link":"http:\/\/nagibel.com\/index.php\/benkei-cup-2015\/","title":{"rendered":"Benkei Cup 2015"},"content":{"rendered":"\n<h2>Engi:<\/h2>\n\n\n\n<ul><li> 1\u00e8re place: H\u00e9loise Guyomard &amp; Yolanda Vanneste (For\u00eat de Soignes) <\/li><li>2\u00e8me place: Ivan Kuzminski &amp; Cornelia Izquierdo-Barea (Postsportverein Opladen)<\/li><li> 3\u00e8me place: Oliver Veit &amp; Michael Grunow (Polizeisportverein Mainz) <\/li><\/ul>\n\n\n\n<h2>Shiai: <\/h2>\n\n\n\n<ul><li>1\u00e8re place: Robert Starck (Polizeisportverein Mainz) <\/li><li>2\u00e8me place: Michael Grunow (Polizeisportverein Mainz) <\/li><li>3\u00e8me place: Cornelia Izquierdo-Barea (Postsportverein Opladen) <\/li><li> Kampfgeistpreis\/Fighting spirit: H\u00e9loise Guyomard (For\u00eat de Soignes)<\/li><\/ul>\n\n\n\n<figure class=\"wp-block-image\"><img decoding=\"async\" src=\"https:\/\/web.archive.org\/web\/20180904062142im_\/http:\/\/www.nagibel.be\/uploads\/images\/compet\/11081043_383844201798389_7022144481777695144_n.jpg\" alt=\"\"\/><\/figure>\n","protected":false},"excerpt":{"rendered":"<p>Engi: 1\u00e8re place: H\u00e9loise Guyomard &amp; Yolanda Vanneste (For\u00eat de Soignes) 2\u00e8me place: Ivan Kuzminski &amp; Cornelia Izquierdo-Barea (Postsportverein Opladen) 3\u00e8me place: Oliver Veit &amp; Michael Grunow (Polizeisportverein Mainz) Shiai: 1\u00e8re place: Robert Starck (Polizeisportverein Mainz) 2\u00e8me place: Michael Grunow <a class=\"more-link\" href=\"http:\/\/nagibel.com\/index.php\/benkei-cup-2015\/\">Continue reading <span class=\"screen-reader-text\">  Benkei Cup 2015<\/span><span class=\"meta-nav\">&rarr;<\/span><\/a><\/p>\n","protected":false},"author":1,"featured_media":0,"parent":0,"menu_order":0,"comment_status":"closed","ping_status":"closed","template":"","meta":[],"_links":{"self":[{"href":"http:\/\/nagibel.com\/index.php\/wp-json\/wp\/v2\/pages\/372"}],"collection":[{"href":"http:\/\/nagibel.com\/index.php\/wp-json\/wp\/v2\/pages"}],"about":[{"href":"http:\/\/nagibel.com\/index.php\/wp-json\/wp\/v2\/types\/page"}],"author":[{"embeddable":true,"href":"http:\/\/nagibel.com\/index.php\/wp-json\/wp\/v2\/users\/1"}],"replies":[{"embeddable":true,"href":"http:\/\/nagibel.com\/index.php\/wp-json\/wp\/v2\/comments?post=372"}],"version-history":[{"count":1,"href":"http:\/\/nagibel.com\/index.php\/wp-json\/wp\/v2\/pages\/372\/revisions"}],"predecessor-version":[{"id":373,"href":"http:\/\/nagibel.com\/index.php\/wp-json\/wp\/v2\/pages\/372\/revisions\/373"}],"wp:attachment":[{"href":"http:\/\/nagibel.com\/index.php\/wp-json\/wp\/v2\/media?parent=372"}],"curies":[{"name":"wp","href":"https:\/\/api.w.org\/{rel}","templated":true}]}}