{"id":370,"date":"2019-09-02T17:42:56","date_gmt":"2019-09-02T15:42:56","guid":{"rendered":"http:\/\/nagibel.com\/?page_id=370"},"modified":"2019-09-02T17:42:56","modified_gmt":"2019-09-02T15:42:56","slug":"benkei-cup-2016","status":"publish","type":"page","link":"http:\/\/nagibel.com\/index.php\/benkei-cup-2016\/","title":{"rendered":"Benkei Cup 2016"},"content":{"rendered":"\n<p><strong>Engi: <\/strong><\/p>\n\n\n\n<ul><li>1\u00e8re place: H\u00e9loise Guyomard &amp; Yolanda Vanneste (For\u00eat de Soignes) <\/li><li>2\u00e8me place: Ivan Kuzminski &amp; Cornelia Izquierdo-Barea (Postsportverein Opladen) <\/li><li>3\u00e8me place: Oliver Veit &amp; Michael Grunow (Polizeisportverein Mainz) <\/li><\/ul>\n\n\n\n<p><strong>Shiai: <\/strong><\/p>\n\n\n\n<ul><li>1\u00e8re place: Maxime Simon (For\u00eat de Soignes) <\/li><li>2\u00e8me place: Cornelia Izquierdo-Barea (Postsportverein Opladen) <\/li><li>3\u00e8me place: Ivan Kuzminski (Postsportverein Opladen) <\/li><li>Kampfgeistpreis (fighting spirit): Yolanda Vanneste (For\u00eat de Soignes)<\/li><\/ul>\n","protected":false},"excerpt":{"rendered":"<p>Engi: 1\u00e8re place: H\u00e9loise Guyomard &amp; Yolanda Vanneste (For\u00eat de Soignes) 2\u00e8me place: Ivan Kuzminski &amp; Cornelia Izquierdo-Barea (Postsportverein Opladen) 3\u00e8me place: Oliver Veit &amp; Michael Grunow (Polizeisportverein Mainz) Shiai: 1\u00e8re place: Maxime Simon (For\u00eat de Soignes) 2\u00e8me place: Cornelia <a class=\"more-link\" href=\"http:\/\/nagibel.com\/index.php\/benkei-cup-2016\/\">Continue reading <span class=\"screen-reader-text\">  Benkei Cup 2016<\/span><span class=\"meta-nav\">&rarr;<\/span><\/a><\/p>\n","protected":false},"author":1,"featured_media":0,"parent":0,"menu_order":0,"comment_status":"closed","ping_status":"closed","template":"","meta":[],"_links":{"self":[{"href":"http:\/\/nagibel.com\/index.php\/wp-json\/wp\/v2\/pages\/370"}],"collection":[{"href":"http:\/\/nagibel.com\/index.php\/wp-json\/wp\/v2\/pages"}],"about":[{"href":"http:\/\/nagibel.com\/index.php\/wp-json\/wp\/v2\/types\/page"}],"author":[{"embeddable":true,"href":"http:\/\/nagibel.com\/index.php\/wp-json\/wp\/v2\/users\/1"}],"replies":[{"embeddable":true,"href":"http:\/\/nagibel.com\/index.php\/wp-json\/wp\/v2\/comments?post=370"}],"version-history":[{"count":1,"href":"http:\/\/nagibel.com\/index.php\/wp-json\/wp\/v2\/pages\/370\/revisions"}],"predecessor-version":[{"id":371,"href":"http:\/\/nagibel.com\/index.php\/wp-json\/wp\/v2\/pages\/370\/revisions\/371"}],"wp:attachment":[{"href":"http:\/\/nagibel.com\/index.php\/wp-json\/wp\/v2\/media?parent=370"}],"curies":[{"name":"wp","href":"https:\/\/api.w.org\/{rel}","templated":true}]}}