{"id":368,"date":"2019-09-02T17:39:45","date_gmt":"2019-09-02T15:39:45","guid":{"rendered":"http:\/\/nagibel.com\/?page_id=368"},"modified":"2019-09-02T17:39:46","modified_gmt":"2019-09-02T15:39:46","slug":"benkei-cup-2018","status":"publish","type":"page","link":"http:\/\/nagibel.com\/index.php\/benkei-cup-2018\/","title":{"rendered":"Benkei Cup 2018"},"content":{"rendered":"\n<p>D\u00e9but mars, Dylan, Thomas, L\u00e9on et \nJean-Claude sont partis en Allemagne participer \u00e0 la comp\u00e9tition kyu \nBenkei et sont revenu avec quelques m\u00e9dailles!<\/p>\n\n\n\n<p><strong>Shiai:<\/strong> <\/p>\n\n\n\n<ul><li>1\u00e8re place: Julian Parrino (Universit\u00e4t Mainz) <\/li><li>2\u00e8me place: Thomas Vandenkerckhoven (For\u00eat de Soignes)<\/li><li> 3\u00e8me place: Ivan Kuzminski (Postsportverein Opladen) <\/li><li>Fighting Spirit: Joana Da Silva (Postsportverein Opladen)<\/li><\/ul>\n\n\n\n<p><strong> Engi: <\/strong><\/p>\n\n\n\n<ul><li>1\u00e8re place: Julian Parrino &amp; Ivan Kuzminski (Universit\u00e4t Mainz &amp; Postsportverein Opladen) <\/li><li>2\u00e8me place: Dylan Vellut &amp; Thomas Vandenkerckhoven (For\u00eat de Soignes) <\/li><li>3\u00e8me place: Joana Da Silva &amp; Jens Schorn (Postsportverein Opladen)<\/li><\/ul>\n\n\n\n<figure class=\"wp-block-image\"><img decoding=\"async\" src=\"https:\/\/web.archive.org\/web\/20180904075629im_\/http:\/\/www.nagibel.be\/uploads\/images\/compet\/IMG_6438.JPG\" alt=\"\"\/><\/figure>\n","protected":false},"excerpt":{"rendered":"<p>D\u00e9but mars, Dylan, Thomas, L\u00e9on et Jean-Claude sont partis en Allemagne participer \u00e0 la comp\u00e9tition kyu Benkei et sont revenu avec quelques m\u00e9dailles! Shiai: 1\u00e8re place: Julian Parrino (Universit\u00e4t Mainz) 2\u00e8me place: Thomas Vandenkerckhoven (For\u00eat de Soignes) 3\u00e8me place: Ivan <a class=\"more-link\" href=\"http:\/\/nagibel.com\/index.php\/benkei-cup-2018\/\">Continue reading <span class=\"screen-reader-text\">  Benkei Cup 2018<\/span><span class=\"meta-nav\">&rarr;<\/span><\/a><\/p>\n","protected":false},"author":1,"featured_media":0,"parent":0,"menu_order":0,"comment_status":"closed","ping_status":"closed","template":"","meta":[],"_links":{"self":[{"href":"http:\/\/nagibel.com\/index.php\/wp-json\/wp\/v2\/pages\/368"}],"collection":[{"href":"http:\/\/nagibel.com\/index.php\/wp-json\/wp\/v2\/pages"}],"about":[{"href":"http:\/\/nagibel.com\/index.php\/wp-json\/wp\/v2\/types\/page"}],"author":[{"embeddable":true,"href":"http:\/\/nagibel.com\/index.php\/wp-json\/wp\/v2\/users\/1"}],"replies":[{"embeddable":true,"href":"http:\/\/nagibel.com\/index.php\/wp-json\/wp\/v2\/comments?post=368"}],"version-history":[{"count":1,"href":"http:\/\/nagibel.com\/index.php\/wp-json\/wp\/v2\/pages\/368\/revisions"}],"predecessor-version":[{"id":369,"href":"http:\/\/nagibel.com\/index.php\/wp-json\/wp\/v2\/pages\/368\/revisions\/369"}],"wp:attachment":[{"href":"http:\/\/nagibel.com\/index.php\/wp-json\/wp\/v2\/media?parent=368"}],"curies":[{"name":"wp","href":"https:\/\/api.w.org\/{rel}","templated":true}]}}