{"id":360,"date":"2019-09-02T17:30:39","date_gmt":"2019-09-02T15:30:39","guid":{"rendered":"http:\/\/nagibel.com\/?page_id=360"},"modified":"2019-09-02T17:30:40","modified_gmt":"2019-09-02T15:30:40","slug":"coupe-isabelle-dhose-2015","status":"publish","type":"page","link":"http:\/\/nagibel.com\/index.php\/coupe-isabelle-dhose-2015\/","title":{"rendered":"Coupe Isabelle d&#8217;Hose 2015"},"content":{"rendered":"\n<h2>Kyu: <\/h2>\n\n\n\n<ul><li>1\u00e8re place: Marie-Luise G\u00f6bel (Allemagne) <\/li><li>2\u00e8me place: Ivan Kuzminski (Allemagne) <\/li><li>3\u00e8me place: Charlotte Wang (Hollande) <\/li><\/ul>\n\n\n\n<h2>Dan: <\/h2>\n\n\n\n<ul><li>1\u00e8re place: Tyl Dermine (Belgique) <\/li><li>2\u00e8me place: Charlotte Vandersleyen (Belgique) <\/li><li>3\u00e8me place: Lo\u00efc Delalande (France)<\/li><\/ul>\n\n\n\n<figure class=\"wp-block-image\"><img decoding=\"async\" src=\"https:\/\/web.archive.org\/web\/20180904030000im_\/http:\/\/www.nagibel.be\/uploads\/images\/compet\/afficheisa cup 2015.jpg\" alt=\"\"\/><\/figure>\n","protected":false},"excerpt":{"rendered":"<p>Kyu: 1\u00e8re place: Marie-Luise G\u00f6bel (Allemagne) 2\u00e8me place: Ivan Kuzminski (Allemagne) 3\u00e8me place: Charlotte Wang (Hollande) Dan: 1\u00e8re place: Tyl Dermine (Belgique) 2\u00e8me place: Charlotte Vandersleyen (Belgique) 3\u00e8me place: Lo\u00efc Delalande (France)<\/p>\n","protected":false},"author":1,"featured_media":0,"parent":0,"menu_order":0,"comment_status":"closed","ping_status":"closed","template":"","meta":[],"_links":{"self":[{"href":"http:\/\/nagibel.com\/index.php\/wp-json\/wp\/v2\/pages\/360"}],"collection":[{"href":"http:\/\/nagibel.com\/index.php\/wp-json\/wp\/v2\/pages"}],"about":[{"href":"http:\/\/nagibel.com\/index.php\/wp-json\/wp\/v2\/types\/page"}],"author":[{"embeddable":true,"href":"http:\/\/nagibel.com\/index.php\/wp-json\/wp\/v2\/users\/1"}],"replies":[{"embeddable":true,"href":"http:\/\/nagibel.com\/index.php\/wp-json\/wp\/v2\/comments?post=360"}],"version-history":[{"count":1,"href":"http:\/\/nagibel.com\/index.php\/wp-json\/wp\/v2\/pages\/360\/revisions"}],"predecessor-version":[{"id":361,"href":"http:\/\/nagibel.com\/index.php\/wp-json\/wp\/v2\/pages\/360\/revisions\/361"}],"wp:attachment":[{"href":"http:\/\/nagibel.com\/index.php\/wp-json\/wp\/v2\/media?parent=360"}],"curies":[{"name":"wp","href":"https:\/\/api.w.org\/{rel}","templated":true}]}}