{"id":356,"date":"2019-09-02T17:25:12","date_gmt":"2019-09-02T15:25:12","guid":{"rendered":"http:\/\/nagibel.com\/?page_id=356"},"modified":"2019-09-02T17:25:12","modified_gmt":"2019-09-02T15:25:12","slug":"coupe-isabelle-dhose-2011","status":"publish","type":"page","link":"http:\/\/nagibel.com\/index.php\/coupe-isabelle-dhose-2011\/","title":{"rendered":"Coupe Isabelle d&#8217;Hose 2011"},"content":{"rendered":"\n<p><strong>Les Creative Kata:<br><\/strong><\/p>\n\n\n\n<ul><li>1\u00e8re: Philibert et Chlo\u00e9e<\/li><li>2\u00e8me: Jonathan et Nada<\/li><li>3\u00e8me: Tyl et Sacha.<\/li><li>Bravo aussi \u00e0 Fran\u00e7ois et Fanny, Laurence et Huges, David et Samy, Tim et David L. et Pascale et Thomas.<\/li><\/ul>\n\n\n\n<p><strong>R\u00e9sultats Shiai:<\/strong><\/p>\n\n\n\n<ul><li>1\u00e8re place: Tyl<\/li><li>2\u00e8me place: Fran\u00e7ois<\/li><li>3\u00e8me place: David<\/li><li>4\u00e8me place: Jonathan<\/li><li>Fighting spirite: Sacha.<\/li><\/ul>\n","protected":false},"excerpt":{"rendered":"<p>Les Creative Kata: 1\u00e8re: Philibert et Chlo\u00e9e 2\u00e8me: Jonathan et Nada 3\u00e8me: Tyl et Sacha. Bravo aussi \u00e0 Fran\u00e7ois et Fanny, Laurence et Huges, David et Samy, Tim et David L. et Pascale et Thomas. R\u00e9sultats Shiai: 1\u00e8re place: Tyl <a class=\"more-link\" href=\"http:\/\/nagibel.com\/index.php\/coupe-isabelle-dhose-2011\/\">Continue reading <span class=\"screen-reader-text\">  Coupe Isabelle d&#8217;Hose 2011<\/span><span class=\"meta-nav\">&rarr;<\/span><\/a><\/p>\n","protected":false},"author":1,"featured_media":0,"parent":0,"menu_order":0,"comment_status":"closed","ping_status":"closed","template":"","meta":[],"_links":{"self":[{"href":"http:\/\/nagibel.com\/index.php\/wp-json\/wp\/v2\/pages\/356"}],"collection":[{"href":"http:\/\/nagibel.com\/index.php\/wp-json\/wp\/v2\/pages"}],"about":[{"href":"http:\/\/nagibel.com\/index.php\/wp-json\/wp\/v2\/types\/page"}],"author":[{"embeddable":true,"href":"http:\/\/nagibel.com\/index.php\/wp-json\/wp\/v2\/users\/1"}],"replies":[{"embeddable":true,"href":"http:\/\/nagibel.com\/index.php\/wp-json\/wp\/v2\/comments?post=356"}],"version-history":[{"count":1,"href":"http:\/\/nagibel.com\/index.php\/wp-json\/wp\/v2\/pages\/356\/revisions"}],"predecessor-version":[{"id":357,"href":"http:\/\/nagibel.com\/index.php\/wp-json\/wp\/v2\/pages\/356\/revisions\/357"}],"wp:attachment":[{"href":"http:\/\/nagibel.com\/index.php\/wp-json\/wp\/v2\/media?parent=356"}],"curies":[{"name":"wp","href":"https:\/\/api.w.org\/{rel}","templated":true}]}}