{"id":354,"date":"2019-09-02T17:21:23","date_gmt":"2019-09-02T15:21:23","guid":{"rendered":"http:\/\/nagibel.com\/?page_id=354"},"modified":"2019-09-02T17:21:23","modified_gmt":"2019-09-02T15:21:23","slug":"coupe-isabelle-dhose-2010","status":"publish","type":"page","link":"http:\/\/nagibel.com\/index.php\/coupe-isabelle-dhose-2010\/","title":{"rendered":"Coupe Isabelle d&#8217;Hose 2010"},"content":{"rendered":"\n<figure class=\"wp-block-image\"><img decoding=\"async\" src=\"https:\/\/web.archive.org\/web\/20180904025544im_\/http:\/\/www.nagibel.be\/uploads\/images\/historique\/215704_10150224233013455_531118454_8853054_4791671_n.jpg\" alt=\"\"\/><\/figure>\n\n\n\n<p>Pour cette premi\u00e8re \u00e9dition de la coupe Isabelle D&#8217;Hose, Nathalie Boulanger nous a fait le plaisir d&#8217;ouvrir le championnat.<\/p>\n\n\n\n<p><strong>Shiai:<\/strong><\/p>\n\n\n\n<ul><li>1\u00e8re place: Ty <\/li><li>2\u00e8me place: Fran\u00e7ois <\/li><li>3\u00e8me place: Romain Bougl\u00e9 <\/li><li> Fighting spirit : Hughes Jeangerard <\/li><\/ul>\n\n\n\n<p><strong>Kata  : <\/strong><\/p>\n\n\n\n<ul><li>1\u00e8re place:  Tyl\u00a0 &#8211;  Hughes <\/li><li>2\u00e8me place:\u00a0 Frans\u00a0 &#8211;  Pieter Gerritsen <\/li><li>3\u00e8me place:\u00a0 Jonathan Demeayer &#8211;  Romain Bougl\u00e9<\/li><\/ul>\n","protected":false},"excerpt":{"rendered":"<p>Pour cette premi\u00e8re \u00e9dition de la coupe Isabelle D&#8217;Hose, Nathalie Boulanger nous a fait le plaisir d&#8217;ouvrir le championnat. Shiai: 1\u00e8re place: Ty 2\u00e8me place: Fran\u00e7ois 3\u00e8me place: Romain Bougl\u00e9 Fighting spirit : Hughes Jeangerard Kata : 1\u00e8re place: Tyl\u00a0 <a class=\"more-link\" href=\"http:\/\/nagibel.com\/index.php\/coupe-isabelle-dhose-2010\/\">Continue reading <span class=\"screen-reader-text\">  Coupe Isabelle d&#8217;Hose 2010<\/span><span class=\"meta-nav\">&rarr;<\/span><\/a><\/p>\n","protected":false},"author":1,"featured_media":0,"parent":0,"menu_order":0,"comment_status":"closed","ping_status":"closed","template":"","meta":[],"_links":{"self":[{"href":"http:\/\/nagibel.com\/index.php\/wp-json\/wp\/v2\/pages\/354"}],"collection":[{"href":"http:\/\/nagibel.com\/index.php\/wp-json\/wp\/v2\/pages"}],"about":[{"href":"http:\/\/nagibel.com\/index.php\/wp-json\/wp\/v2\/types\/page"}],"author":[{"embeddable":true,"href":"http:\/\/nagibel.com\/index.php\/wp-json\/wp\/v2\/users\/1"}],"replies":[{"embeddable":true,"href":"http:\/\/nagibel.com\/index.php\/wp-json\/wp\/v2\/comments?post=354"}],"version-history":[{"count":1,"href":"http:\/\/nagibel.com\/index.php\/wp-json\/wp\/v2\/pages\/354\/revisions"}],"predecessor-version":[{"id":355,"href":"http:\/\/nagibel.com\/index.php\/wp-json\/wp\/v2\/pages\/354\/revisions\/355"}],"wp:attachment":[{"href":"http:\/\/nagibel.com\/index.php\/wp-json\/wp\/v2\/media?parent=354"}],"curies":[{"name":"wp","href":"https:\/\/api.w.org\/{rel}","templated":true}]}}