{"id":352,"date":"2019-09-02T17:18:28","date_gmt":"2019-09-02T15:18:28","guid":{"rendered":"http:\/\/nagibel.com\/?page_id=352"},"modified":"2019-09-02T17:18:28","modified_gmt":"2019-09-02T15:18:28","slug":"comme-si-vous-y-etiez-isabelle-2010","status":"publish","type":"page","link":"http:\/\/nagibel.com\/index.php\/comme-si-vous-y-etiez-isabelle-2010\/","title":{"rendered":"Comme si vous y \u00e9tiez..Isabelle 2010"},"content":{"rendered":"\n<table class=\"wp-block-table\"><tbody><tr><td> <br>&#8220;Merci  \u00e0 tous ceux qui y contribuent: les arbitres, les teneurs de table, les  traceurs de shia\u00ef-jo, les d\u00e9m\u00e9nageurs, les organisateurs, les  spectateurs, sans oublier, bien sur..les comp\u00e9titeurs. Merci aussi \u00e0 Isabelle qui nous r\u00e9unit pour cet \u00e9v\u00e8nement. Il y a dans le zen une pratique qui  consiste \u00e0 offrir une m\u00e9ditation ou des moments de pleine conscience \u00e0  quelqu&#8217;un que l&#8217;on aime, de ce c\u00f4t\u00e9-ci ou de l&#8217;autre c\u00f4t\u00e9 de la vie. J&#8217;ai pratiqu\u00e9 cela pour Isabelle, lui  offrant des moments de ma vie: le chant d&#8217;un oiseau, la caresse du  vent, le sourire d&#8217;un inconnu crois\u00e9 au hasard du chemin, ce texte que  je suis en train d&#8217;\u00e9crire&#8230; En retour, j&#8217;ai souvent eu  l&#8217;impression de recevoir quelque chose d&#8217;infiniment doux et pr\u00e9cieux. Il  m&#8217;est arriv\u00e9 de ne plus savoir si c&#8217;\u00e9tait moi qui lui offrais ces  moments ou si c&#8217;\u00e9tait elle qui m&#8217;en faisait le cadeau. Aujourd&#8217;hui, nous lui d\u00e9dions cette  Coupe qui porte son nom et en m\u00eame temps, c&#8217;est elle qui nous offre  cette occasion de nous rencontrer et de pratiquer ensemble.  Nos pens\u00e9es vont aussi vers le peuple  du Japon, pays d&#8217;origine de notre art martial, confront\u00e9 en ce moment  m\u00eame \u00e0 une catastrophe humaine et \u00e9cologique de grande ampleur. Pour Isabelle, pour eux, pour nous, puissions-nous donner et recevoir le meilleur de nous-m\u00eame. Amicalement,  Fabienne<br><\/td><\/tr><\/tbody><\/table>\n","protected":false},"excerpt":{"rendered":"<p>&#8220;Merci \u00e0 tous ceux qui y contribuent: les arbitres, les teneurs de table, les traceurs de shia\u00ef-jo, les d\u00e9m\u00e9nageurs, les organisateurs, les spectateurs, sans oublier, bien sur..les comp\u00e9titeurs. Merci aussi \u00e0 Isabelle qui nous r\u00e9unit pour cet \u00e9v\u00e8nement. Il y <a class=\"more-link\" href=\"http:\/\/nagibel.com\/index.php\/comme-si-vous-y-etiez-isabelle-2010\/\">Continue reading <span class=\"screen-reader-text\">  Comme si vous y \u00e9tiez..Isabelle 2010<\/span><span class=\"meta-nav\">&rarr;<\/span><\/a><\/p>\n","protected":false},"author":1,"featured_media":0,"parent":0,"menu_order":0,"comment_status":"closed","ping_status":"closed","template":"","meta":[],"_links":{"self":[{"href":"http:\/\/nagibel.com\/index.php\/wp-json\/wp\/v2\/pages\/352"}],"collection":[{"href":"http:\/\/nagibel.com\/index.php\/wp-json\/wp\/v2\/pages"}],"about":[{"href":"http:\/\/nagibel.com\/index.php\/wp-json\/wp\/v2\/types\/page"}],"author":[{"embeddable":true,"href":"http:\/\/nagibel.com\/index.php\/wp-json\/wp\/v2\/users\/1"}],"replies":[{"embeddable":true,"href":"http:\/\/nagibel.com\/index.php\/wp-json\/wp\/v2\/comments?post=352"}],"version-history":[{"count":1,"href":"http:\/\/nagibel.com\/index.php\/wp-json\/wp\/v2\/pages\/352\/revisions"}],"predecessor-version":[{"id":353,"href":"http:\/\/nagibel.com\/index.php\/wp-json\/wp\/v2\/pages\/352\/revisions\/353"}],"wp:attachment":[{"href":"http:\/\/nagibel.com\/index.php\/wp-json\/wp\/v2\/media?parent=352"}],"curies":[{"name":"wp","href":"https:\/\/api.w.org\/{rel}","templated":true}]}}