{"id":329,"date":"2019-09-01T18:31:09","date_gmt":"2019-09-01T16:31:09","guid":{"rendered":"http:\/\/nagibel.com\/?page_id=329"},"modified":"2019-09-01T18:31:09","modified_gmt":"2019-09-01T16:31:09","slug":"championnat-deurope-2014","status":"publish","type":"page","link":"http:\/\/nagibel.com\/index.php\/championnat-deurope-2014\/","title":{"rendered":"Championnat d&#8217;Europe 2014"},"content":{"rendered":"\n<p>R\u00e9sultats du Championnat d&#8217;Europe 2014 (UK):<\/p>\n\n\n\n<figure class=\"wp-block-image\"><img decoding=\"async\" src=\"https:\/\/web.archive.org\/web\/20180904071607im_\/http:\/\/www.nagibel.be\/uploads\/images\/compet\/603700_795940983801392_1588381084650660648_n.jpg\" alt=\"\"\/><\/figure>\n\n\n\n<h2><strong>Engi:<\/strong><\/h2>\n\n\n\n<ul><li>1\u00e8re place: Tyl et Fran\u00e7ois Dermine (Belgique)<\/li><li>2\u00e8me place: Laurence Dumonceau et Jonathan d&#8217;Hose (Belgique)<\/li><li>3\u00e8me place: Faye et Axel Noorman  (Hollande)<\/li><\/ul>\n\n\n\n<h2><strong>Individuel Homme:<\/strong><\/h2>\n\n\n\n<ul><li>1\u00e8re place: Fran\u00e7ois Dermine (Belgique)<\/li><li>2\u00e8me place; Jonathan d&#8217;Hose (Belgique)<\/li><li>3\u00e8me place: Tyl Dermine (Belgique)<\/li><\/ul>\n\n\n\n<h2><strong>Equipe Homme:<\/strong><\/h2>\n\n\n\n<ul><li>1\u00e8re place: Belgique<\/li><li>2\u00e8me place: France<\/li><li>3\u00e8me place: Hollande<\/li><\/ul>\n\n\n\n<h2><strong>Individuel Femme:<\/strong><\/h2>\n\n\n\n<ul><li>1\u00e8re place: Chlo\u00e9e Bellec (France)<\/li><li>2\u00e8me place: Laurence Dumonceau (Belgique)<\/li><li>3\u00e8me place: Charlotte Vandersleyen (Belgique)<\/li><\/ul>\n\n\n\n<h2><strong>Equipe Femme:<\/strong><\/h2>\n\n\n\n<ul><li>1\u00e8re place: France<\/li><li>2\u00e8me place: Belgique<\/li><li>3\u00e8me place: Su\u00e8de<\/li><\/ul>\n\n\n\n<h2>                                        <strong>Goodwill: <\/strong><\/h2>\n\n\n\n<h2><strong>Kyu:<\/strong><\/h2>\n\n\n\n<ul><li>1\u00e8re place: Maxime Simon (Belgique)<\/li><li>2\u00e8me place: Emmanuel Semiao(France)<\/li><li>3\u00e8me place: Emma Deutekom (Hollande)<\/li><\/ul>\n\n\n\n<h2><strong>Dan:<\/strong><\/h2>\n\n\n\n<ul><li>1\u00e8re place: Dennis Heilscher (Allemagne)<\/li><li>2\u00e8me place: Thibaud Bouard (France)<\/li><li>3\u00e8me place: Peter Strandarv (Su\u00e8de)<\/li><\/ul>\n\n\n\n<figure class=\"wp-block-image\"><img decoding=\"async\" src=\"https:\/\/web.archive.org\/web\/20180904071607im_\/http:\/\/www.nagibel.be\/uploads\/images\/compet\/10672380_329308107251999_5732858440526194225_n.jpg\" alt=\"\"\/><\/figure>\n","protected":false},"excerpt":{"rendered":"<p>R\u00e9sultats du Championnat d&#8217;Europe 2014 (UK): Engi: 1\u00e8re place: Tyl et Fran\u00e7ois Dermine (Belgique) 2\u00e8me place: Laurence Dumonceau et Jonathan d&#8217;Hose (Belgique) 3\u00e8me place: Faye et Axel Noorman (Hollande) Individuel Homme: 1\u00e8re place: Fran\u00e7ois Dermine (Belgique) 2\u00e8me place; Jonathan d&#8217;Hose <a class=\"more-link\" href=\"http:\/\/nagibel.com\/index.php\/championnat-deurope-2014\/\">Continue reading <span class=\"screen-reader-text\">  Championnat d&#8217;Europe 2014<\/span><span class=\"meta-nav\">&rarr;<\/span><\/a><\/p>\n","protected":false},"author":1,"featured_media":0,"parent":0,"menu_order":0,"comment_status":"closed","ping_status":"closed","template":"","meta":[],"_links":{"self":[{"href":"http:\/\/nagibel.com\/index.php\/wp-json\/wp\/v2\/pages\/329"}],"collection":[{"href":"http:\/\/nagibel.com\/index.php\/wp-json\/wp\/v2\/pages"}],"about":[{"href":"http:\/\/nagibel.com\/index.php\/wp-json\/wp\/v2\/types\/page"}],"author":[{"embeddable":true,"href":"http:\/\/nagibel.com\/index.php\/wp-json\/wp\/v2\/users\/1"}],"replies":[{"embeddable":true,"href":"http:\/\/nagibel.com\/index.php\/wp-json\/wp\/v2\/comments?post=329"}],"version-history":[{"count":1,"href":"http:\/\/nagibel.com\/index.php\/wp-json\/wp\/v2\/pages\/329\/revisions"}],"predecessor-version":[{"id":330,"href":"http:\/\/nagibel.com\/index.php\/wp-json\/wp\/v2\/pages\/329\/revisions\/330"}],"wp:attachment":[{"href":"http:\/\/nagibel.com\/index.php\/wp-json\/wp\/v2\/media?parent=329"}],"curies":[{"name":"wp","href":"https:\/\/api.w.org\/{rel}","templated":true}]}}