{"id":325,"date":"2019-09-01T18:21:05","date_gmt":"2019-09-01T16:21:05","guid":{"rendered":"http:\/\/nagibel.com\/?page_id=325"},"modified":"2019-09-01T18:21:06","modified_gmt":"2019-09-01T16:21:06","slug":"championnat-deurope-2010","status":"publish","type":"page","link":"http:\/\/nagibel.com\/index.php\/championnat-deurope-2010\/","title":{"rendered":"Championnat d&#8217;Europe 2010"},"content":{"rendered":"\n<p>Le 6 novembre 2010, On eut lieu le 7\u00e8me championnat d&#8217;Europe. En voici les r\u00e9sultats:<\/p>\n\n\n\n<h2><strong>Engi:<\/strong><\/h2>\n\n\n\n<ul><li>1\u00e8re place: Chlo\u00e9 Bellec et Hugues Jeangerard (France)<\/li><li>2\u00e8me place: Loic Delalande et Dominique Pouchard (France)<\/li><li>3\u00e8me place: Axel Noorman et Stijn Van Drongelen (Hollande)<\/li><\/ul>\n\n\n\n<h2><strong>Individuel Femme:<\/strong><\/h2>\n\n\n\n<ul><li>1\u00e8re place: Chlo\u00e9e Bellec (France)<\/li><li>2\u00e8me place: Simona Machacova (R\u00e9publique Tch\u00e8que)<\/li><li>3\u00e8me place: In\u00e8s Lose (Allemagne)<\/li><\/ul>\n\n\n\n<h2><strong>Individuel Homme:<\/strong><\/h2>\n\n\n\n<ul><li>1\u00e8re place: Tyl Dermine (Belgique)<\/li><li>2\u00e8me place: Fran\u00e7ois Dermine (Belgique)<\/li><li>3\u00e8me place: Gilles Spoo (Belgique)<\/li><\/ul>\n\n\n\n<h2><strong>Combat \u00e9quipe:<\/strong><\/h2>\n\n\n\n<ul><li>1\u00e8re place: Belgique<\/li><li>2\u00e8me place: France<\/li><li>3\u00e8me place: R\u00e9publique Tch\u00e8que<\/li><\/ul>\n\n\n\n<h2><strong>Goodwill:<\/strong><\/h2>\n\n\n\n<ul><li>1\u00e8re place: Jean-Louis Moulin (France)<\/li><li>2\u00e8me place: Tim Wiams (Belgique)<\/li><li>3\u00e8me place: Florian Thirion (France)<\/li><\/ul>\n","protected":false},"excerpt":{"rendered":"<p>Le 6 novembre 2010, On eut lieu le 7\u00e8me championnat d&#8217;Europe. En voici les r\u00e9sultats: Engi: 1\u00e8re place: Chlo\u00e9 Bellec et Hugues Jeangerard (France) 2\u00e8me place: Loic Delalande et Dominique Pouchard (France) 3\u00e8me place: Axel Noorman et Stijn Van Drongelen <a class=\"more-link\" href=\"http:\/\/nagibel.com\/index.php\/championnat-deurope-2010\/\">Continue reading <span class=\"screen-reader-text\">  Championnat d&#8217;Europe 2010<\/span><span class=\"meta-nav\">&rarr;<\/span><\/a><\/p>\n","protected":false},"author":1,"featured_media":0,"parent":0,"menu_order":0,"comment_status":"closed","ping_status":"closed","template":"","meta":[],"_links":{"self":[{"href":"http:\/\/nagibel.com\/index.php\/wp-json\/wp\/v2\/pages\/325"}],"collection":[{"href":"http:\/\/nagibel.com\/index.php\/wp-json\/wp\/v2\/pages"}],"about":[{"href":"http:\/\/nagibel.com\/index.php\/wp-json\/wp\/v2\/types\/page"}],"author":[{"embeddable":true,"href":"http:\/\/nagibel.com\/index.php\/wp-json\/wp\/v2\/users\/1"}],"replies":[{"embeddable":true,"href":"http:\/\/nagibel.com\/index.php\/wp-json\/wp\/v2\/comments?post=325"}],"version-history":[{"count":1,"href":"http:\/\/nagibel.com\/index.php\/wp-json\/wp\/v2\/pages\/325\/revisions"}],"predecessor-version":[{"id":326,"href":"http:\/\/nagibel.com\/index.php\/wp-json\/wp\/v2\/pages\/325\/revisions\/326"}],"wp:attachment":[{"href":"http:\/\/nagibel.com\/index.php\/wp-json\/wp\/v2\/media?parent=325"}],"curies":[{"name":"wp","href":"https:\/\/api.w.org\/{rel}","templated":true}]}}