{"id":323,"date":"2019-09-01T18:17:37","date_gmt":"2019-09-01T16:17:37","guid":{"rendered":"http:\/\/nagibel.com\/?page_id=323"},"modified":"2019-09-01T18:17:37","modified_gmt":"2019-09-01T16:17:37","slug":"championnat-deurope-2008","status":"publish","type":"page","link":"http:\/\/nagibel.com\/index.php\/championnat-deurope-2008\/","title":{"rendered":"Championnat d&#8217;Europe 2008"},"content":{"rendered":"\n<p>En 2008 avait lieu le 6\u00e8me Championnat d&#8217;Europe en Hollande.<\/p>\n\n\n\n<h2><strong>Engi<\/strong><\/h2>\n\n\n\n<ul><li>1\u00e8re place: Fran\u00e7ois et Tyl Dermine (Belgique)<\/li><li>2\u00e8me place: Lisa Sander et Ylva Leonardz (Su\u00e8de)<\/li><li>3\u00e8me place: Chlo\u00e9 Bellec et Hughes Jeangerard (France)<\/li><\/ul>\n\n\n\n<h2><strong>Individuel Femmes<\/strong><\/h2>\n\n\n\n<ul><li>1\u00e8re place: Charlotte Vandersleyen (Belgique)<\/li><li>2\u00e8me place: Chlo\u00e9 Bellec (France)<\/li><li>3\u00e8me place: Sandrine Turc (France) et Eva Gervers (Allemagne)<\/li><\/ul>\n\n\n\n<h2><strong>Individuel Hommes<\/strong><\/h2>\n\n\n\n<ul><li>1\u00e8re place: Tyl Dermine (Belgique)<\/li><li>2\u00e8me place: Fran\u00e7ois Dermine (Belgique)<\/li><li>3\u00e8me place: Aldo Giarelli (Italie) et Loic Delalande (France)<\/li><\/ul>\n\n\n\n<h2><strong>Equipe<\/strong><\/h2>\n\n\n\n<ul><li>1\u00e8re place: Belgique (I. D&#8217;Hose, C. Vandersleyen, G. Spoo, T. Dermine et F. Dermine)<\/li><li>2\u00e8me place: France (O. Vilain, C. Bellec, J-L Moulin, L. Delalande et J-M Gaffis)<\/li><li>3\u00e8me place Allemagne (E. Gervers, I. Klose, L. Littlewood, L. Rothig et A. Nicol)<\/li><\/ul>\n\n\n\n<h2><strong>Goodwill  du 5\u00e8me kyu au 2\u00e8me kyu<\/strong><\/h2>\n\n\n\n<ul><li>1\u00e8re place: Danielle Cristina (Italie)<\/li><li>2\u00e8me place: Guillaume Laurent (France)<\/li><li>3\u00e8me place: Joathan Demeyer (Belgique)<\/li><\/ul>\n\n\n\n<h2><strong>Goodwill du 1er Kyu et plus<\/strong><\/h2>\n\n\n\n<ul><li>1\u00e8re place: Eric Barbier (France)<\/li><li>2\u00e8me place: Alice Graham (Nouvelle Z\u00e9lande)<\/li><li>3\u00e8me place: Tim Williams (Belgique)<\/li><\/ul>\n","protected":false},"excerpt":{"rendered":"<p>En 2008 avait lieu le 6\u00e8me Championnat d&#8217;Europe en Hollande. Engi 1\u00e8re place: Fran\u00e7ois et Tyl Dermine (Belgique) 2\u00e8me place: Lisa Sander et Ylva Leonardz (Su\u00e8de) 3\u00e8me place: Chlo\u00e9 Bellec et Hughes Jeangerard (France) Individuel Femmes 1\u00e8re place: Charlotte Vandersleyen <a class=\"more-link\" href=\"http:\/\/nagibel.com\/index.php\/championnat-deurope-2008\/\">Continue reading <span class=\"screen-reader-text\">  Championnat d&#8217;Europe 2008<\/span><span class=\"meta-nav\">&rarr;<\/span><\/a><\/p>\n","protected":false},"author":1,"featured_media":0,"parent":0,"menu_order":0,"comment_status":"closed","ping_status":"closed","template":"","meta":[],"_links":{"self":[{"href":"http:\/\/nagibel.com\/index.php\/wp-json\/wp\/v2\/pages\/323"}],"collection":[{"href":"http:\/\/nagibel.com\/index.php\/wp-json\/wp\/v2\/pages"}],"about":[{"href":"http:\/\/nagibel.com\/index.php\/wp-json\/wp\/v2\/types\/page"}],"author":[{"embeddable":true,"href":"http:\/\/nagibel.com\/index.php\/wp-json\/wp\/v2\/users\/1"}],"replies":[{"embeddable":true,"href":"http:\/\/nagibel.com\/index.php\/wp-json\/wp\/v2\/comments?post=323"}],"version-history":[{"count":1,"href":"http:\/\/nagibel.com\/index.php\/wp-json\/wp\/v2\/pages\/323\/revisions"}],"predecessor-version":[{"id":324,"href":"http:\/\/nagibel.com\/index.php\/wp-json\/wp\/v2\/pages\/323\/revisions\/324"}],"wp:attachment":[{"href":"http:\/\/nagibel.com\/index.php\/wp-json\/wp\/v2\/media?parent=323"}],"curies":[{"name":"wp","href":"https:\/\/api.w.org\/{rel}","templated":true}]}}