{"id":321,"date":"2019-09-01T18:13:10","date_gmt":"2019-09-01T16:13:10","guid":{"rendered":"http:\/\/nagibel.com\/?page_id=321"},"modified":"2019-09-01T18:13:10","modified_gmt":"2019-09-01T16:13:10","slug":"comme-si-vous-y-etiez-europe-2005","status":"publish","type":"page","link":"http:\/\/nagibel.com\/index.php\/comme-si-vous-y-etiez-europe-2005\/","title":{"rendered":"Comme si vous y \u00e9tiez&#8230;Europe 2005"},"content":{"rendered":"\n<p>Je crois que l\u00e0\u2026 on aura du mal \u00e0 faire mieux!<br><br>Mais reprenons depuis le d\u00e9but&nbsp;;<\/p>\n\n\n\n<p> Au lendemain des Championnats de  Belgique et \u00e0 l\u2019issue de l\u2019entra\u00eenement national, la s\u00e9lection subit  quelques changements de derni\u00e8re minute. Philibert, bless\u00e9 \u00e0 l\u2019\u00e9paule,  d\u00e9clara forfait et ouvrit ainsi la place \u00e0 Tyl pour l\u2019individuel homme  et laissa Charlotte seule pour l\u2019engi, pour lequel, David et Jonathan prirent, d\u00e8s lors, le relais. <\/p>\n\n\n\n<p>La s\u00e9lection \u00e9tait donc: <br>Tyl-Fran\u00e7ois et David-Jonathan en engi<br> Tyl, Jonathan, Yves, Gilles pour l\u2019individuel homme<br>Charlotte, Ang\u00e9lique, Annick, Sandra pour l\u2019individuel femme<br>David, Fran\u00e7ois, Tyl, , Charlotte et Ang\u00e9lique pour l\u2019\u00e9quipe<br>Isabelle et Laurence pour les goodwills juniors<br>Christophe M., Tim, Thomas et  Quentin pour les goodwills kyu<br> Serges pour les goodwills dan<\/p>\n\n\n\n<p>Au total 15 combattants, 2 arbitres&nbsp;;\n Fabienne et Marc, notre pr\u00e9sident Monsieur Hannoset et m\u00eame des \nsupporters&nbsp;; Corinne et Akkiko. <\/p>\n\n\n\n<p>Bref une v\u00e9ritable arm\u00e9e belge partie \u00e0 la conqu\u00eate de ces Cinqui\u00e8mes Championnats d\u2019Europe.<\/p>\n\n\n\n<p><br> Fabienne nous offrit une chance  de nous entra\u00eener une derni\u00e8re fois avant le d\u00e9part, le vendredi 25 \u00e0 10h, et ensuite les premi\u00e8res voitures du groupe partirent pour Tours. <\/p>\n\n\n\n<p>Je ne pourrais vous expliquer en  d\u00e9tail les voyages de chacun mais ceux qui partirent vendredi, jou\u00e8rent  de chance vu la quantit\u00e9 de neige qui tomba sur Bruxelles d\u00e8s vendredi  soir\u2026En ce qui nous concerne, (David, Yves et Laurence), la surprise du  voyage fut certainement de croiser les Allemands sur l\u2019autoroute, cela faisait vraiment grand rassemblement vers lequel tout le monde converge.  Ils saisirent, du reste, cette opportunit\u00e9, pour nous suivre, croyant  que nous connaissions mieux le chemin\u2026 <\/p>\n\n\n\n<p>Arriv\u00e9 sur place vers 17h nous d\u00e9cid\u00e2mes de faire une petite visite de Tours, by night, et d\u2019en admirer  la cath\u00e9drale. La promenade fut froide mais sympa, par contre le retour vers le centre sportif s\u2019av\u00e9ra plus difficile\u00a0!!! Entre le pilote  distrait et le co-pilote \u00e0 la recherche de raccourcis, nous sommes finalement arriv\u00e9 apr\u00e8s tout le monde (ou presque) au centre sportif,  mais bon,\u2026 nous on a vu la cath\u00e9drale\u2026tralalalal\u00e8re\u2026<\/p>\n\n\n\n<p> Apr\u00e8s avoir pris possession de  nos chambres, nous nous ru\u00e2mes sur le repas, tout en saluant tous ceux  que nous n\u2019avions pas encore crois\u00e9s; les autres Belges, les Tch\u00e8ques,  les Fran\u00e7ais, les Su\u00e9dois, bref\u2026 plein de monde. <\/p>\n\n\n\n<p>Certains n\u2019arrivant que le lendemain, comme les Hollandais, \u00e9vit\u00e8rent de justesse, les premi\u00e8res op\u00e9rations commando des belges. Ainsi la mascotte francaise, URGO,  fut captur\u00e9e et  ligot\u00e9e par les membres du groupe, bien d\u00e9cid\u00e9s \u00e0 ne pas passer inaper\u00e7us. Sinon les plus motiv\u00e9s, s\u2019entra\u00een\u00e8rent d\u00e9j\u00e0 le vendredi soir dans cette \u00e9norme salle qui allait accueillir les championnats.<\/p>\n\n\n\n<p>La nuit ne fut pas facile pour tous et les talents d\u2019ost\u00e9opathe de Corinne furent rapidement sollicit\u00e9s (merci \u00e0 toi Corinne!).<\/p>\n\n\n\n<figure class=\"wp-block-image\"><img decoding=\"async\" src=\"https:\/\/web.archive.org\/web\/20180904061720im_\/http:\/\/www.nagibel.be\/uploads\/images\/compet\/046.jpg\" alt=\"\"\/><\/figure>\n\n\n\n<p> Le samedi fut d\u00e9j\u00e0 une journ\u00e9e bien remplie, avec, le matin, les stages de pr\u00e9parations des examens pour  certains et les entra\u00eenements pour d\u2019autres, mais surtout les examens eux-m\u00eames l\u2019apr\u00e8s midi, ainsi que les r\u00e9unions ENF et les divers  pr\u00e9paratifs des championnats. <\/p>\n\n\n\n<p>F\u00e9licitons d\u00e9j\u00e0 les succ\u00e8s aux examens de premier Dan de Yves et Laurence, ainsi que les deuxi\u00e8mes Dan de Annick et Ang\u00e9lique.<\/p>\n\n\n\n<p><br> Les derniers belges et fran\u00e7ais, ainsi que les Hollandais nous rejoignirent en fin d\u2019apr\u00e8s midi pour le traditionnel d\u00eener de f\u00eate. <\/p>\n\n\n\n<p>Ce fut une grande soir\u00e9e o\u00f9 les  cadeaux et les rires s\u2019\u00e9chang\u00e8rent de partout\u2026 Monsieur Kondo porta un toast a la nouvelle nation rejoignant l\u2019ENF\u00a0; l\u2019Allemagne, bienvenue \u00e0  tous\u2026<br> Les Belges pr\u00e9sent\u00e8rent un sketch d\u00e9sopilant et les Fran\u00e7ais entonn\u00e8rent une danse de la pluie\u2026ou \u00e9tait-ce une chanson\u00a0?<\/p>\n\n\n\n<p>Ensuite les couche t\u00f4t s\u2019esquiv\u00e8rent \nalors que les f\u00eatards engouffr\u00e8rent quelques bi\u00e8res en fraternisant \njusque tard dans la nuit. M\u00eame si certains sensei rabat-joie (bibi) \ninvit\u00e8rent leurs \u00e9l\u00e8ves \u00e0 s\u2019\u00e9conomiser, en vue de la longues journ\u00e9e qui\n les attendait, la soir\u00e9e ne s\u2019acheva que t\u00f4t le lendemain matin.<\/p>\n\n\n\n<p> Aux petites heures, Marc invita tous  les Belges \u00e0 s\u2019\u00e9chauffer \u00e0 la mani\u00e8re Inuit dans la salle des championnats. Cela ressemblait un peu \u00e0 un rassemblement de secte, mais, outre les effets \u00e9nerg\u00e9tiques de ce genre d\u2019exercices, ils ont  le  m\u00e9rites de souder le groupe\u2026<\/p>\n\n\n\n<p>Ensuite, apr\u00e8s un petit d\u00e9jeuner \u00ab\u00a0de centre sportif\u00a0\u00bb, les Championnats d\u2019Europe d\u00e9but\u00e8rent par la comp\u00e9tition engi. <\/p>\n\n\n\n<p>Malgr\u00e9 un pi\u00e8tre d\u00e9marrage, Jonathan \net David se hiss\u00e8rent en finale avec Tyl et Fran\u00e7ois. Ces derniers \nl\u2019emport\u00e8rent, mais sur le fil&nbsp;! <\/p>\n\n\n\n<p> Premier contrat remplis pour nos ptits Belges, les shiais pouvaient commencer. <\/p>\n\n\n\n<p>Il y avait 2 shiai-jo, un pour l\u2019individuel femme et l\u2019autre pour l\u2019individuel homme. Personne n\u2019eut \u00e0  rougir de ses combats, si je me souviens bien tous les Belges sortirent  de leurs poules. <\/p>\n\n\n\n<p>Cot\u00e9 gar\u00e7ons\u00a0; Tyl et Jonathan dominaient assez largement leurs adversaires, et leurs rivaux les plus inqui\u00e9tants furent les autres belges, Yves et Gilles ou encore les  Hollandais, qui d\u00e9cid\u00e9ment gagnent du terrain. <\/p>\n\n\n\n<p>Cot\u00e9 filles, m\u00eame si la diff\u00e9rence n\u2019\u00e9tait pas aussi marqu\u00e9e, Ang\u00e9lique fit forte impression, pour sa combativit\u00e9, et termina en finale contre Anne Guillaume. Les r\u00e9sultats  sont, une fois de plus, \u00e9logieux pour notre pays. <\/p>\n\n\n\n<p> Ensuite apr\u00e8s un petit repas de  midi d\u00e9j\u00e0 bien festif, l\u2019apr\u00e8s \u2013midi fut la cons\u00e9cration de la matin\u00e9e,  avec une premi\u00e8re place pour l\u2019\u00e9quipe belge, pour laquelle David et  Fran\u00e7ois rappel\u00e8rent qu\u2019ils avaient leur mot \u00e0 dire. <\/p>\n\n\n\n<p>Mais au-del\u00e0 de cela, lors des goodwills Tim, Isabelle et Laurence nous prouv\u00e8rent que le Naginata  Belge avait encore de beaux jours devant lui. N\u2019oublions pas les combats  acharn\u00e9s de Thomas, Christophe M. et Quentin\u2026 <\/p>\n\n\n\n<p>Bref la Belgique repartit avec une grande partie des troph\u00e9es, et beaucoup de souvenirs\u2026<\/p>\n\n\n\n<p><br> Apr\u00e8s cette longue journ\u00e9e beaucoup repartirent, mais je restai avec Yves et Fabienne, encore une nuit sur place.<\/p>\n\n\n\n<p> A ma grande joie, les Su\u00e9dois \nrest\u00e8rent aussi, et nous ne r\u00e9sist\u00e2mes pas \u00e0 l\u2019envie de croiser une \nderni\u00e8re fois, les naginatas jusque tard dans la nuit.<\/p>\n\n\n\n<p>David<\/p>\n\n\n\n<figure class=\"wp-block-image\"><img decoding=\"async\" src=\"https:\/\/web.archive.org\/web\/20180904061720im_\/http:\/\/www.nagibel.be\/uploads\/images\/compet\/001.jpg\" alt=\"\"\/><\/figure>\n","protected":false},"excerpt":{"rendered":"<p>Je crois que l\u00e0\u2026 on aura du mal \u00e0 faire mieux! Mais reprenons depuis le d\u00e9but&nbsp;; Au lendemain des Championnats de Belgique et \u00e0 l\u2019issue de l\u2019entra\u00eenement national, la s\u00e9lection subit quelques changements de derni\u00e8re minute. Philibert, bless\u00e9 \u00e0 l\u2019\u00e9paule, <a class=\"more-link\" href=\"http:\/\/nagibel.com\/index.php\/comme-si-vous-y-etiez-europe-2005\/\">Continue reading <span class=\"screen-reader-text\">  Comme si vous y \u00e9tiez&#8230;Europe 2005<\/span><span class=\"meta-nav\">&rarr;<\/span><\/a><\/p>\n","protected":false},"author":1,"featured_media":0,"parent":0,"menu_order":0,"comment_status":"closed","ping_status":"closed","template":"","meta":[],"_links":{"self":[{"href":"http:\/\/nagibel.com\/index.php\/wp-json\/wp\/v2\/pages\/321"}],"collection":[{"href":"http:\/\/nagibel.com\/index.php\/wp-json\/wp\/v2\/pages"}],"about":[{"href":"http:\/\/nagibel.com\/index.php\/wp-json\/wp\/v2\/types\/page"}],"author":[{"embeddable":true,"href":"http:\/\/nagibel.com\/index.php\/wp-json\/wp\/v2\/users\/1"}],"replies":[{"embeddable":true,"href":"http:\/\/nagibel.com\/index.php\/wp-json\/wp\/v2\/comments?post=321"}],"version-history":[{"count":1,"href":"http:\/\/nagibel.com\/index.php\/wp-json\/wp\/v2\/pages\/321\/revisions"}],"predecessor-version":[{"id":322,"href":"http:\/\/nagibel.com\/index.php\/wp-json\/wp\/v2\/pages\/321\/revisions\/322"}],"wp:attachment":[{"href":"http:\/\/nagibel.com\/index.php\/wp-json\/wp\/v2\/media?parent=321"}],"curies":[{"name":"wp","href":"https:\/\/api.w.org\/{rel}","templated":true}]}}