{"id":317,"date":"2019-09-01T18:03:13","date_gmt":"2019-09-01T16:03:13","guid":{"rendered":"http:\/\/nagibel.com\/?page_id=317"},"modified":"2019-09-01T18:03:14","modified_gmt":"2019-09-01T16:03:14","slug":"comme-si-vous-y-etiez-europe-2002","status":"publish","type":"page","link":"http:\/\/nagibel.com\/index.php\/comme-si-vous-y-etiez-europe-2002\/","title":{"rendered":"Comme si vous y \u00e9tiez..Europe 2002"},"content":{"rendered":"\n<p>Le 2 novembre 2002, la France organisait les 4\u00e8me championnats d&#8217;Europe.<\/p>\n\n\n\n<figure class=\"wp-block-image\"><img decoding=\"async\" src=\"https:\/\/web.archive.org\/web\/20180904031225im_\/http:\/\/www.nagibel.be\/uploads\/images\/compet\/europ2002R.jpg\" alt=\"\"\/><\/figure>\n\n\n\n<p> Malgr\u00e9 une gr\u00e8ve des salles de  sports de Paris la F\u00e9d\u00e9ration r\u00e9ussit, apr\u00e8s un changement de derni\u00e8re minute, \u00e0 organiser brillamment les Championnats d\u2019Europe. Ces  championnats furent au moins aussi palpitant que ceux de 2001 \u00e0  Bruxelles, avec cependant un point positif de taille ; la pr\u00e9sence de 4  sensei japonaises : Mme Fukuda Keiko (Kyo-shi);  Mme Samura Mihoko  (Kyo-shi);  Mme Kojima Hiromi   (Ren-shi) et  Mme Nakadan Mayumi  (Ren-shi) qui anim\u00e8rent le stage qui suivit \u00e0 Tour. <\/p>\n\n\n\n<h2>Il fallait le faire&#8230;<\/h2>\n\n\n\n<p> Selon les nouvelles r\u00e8gles (de cette  ann\u00e9e l\u00e0, les r\u00e8gles ayant \u00e0 nouveau chang\u00e9es depuis) si les  adversaires ne parvenaient pas \u00e0 se d\u00e9partager au bout des trois minutes  r\u00e9glementaires, la prolongation qui suivrait ne pourrait s\u2019achever que sur un point d\u00e9cisif. <\/p>\n\n\n\n<p>Il fallut <strong>17 minutes<\/strong> aux fr\u00e8res D&#8217;Hose pour se d\u00e9partager, avant que Jonathan ne l\u2019emporte sur un men!<\/p>\n","protected":false},"excerpt":{"rendered":"<p>Le 2 novembre 2002, la France organisait les 4\u00e8me championnats d&#8217;Europe. Malgr\u00e9 une gr\u00e8ve des salles de sports de Paris la F\u00e9d\u00e9ration r\u00e9ussit, apr\u00e8s un changement de derni\u00e8re minute, \u00e0 organiser brillamment les Championnats d\u2019Europe. Ces championnats furent au moins <a class=\"more-link\" href=\"http:\/\/nagibel.com\/index.php\/comme-si-vous-y-etiez-europe-2002\/\">Continue reading <span class=\"screen-reader-text\">  Comme si vous y \u00e9tiez..Europe 2002<\/span><span class=\"meta-nav\">&rarr;<\/span><\/a><\/p>\n","protected":false},"author":1,"featured_media":0,"parent":0,"menu_order":0,"comment_status":"closed","ping_status":"closed","template":"","meta":[],"_links":{"self":[{"href":"http:\/\/nagibel.com\/index.php\/wp-json\/wp\/v2\/pages\/317"}],"collection":[{"href":"http:\/\/nagibel.com\/index.php\/wp-json\/wp\/v2\/pages"}],"about":[{"href":"http:\/\/nagibel.com\/index.php\/wp-json\/wp\/v2\/types\/page"}],"author":[{"embeddable":true,"href":"http:\/\/nagibel.com\/index.php\/wp-json\/wp\/v2\/users\/1"}],"replies":[{"embeddable":true,"href":"http:\/\/nagibel.com\/index.php\/wp-json\/wp\/v2\/comments?post=317"}],"version-history":[{"count":1,"href":"http:\/\/nagibel.com\/index.php\/wp-json\/wp\/v2\/pages\/317\/revisions"}],"predecessor-version":[{"id":318,"href":"http:\/\/nagibel.com\/index.php\/wp-json\/wp\/v2\/pages\/317\/revisions\/318"}],"wp:attachment":[{"href":"http:\/\/nagibel.com\/index.php\/wp-json\/wp\/v2\/media?parent=317"}],"curies":[{"name":"wp","href":"https:\/\/api.w.org\/{rel}","templated":true}]}}