{"id":313,"date":"2019-09-01T17:58:12","date_gmt":"2019-09-01T15:58:12","guid":{"rendered":"http:\/\/nagibel.com\/?page_id=313"},"modified":"2019-09-01T17:58:12","modified_gmt":"2019-09-01T15:58:12","slug":"championnat-deurope-2001","status":"publish","type":"page","link":"http:\/\/nagibel.com\/index.php\/championnat-deurope-2001\/","title":{"rendered":"Championnat d&#8217;Europe 2001"},"content":{"rendered":"\n<p>La Belgique a organis\u00e9 le 3\u00e8me championnat d&#8217;Europe le 10 novembre 2001 \u00e0 Bruxelles. Y \u00e9tait pr\u00e9sent la France, l&#8217;Italie, La Su\u00e8de, la Tch\u00e9quie et les Pays Bas.<\/p>\n\n\n\n<p>R\u00e9sultats:<\/p>\n\n\n\n<h2><strong>Engi<\/strong><\/h2>\n\n\n\n<ul><li>1\u00e8re place: Lo\u00efc Delalande et D. Pouchard (France)<\/li><li>2\u00e8me place: S. Meieult et Alain Guillaume (France)<\/li><li>3\u00e8me place: Tyl Dermine et Philibert Vandersleyen (Belgique)<\/li><\/ul>\n\n\n\n<h2><strong>Individuel<\/strong><\/h2>\n\n\n\n<ul><li>1\u00e8re place: Fran\u00e7ois Dermine (Belgique)<\/li><li>2\u00e8me place: Jonathan D&#8217;Hose<\/li><li>3\u00e8me place: Lo\u00efc Delalande (France)<\/li><\/ul>\n\n\n\n<h2><strong>Equipe:<\/strong><\/h2>\n\n\n\n<ul><li>1\u00e8re place: Belgique<\/li><li>2\u00e8me place: France<\/li><li>3\u00e8me place: Pays Bas<\/li><\/ul>\n\n\n\n<h2>                                    GOODWILL<\/h2>\n\n\n\n<h2><strong>Goodwill 1st Kyu\/dan:<\/strong><\/h2>\n\n\n\n<ul><li>1\u00e8re place: Tyl Dermine (Belgique)<\/li><li>2\u00e8me place: J. Van Schilt (Pays Bas)<\/li><li>3\u00e8me place: I. Lacoste (France)<\/li><\/ul>\n\n\n\n<h2><strong>Goodwill kyu : <\/strong><\/h2>\n\n\n\n<ul><li>1er place: Pouchard J.(France) <\/li><li>2\u00e8me place: Robert F. (Belgium) <\/li><li>3\u00e8me place: Todorov N. (Italy)<\/li><\/ul>\n","protected":false},"excerpt":{"rendered":"<p>La Belgique a organis\u00e9 le 3\u00e8me championnat d&#8217;Europe le 10 novembre 2001 \u00e0 Bruxelles. Y \u00e9tait pr\u00e9sent la France, l&#8217;Italie, La Su\u00e8de, la Tch\u00e9quie et les Pays Bas. R\u00e9sultats: Engi 1\u00e8re place: Lo\u00efc Delalande et D. Pouchard (France) 2\u00e8me place: <a class=\"more-link\" href=\"http:\/\/nagibel.com\/index.php\/championnat-deurope-2001\/\">Continue reading <span class=\"screen-reader-text\">  Championnat d&#8217;Europe 2001<\/span><span class=\"meta-nav\">&rarr;<\/span><\/a><\/p>\n","protected":false},"author":1,"featured_media":0,"parent":0,"menu_order":0,"comment_status":"closed","ping_status":"closed","template":"","meta":[],"_links":{"self":[{"href":"http:\/\/nagibel.com\/index.php\/wp-json\/wp\/v2\/pages\/313"}],"collection":[{"href":"http:\/\/nagibel.com\/index.php\/wp-json\/wp\/v2\/pages"}],"about":[{"href":"http:\/\/nagibel.com\/index.php\/wp-json\/wp\/v2\/types\/page"}],"author":[{"embeddable":true,"href":"http:\/\/nagibel.com\/index.php\/wp-json\/wp\/v2\/users\/1"}],"replies":[{"embeddable":true,"href":"http:\/\/nagibel.com\/index.php\/wp-json\/wp\/v2\/comments?post=313"}],"version-history":[{"count":1,"href":"http:\/\/nagibel.com\/index.php\/wp-json\/wp\/v2\/pages\/313\/revisions"}],"predecessor-version":[{"id":314,"href":"http:\/\/nagibel.com\/index.php\/wp-json\/wp\/v2\/pages\/313\/revisions\/314"}],"wp:attachment":[{"href":"http:\/\/nagibel.com\/index.php\/wp-json\/wp\/v2\/media?parent=313"}],"curies":[{"name":"wp","href":"https:\/\/api.w.org\/{rel}","templated":true}]}}