{"id":302,"date":"2019-09-01T17:48:59","date_gmt":"2019-09-01T15:48:59","guid":{"rendered":"http:\/\/nagibel.com\/?page_id=302"},"modified":"2019-09-01T17:48:59","modified_gmt":"2019-09-01T15:48:59","slug":"comme-si-vous-etiez-mondiaux-2015","status":"publish","type":"page","link":"http:\/\/nagibel.com\/index.php\/comme-si-vous-etiez-mondiaux-2015\/","title":{"rendered":"Comme si vous \u00e9tiez&#8230;Mondiaux 2015"},"content":{"rendered":"\n<p><\/p>\n\n\n\n<p>Que dire de ce championnat ?<\/p>\n\n\n\n<p>Tout d&#8217;abord, qu&#8217;il \u00e9tait terriblement bien organis\u00e9 ! Il y avait une foule de b\u00e9n\u00e9vole, canadiens et am\u00e9ricains, rien n&#8217;\u00e9tait laiss\u00e9 au hasard. Ensuite, que le centre sportif Mc Gill est vraiment impressionnant (il y avait m\u00eame une piscine!). Je ne suis pas la seule \u00e0 m&#8217;\u00eatre perdue plusieurs fois..<\/p>\n\n\n\n<p>Le 19, nous avons eu l&#8217;occasion de nous entra\u00eener une derni\u00e8re fois avant le grand jour. Dans  la m\u00eame salle que nous, se trouvait les Australiens qui nous ont fait  une petite frayeur en nous assurant que nous nous trompions de kata..pas de chance pour eux, c&#8217;\u00e9tait eux qui s\u2019entra\u00eenaient \u00e0 la mauvaise s\u00e9quence ^^<\/p>\n\n\n\n<p>C&#8217;est aussi l&#8217;occasion de travailler pour la derni\u00e8re fois au rythmique.<\/p>\n\n\n\n<p>La pression monte, le lendemain tout se joue.<\/p>\n\n\n\n<p>Le soir, c&#8217;est la welcome.\n L&#8217;occasion de se retrouver, de se dire combien on est heureux de se \nrevoir cette ann\u00e9e encore, mais mine de rien, la comp\u00e9tition commence :\n chacun parade dans ses plus beaux atouts, et si on \u00e9change nos vestes \nrespectives pour les photos, on n&#8217;oublie pas de mentionner que celle de \nl&#8217;autre est un peu petite,\u2026<\/p>\n\n\n\n<p>A l&#8217;occasion des discours, David fait rire l&#8217;assembl\u00e9e suivit par Baptiste, le traducteur japonais\/anglais et fran\u00e7ais. Kirsi nous \u00e9meut en parlant de sa maladie et en nous rappelant que nous sommes une grande famille.<\/p>\n\n\n\n<p>Le 20, la journ\u00e9e d\u00e9bute par notre rythmique !! Nous \u00e9tions parfaits ! En rythme, tous en position,&#8230;Puis ce fut fini. 3 minutes et tout \u00e9tait fini. Des mois et des mois d\u2019entra\u00eenements, des heures de r\u00e9p\u00e9titions et tout \u00e9tait fini ! C&#8217;est vraiment un \u00e9trange sentiment&#8230; Vient ensuite le rythmique des USA et de la Su\u00e8de, puis, la comp\u00e9tition officielle d\u00e9bute..<\/p>\n\n\n\n<figure class=\"wp-block-image\"><img decoding=\"async\" src=\"https:\/\/web.archive.org\/web\/20180904074605im_\/http:\/\/www.nagibel.be\/uploads\/images\/compet\/11698530_438601742989301_8420332012577780763_n.jpg\" alt=\"\"\/><\/figure>\n\n\n\n<p>Engi : La paire de Tyl\n et Fran\u00e7ois est rapidement \u00e9limin\u00e9e, celle de Laurence et David lutte \nun peu plus longtemps mais fini par \u00eatre \u00e9limin\u00e9 par la paire \nhollandaise.<\/p>\n\n\n\n<p>Individuel femme : Les premiers combats de Pascale, Laurence et Charlotte se passent bien. Malheureusement, elles finissent pas se faire battre, mais c&#8217;est sans regret tant les combats \u00e9taient int\u00e9ressants.<\/p>\n\n\n\n<p>Individuel homme : En raison de son op\u00e9ration et de ses douleurs persistantes, Jonathan doit laisser sa place \u00e0 David, c&#8217;est donc finalement Tyl et Fran\u00e7ois et David qui combattent. Fran\u00e7ois est en pleine forme, et il le prouve en battant ses adversaires l&#8217;un apr\u00e8s l&#8217;autre, se hissant jusqu&#8217;en finale.<\/p>\n\n\n\n<p>\u00c9quipe femme : Charlotte, Laurence et Yolanda jouent le tout pour le tout contre leur premi\u00e8re adversaire ; l&#8217;\u00e9quipe japonaise, mais sont vaincues.<\/p>\n\n\n\n<p>\u00c9quipe homme : L&#8217;\u00e9quipe homme constitu\u00e9e de Tyl, Fran\u00e7ois et David \u00e0 mang\u00e9 du lion et malgr\u00e9 de petites difficult\u00e9s contre l&#8217;\u00e9quipe australienne, ils se hissent en finale.<\/p>\n\n\n\n<p>Le soir m\u00eame, c&#8217;est la f\u00eate. Et l\u00e0 mes amis&#8230;c&#8217;est la f\u00eate comme nous ne l&#8217;avions jamais v\u00e9cu lors d&#8217;une sayonara. Peut-\u00eatre car c&#8217;\u00e9tait dans un pub ? Peut-\u00eatre gr\u00e2ce les diverses animations pr\u00e9sent\u00e9es par la Belgique ou encore l&#8217;Allemagne ? Peut-\u00eatre car pour la premi\u00e8re fois, l&#8217;\u00e9quipe japonaise semble accessible ? Quoi qu&#8217;il en soit, c&#8217;est la f\u00eate, la vrais et tout le monde finit par danser au son des Cowboys Fringants.<\/p>\n\n\n\n<p>Le lendemain est un peu difficile mais c&#8217;est au tour du goodwill ! N&#8217;ayant pas r\u00e9ussi \u00e0 convaincre Yves de participer \u00e0 la comp\u00e9tition, la Belgique n&#8217;a qu&#8217;une \u00e9quipe f\u00e9minine. Mais quelle \u00e9quipe ! Charlotte remporte la finale.<\/p>\n\n\n\n<p>La comp\u00e9tition est finie, vient le temps des stages et des passages de grades. Yolanda r\u00e9ussi son 1 dan et Laurence passe son examen d&#8217;arbitrage.<\/p>\n","protected":false},"excerpt":{"rendered":"<p>Que dire de ce championnat ? Tout d&#8217;abord, qu&#8217;il \u00e9tait terriblement bien organis\u00e9 ! Il y avait une foule de b\u00e9n\u00e9vole, canadiens et am\u00e9ricains, rien n&#8217;\u00e9tait laiss\u00e9 au hasard. Ensuite, que le centre sportif Mc Gill est vraiment impressionnant (il <a class=\"more-link\" href=\"http:\/\/nagibel.com\/index.php\/comme-si-vous-etiez-mondiaux-2015\/\">Continue reading <span class=\"screen-reader-text\">  Comme si vous \u00e9tiez&#8230;Mondiaux 2015<\/span><span class=\"meta-nav\">&rarr;<\/span><\/a><\/p>\n","protected":false},"author":1,"featured_media":0,"parent":0,"menu_order":0,"comment_status":"closed","ping_status":"closed","template":"","meta":[],"_links":{"self":[{"href":"http:\/\/nagibel.com\/index.php\/wp-json\/wp\/v2\/pages\/302"}],"collection":[{"href":"http:\/\/nagibel.com\/index.php\/wp-json\/wp\/v2\/pages"}],"about":[{"href":"http:\/\/nagibel.com\/index.php\/wp-json\/wp\/v2\/types\/page"}],"author":[{"embeddable":true,"href":"http:\/\/nagibel.com\/index.php\/wp-json\/wp\/v2\/users\/1"}],"replies":[{"embeddable":true,"href":"http:\/\/nagibel.com\/index.php\/wp-json\/wp\/v2\/comments?post=302"}],"version-history":[{"count":1,"href":"http:\/\/nagibel.com\/index.php\/wp-json\/wp\/v2\/pages\/302\/revisions"}],"predecessor-version":[{"id":303,"href":"http:\/\/nagibel.com\/index.php\/wp-json\/wp\/v2\/pages\/302\/revisions\/303"}],"wp:attachment":[{"href":"http:\/\/nagibel.com\/index.php\/wp-json\/wp\/v2\/media?parent=302"}],"curies":[{"name":"wp","href":"https:\/\/api.w.org\/{rel}","templated":true}]}}