{"id":298,"date":"2019-09-01T17:38:52","date_gmt":"2019-09-01T15:38:52","guid":{"rendered":"http:\/\/nagibel.com\/?page_id=298"},"modified":"2019-09-01T17:38:52","modified_gmt":"2019-09-01T15:38:52","slug":"championnat-du-monde-2011","status":"publish","type":"page","link":"http:\/\/nagibel.com\/index.php\/championnat-du-monde-2011\/","title":{"rendered":"Championnat du monde 2011"},"content":{"rendered":"\n<h2><strong>Engi:<\/strong><\/h2>\n\n\n\n<ul><li>1\u00e8re place: M. Kijma et M. Kiyomizu (Japon)<\/li><li>2\u00e8me place: N. Itai et M. Satou (Japon)<\/li><li>3\u00e8me place: A. Fromentin et C. Bucsis (Canada)<\/li><li>4\u00e8me place: J. Ostman et K. Hoglund (Su\u00e8de)<\/li><\/ul>\n\n\n\n<h2><strong>Individuel Femme: <\/strong><\/h2>\n\n\n\n<ul><li>1\u00e8re place: K. Ikemi (Japon)<\/li><li>2\u00e8me place: A. Ajiki (Japon)<\/li><li>3\u00e8me place: A. Satou (Japon)<\/li><li>4\u00e8me place: A. Vyas (USA)<\/li><\/ul>\n\n\n\n<h2><strong>Individuel Homme: <\/strong><\/h2>\n\n\n\n<ul><li>1\u00e8re place: K. Tanaka (Japon)<\/li><li>2\u00e8me place: A. Bennett (Nouvelle Z\u00e9lande)<\/li><li>3\u00e8me place: I. Itagaki (Japon)<\/li><li>4\u00e8me place: F. Dermine (Belgique)<\/li><\/ul>\n\n\n\n<h2><strong>Equipe Femme:<\/strong><\/h2>\n\n\n\n<ul><li>1\u00e8re place: Japon (M. Satou, T. Ohigashi et C. Yamamoto)<\/li><li>2\u00e8me place: USA (S. Carchado, K. Roche et A. Vyas)<\/li><li>3\u00e8me place: Su\u00e8de (L. Sander et K. H\u00f6glund)<\/li><li>4\u00e8me place: Canada (J. Chalifour et M. Landekic)<br><\/li><\/ul>\n\n\n\n<h2><strong>Equipe Homme:<\/strong><\/h2>\n\n\n\n<ul><li>1\u00e8re place: Japon (N. Watanabe, K. Tanaka et I. Itagaki)<\/li><li>2\u00e8me place: Hollande (A. Noorman, P. Gerritsen et M. Berghaan)<\/li><li>3\u00e8me place: Belgique (Tyl Dermine, David D&#8217;Hose et Fran\u00e7ois Dermine)<\/li><li>4\u00e8me place: USA ( S.Oshima, A. Hong et K. Saxton)<\/li><\/ul>\n\n\n\n<h2><strong>Rythmique:<\/strong><\/h2>\n\n\n\n<p>Le rythmique ne fait \u00e0 pr\u00e9sent plus partie de la comp\u00e9tition officielle. <\/p>\n\n\n\n<h2><strong>Total des points:<\/strong><\/h2>\n\n\n\n<ul><li>Japon: 40 points<\/li><li>Canada\/ USA: 14<\/li><li>Belgique: 12<\/li><li>Su\u00e8de: 11<\/li><li>Hollande et Australie: 10<\/li><li>Nouvelle Z\u00e9lande: 9<\/li><li>R\u00e9publique Tch\u00e8que: 6<\/li><li>Allemagne: 5<\/li><li>Br\u00e9sil et Royaume Unis: 4<\/li><\/ul>\n","protected":false},"excerpt":{"rendered":"<p>Engi: 1\u00e8re place: M. Kijma et M. Kiyomizu (Japon) 2\u00e8me place: N. Itai et M. Satou (Japon) 3\u00e8me place: A. Fromentin et C. Bucsis (Canada) 4\u00e8me place: J. Ostman et K. Hoglund (Su\u00e8de) Individuel Femme: 1\u00e8re place: K. Ikemi (Japon) <a class=\"more-link\" href=\"http:\/\/nagibel.com\/index.php\/championnat-du-monde-2011\/\">Continue reading <span class=\"screen-reader-text\">  Championnat du monde 2011<\/span><span class=\"meta-nav\">&rarr;<\/span><\/a><\/p>\n","protected":false},"author":1,"featured_media":0,"parent":0,"menu_order":0,"comment_status":"closed","ping_status":"closed","template":"","meta":[],"_links":{"self":[{"href":"http:\/\/nagibel.com\/index.php\/wp-json\/wp\/v2\/pages\/298"}],"collection":[{"href":"http:\/\/nagibel.com\/index.php\/wp-json\/wp\/v2\/pages"}],"about":[{"href":"http:\/\/nagibel.com\/index.php\/wp-json\/wp\/v2\/types\/page"}],"author":[{"embeddable":true,"href":"http:\/\/nagibel.com\/index.php\/wp-json\/wp\/v2\/users\/1"}],"replies":[{"embeddable":true,"href":"http:\/\/nagibel.com\/index.php\/wp-json\/wp\/v2\/comments?post=298"}],"version-history":[{"count":1,"href":"http:\/\/nagibel.com\/index.php\/wp-json\/wp\/v2\/pages\/298\/revisions"}],"predecessor-version":[{"id":299,"href":"http:\/\/nagibel.com\/index.php\/wp-json\/wp\/v2\/pages\/298\/revisions\/299"}],"wp:attachment":[{"href":"http:\/\/nagibel.com\/index.php\/wp-json\/wp\/v2\/media?parent=298"}],"curies":[{"name":"wp","href":"https:\/\/api.w.org\/{rel}","templated":true}]}}