{"id":294,"date":"2019-09-01T17:30:15","date_gmt":"2019-09-01T15:30:15","guid":{"rendered":"http:\/\/nagibel.com\/?page_id=294"},"modified":"2019-09-01T17:30:16","modified_gmt":"2019-09-01T15:30:16","slug":"comme-si-vous-y-etiez-mondiaux-2003","status":"publish","type":"page","link":"http:\/\/nagibel.com\/index.php\/comme-si-vous-y-etiez-mondiaux-2003\/","title":{"rendered":"Comme si vous y \u00e9tiez&#8230; Mondiaux 2003"},"content":{"rendered":"\n<p>Malheureusement, le Japon n&#8217;\u00e9tait pas venu, jugeant la situation trop risqu\u00e9e.<\/p>\n\n\n\n<figure class=\"wp-block-image\"><img decoding=\"async\" src=\"https:\/\/web.archive.org\/web\/20180904072329im_\/http:\/\/www.nagibel.be\/uploads\/images\/compet\/98monde 2003.jpg\" alt=\"\"\/><\/figure>\n\n\n\n<p>Le 24 juin 2003 les repr\u00e9sentants de \nnotre club sont partis de Zaventem vers San Francisco pour les 3\u00e8me \nChampionnats du Monde de Naginata. <\/p>\n\n\n\n<p>Apr\u00e8s un long voyage sans encombre \nFabienne, Isabelle, Meryem, David, Jonathan, Tyl et Fran\u00e7ois \nd\u00e9couvrirent la Californie de nuit avant de rejoindre leur auberge de \njeunesse \u00e0 Fort Mason, au bord de la baie de San Francisco. Apr\u00e8s une \nbonne nuit de repos notre petite \u00e9quipe s\u2019arr\u00eata, parmi bien d\u2019autres \nvisites, \u00e0 la maison de th\u00e9 du Jardin Japonais afin de porter un toast \u00e0\n un grand absent Marc, dont nous sentions l\u2019esprit nous accompagner.<\/p>\n\n\n\n<figure class=\"wp-block-image\"><img decoding=\"async\" src=\"https:\/\/web.archive.org\/web\/20180904072329im_\/http:\/\/www.nagibel.be\/uploads\/images\/gallery\/san jose.jpg\" alt=\"\"\/><\/figure>\n\n\n\n<p> Je saute quelques \u00e9tapes pour vous \nparler de la Welcome Party, o\u00f9 nos superbes kimonos firent forte \nimpression. Ce fut l\u2019occasion de revoir beaucoup d&#8217;amis et \u00e9galement de \nfaire connaissance avec de nouveaux venus comme les Canadiens. <\/p>\n\n\n\n<p>La f\u00eate fut aussi marqu\u00e9e par la \npr\u00e9sence de Monsieur Tadahiko Kondo vice pr\u00e9sident de l&#8217;INF, Madame \nYasuko Kimura, Madame Shizue Funahara , Madame Hashimoto Kumiko notre \nnouvelle pr\u00e9sidente de l&#8217;INF, Monsieur Alexander Bennett,  et encore \nbien d\u2019autres, mais je ne peux citer tout le monde. Les petites \nprestations artistiques de la France, des \u00c9tats Unis et de la Belgique \nvinrent \u00e9gayer la fin du repas, avant que tous ne prennent cong\u00e9s pour \nun repos indispensable.<\/p>\n\n\n\n<figure class=\"wp-block-image\"><img decoding=\"async\" src=\"https:\/\/web.archive.org\/web\/20180904072329im_\/http:\/\/www.nagibel.be\/uploads\/images\/compet\/10monde 2003.jpg\" alt=\"\"\/><\/figure>\n\n\n\n<p>Le jour des Championnats, la tension \n\u00e9tait palpable chez chacun d\u2019entre nous. Apr\u00e8s une c\u00e9r\u00e9monie d\u2019ouverture\n marqu\u00e9e par un discours incisif de monsieur Kondo \u00e0 l\u2019\u00e9gard des  \njaponais, nous avons assist\u00e9 \u00e0 des danses folkloriques d\u2019indiens \nd\u2019Am\u00e9rique Centrale. <\/p>\n\n\n\n<p> Enfin le tournoi commen\u00e7a par la technique ; chaque couple dut pr\u00e9senter les premier, cinqui\u00e8me et sixi\u00e8me katas. <\/p>\n\n\n\n<p>Malgr\u00e9 la contre performance de David\n et Tyl, la Belgique parvint \u00e0 obtenir une deuxi\u00e8me place gr\u00e2ce \u00e0 \nFran\u00e7ois Dermine et Philibert Vandersleyen (du  Kenbukan). Les USA \ns\u2019impos\u00e8rent dans cette \u00e9preuve. <\/p>\n\n\n\n<p>Ensuite les pr\u00e9sentations des rythmiques de la Belgique et des Etats Unis vinrent cl\u00f4turer la premi\u00e8re partie du Championnat. <\/p>\n\n\n\n<figure class=\"wp-block-image\"><img decoding=\"async\" src=\"https:\/\/web.archive.org\/web\/20180904072329im_\/http:\/\/www.nagibel.be\/uploads\/images\/compet\/monde 2003.jpg\" alt=\"\"\/><\/figure>\n\n\n\n<p>La comp\u00e9tition individuelle f\u00e9minine \nfut remport\u00e9e par Jana Soukupova de Tch\u00e9quie devant Catherine Parisis de\n France et Annick Henrot de Belgique (du Kenbukan). <\/p>\n\n\n\n<p>Apr\u00e8s un bon repas, la  comp\u00e9tition individuelle homme fut une v\u00e9ritable cons\u00e9cration de la Belgique et surtout de notre club. <\/p>\n\n\n\n<p>En effet ; apr\u00e8s avoir vaincu tous \nleurs adversaires ; Tyl Dermine, Jonathan D\u2019hose et Francois Dermine se \nhiss\u00e8rent dans cet ordre aux trois premi\u00e8res places. Ce fut un grand \nmoment pour eux comme pour leurs professeurs. <\/p>\n\n\n\n<p>Ensuite l&#8217;\u00e9quipe f\u00e9minine permis \u00e0 la\n Belgique, gr\u00e2ce \u00e0 Fabienne Bauwens, Sandra Vandevijver et Annick Henrot\n de d\u00e9crocher une deuxi\u00e8me place apr\u00e8s la France. L\u2019\u00e9quipe masculine \ncompos\u00e9e de David D\u2019hose, Jonathan D\u2019hose et Fran\u00e7ois Dermine fit aussi \nbien derri\u00e8re les Etats Unis. <\/p>\n\n\n\n<p>Tous ces excellent r\u00e9sultats \npermirent \u00e0 la Belgique de s\u2019imposer premi\u00e8re nation du Naginata. M\u00eame \nsi l\u2019absence des Japonais fausse  les donn\u00e9es du probl\u00e8me c\u2019est un \nexploit qu\u2019il ne sera pas facile de renouveler mais nous nous y \nemploieront. <\/p>\n\n\n\n<figure class=\"wp-block-image\"><img decoding=\"async\" src=\"https:\/\/web.archive.org\/web\/20180904072329im_\/http:\/\/www.nagibel.be\/uploads\/images\/compet\/vic1 monde2003.jpg\" alt=\"\"\/><\/figure>\n\n\n\n<p>La c\u00e9r\u00e9monie de cl\u00f4ture fut anim\u00e9e de\n combat Naginata contre Kendo surprenant en tous points.  Apr\u00e8s tant \nd\u2019\u00e9motions et une bonne nuit de sommeil le Goodwill tournament Dan du \nlendemain consacra Philibert Vandersleyen (du Kenbukan) et David D\u2019hose.\n <\/p>\n\n\n\n<p>Au terme du stage de deux jours, \nFabienne Bauwens r\u00e9ussit l\u2019examen de premier grade d\u2019arbitre, David \nD\u2019hose obtint son quatri\u00e8me Dan et Isabelle D\u2019hose son premier Dan, \ndevenant ainsi la plus jeune premi\u00e8re dan que la Belgique ait connue. <\/p>\n\n\n\n<p>Apr\u00e8s des adieux chaleureux lors de \nla Sayonara party notre petit groupe c\u00e9l\u00e9bra sa victoire autour d\u2019un \nrepas dans le quartier chinois de San Fransisco. <\/p>\n\n\n\n<p>Encore Bravo \u00e0 nos champions\u2026et \u00e0 leurs professeurs.<\/p>\n\n\n\n<figure class=\"wp-block-image\"><img decoding=\"async\" src=\"https:\/\/web.archive.org\/web\/20180904072329im_\/http:\/\/www.nagibel.be\/uploads\/images\/compet\/78monde 2003.jpg\" alt=\"\"\/><\/figure>\n","protected":false},"excerpt":{"rendered":"<p>Malheureusement, le Japon n&#8217;\u00e9tait pas venu, jugeant la situation trop risqu\u00e9e. Le 24 juin 2003 les repr\u00e9sentants de notre club sont partis de Zaventem vers San Francisco pour les 3\u00e8me Championnats du Monde de Naginata. Apr\u00e8s un long voyage sans <a class=\"more-link\" href=\"http:\/\/nagibel.com\/index.php\/comme-si-vous-y-etiez-mondiaux-2003\/\">Continue reading <span class=\"screen-reader-text\">  Comme si vous y \u00e9tiez&#8230; Mondiaux 2003<\/span><span class=\"meta-nav\">&rarr;<\/span><\/a><\/p>\n","protected":false},"author":1,"featured_media":0,"parent":0,"menu_order":0,"comment_status":"closed","ping_status":"closed","template":"","meta":[],"_links":{"self":[{"href":"http:\/\/nagibel.com\/index.php\/wp-json\/wp\/v2\/pages\/294"}],"collection":[{"href":"http:\/\/nagibel.com\/index.php\/wp-json\/wp\/v2\/pages"}],"about":[{"href":"http:\/\/nagibel.com\/index.php\/wp-json\/wp\/v2\/types\/page"}],"author":[{"embeddable":true,"href":"http:\/\/nagibel.com\/index.php\/wp-json\/wp\/v2\/users\/1"}],"replies":[{"embeddable":true,"href":"http:\/\/nagibel.com\/index.php\/wp-json\/wp\/v2\/comments?post=294"}],"version-history":[{"count":1,"href":"http:\/\/nagibel.com\/index.php\/wp-json\/wp\/v2\/pages\/294\/revisions"}],"predecessor-version":[{"id":295,"href":"http:\/\/nagibel.com\/index.php\/wp-json\/wp\/v2\/pages\/294\/revisions\/295"}],"wp:attachment":[{"href":"http:\/\/nagibel.com\/index.php\/wp-json\/wp\/v2\/media?parent=294"}],"curies":[{"name":"wp","href":"https:\/\/api.w.org\/{rel}","templated":true}]}}