{"id":290,"date":"2019-09-01T17:25:45","date_gmt":"2019-09-01T15:25:45","guid":{"rendered":"http:\/\/nagibel.com\/?page_id=290"},"modified":"2019-09-01T17:25:46","modified_gmt":"2019-09-01T15:25:46","slug":"comme-si-vous-y-etiez-1999","status":"publish","type":"page","link":"http:\/\/nagibel.com\/index.php\/comme-si-vous-y-etiez-1999\/","title":{"rendered":"Comme si vous y \u00e9tiez&#8230;1999"},"content":{"rendered":"\n<p>C&#8217;est la France qui eut l&#8217;honneur d&#8217;organiser les 2\u00e8me championnat du Monde.<\/p>\n\n\n\n<figure class=\"wp-block-image\"><img decoding=\"async\" src=\"https:\/\/web.archive.org\/web\/20180904032950im_\/http:\/\/www.nagibel.be\/uploads\/images\/historique\/2eme champ monde.jpg\" alt=\"\"\/><\/figure>\n\n\n\n<p>En effet, la France a obtenu les \nmeilleurs r\u00e9sultats apr\u00e8s le Japon lors du pr\u00e9c\u00e9dent championnat et \nsurtout, car la France est le berceau du naginata europ\u00e9en gr\u00e2ce \u00e0 Mme \nCharton.<\/p>\n\n\n\n<p>Le championnat compte 2 nations de plus: l&#8217;Italie et la Tch\u00e9quie.<\/p>\n\n\n\n<figure class=\"wp-block-image\"><img decoding=\"async\" src=\"https:\/\/web.archive.org\/web\/20180904032950im_\/http:\/\/www.nagibel.be\/uploads\/images\/Evenement\/nagmonde99m.jpg\" alt=\"\"\/><\/figure>\n\n\n\n<p>Sans surprise, c&#8217;est le Japon qui \nl&#8217;emporta, suivit par les USA et la France. Les r\u00e9sultats n&#8217;\u00e9tonn\u00e8rent \npersonne. Pourtant le niveau technique des diff\u00e9rentes nations \u00e9tait \nnettement sup\u00e9rieur qu&#8217;en 1995,  peut-\u00eatre que les prochains \nchampionnats du monde seront plus difficiles \u00e0 remporter pour les \nJaponais. <\/p>\n\n\n\n<p>Une fois de plus cette rencontre \ninternational fut tr\u00e8s enrichissante pour chacun tant humainement que \npour la pratique du naginata.\n Les participants belges se distingu\u00e8rent n\u00e9anmoins en goodwill:\n<\/p>\n\n\n\n<p>Cat\u00e9gorie 1 et 2\u00e8me Dan: 1\u00e8re place: David D&#8217;Hose<\/p>\n\n\n\n<p>Cat\u00e9gorie kyu junior: 3\u00e8me place Jonathan D&#8217;Hose<\/p>\n\n\n\n<p>Cat\u00e9gorie kyu-dan junior: 3\u00e8me place Jonathan D&#8217;Hose<\/p>\n\n\n\n<p>Cat\u00e9gorie kyu adulte: 3\u00e8me place Charlotte Vandersleyen<\/p>\n\n\n\n<figure class=\"wp-block-image\"><img decoding=\"async\" src=\"https:\/\/web.archive.org\/web\/20180904032950im_\/http:\/\/www.nagibel.be\/uploads\/images\/Evenement\/nagmonde99n.jpg\" alt=\"\"\/><\/figure>\n\n\n\n<p> Les c\u00e9r\u00e9monies d&#8217;ouverture et de fermeture du championnat furent \u00e9gay\u00e9es de pr\u00e9sentations mariant po\u00e9sie et arts martiaux. <\/p>\n\n\n\n<p>Les Fran\u00e7ais ayant plac\u00e9 la barre \nassez haut, il est normale que les Etats Unis aient h\u00e9sit\u00e9 \u00e0 organiser \nles prochain championnat. Ils ont cependant relev\u00e9 le d\u00e9fi. <\/p>\n\n\n\n<p> Apr\u00e8s une Sayonara party bien arros\u00e9\n nous sommes partis quelques jours \u00e0 Vichy pour un grand stage \ninternational anim\u00e9 par les senseis japonaises. Ce fut l&#8217;occasion pour \ncertains d&#8217;entre nous d&#8217;affiner notre technique et de passer un grade.<\/p>\n","protected":false},"excerpt":{"rendered":"<p>C&#8217;est la France qui eut l&#8217;honneur d&#8217;organiser les 2\u00e8me championnat du Monde. En effet, la France a obtenu les meilleurs r\u00e9sultats apr\u00e8s le Japon lors du pr\u00e9c\u00e9dent championnat et surtout, car la France est le berceau du naginata europ\u00e9en gr\u00e2ce <a class=\"more-link\" href=\"http:\/\/nagibel.com\/index.php\/comme-si-vous-y-etiez-1999\/\">Continue reading <span class=\"screen-reader-text\">  Comme si vous y \u00e9tiez&#8230;1999<\/span><span class=\"meta-nav\">&rarr;<\/span><\/a><\/p>\n","protected":false},"author":1,"featured_media":0,"parent":0,"menu_order":0,"comment_status":"closed","ping_status":"closed","template":"","meta":[],"_links":{"self":[{"href":"http:\/\/nagibel.com\/index.php\/wp-json\/wp\/v2\/pages\/290"}],"collection":[{"href":"http:\/\/nagibel.com\/index.php\/wp-json\/wp\/v2\/pages"}],"about":[{"href":"http:\/\/nagibel.com\/index.php\/wp-json\/wp\/v2\/types\/page"}],"author":[{"embeddable":true,"href":"http:\/\/nagibel.com\/index.php\/wp-json\/wp\/v2\/users\/1"}],"replies":[{"embeddable":true,"href":"http:\/\/nagibel.com\/index.php\/wp-json\/wp\/v2\/comments?post=290"}],"version-history":[{"count":1,"href":"http:\/\/nagibel.com\/index.php\/wp-json\/wp\/v2\/pages\/290\/revisions"}],"predecessor-version":[{"id":291,"href":"http:\/\/nagibel.com\/index.php\/wp-json\/wp\/v2\/pages\/290\/revisions\/291"}],"wp:attachment":[{"href":"http:\/\/nagibel.com\/index.php\/wp-json\/wp\/v2\/media?parent=290"}],"curies":[{"name":"wp","href":"https:\/\/api.w.org\/{rel}","templated":true}]}}