{"id":288,"date":"2019-09-01T17:23:24","date_gmt":"2019-09-01T15:23:24","guid":{"rendered":"http:\/\/nagibel.com\/?page_id=288"},"modified":"2019-09-01T17:23:24","modified_gmt":"2019-09-01T15:23:24","slug":"comme-si-vous-etiez-1995","status":"publish","type":"page","link":"http:\/\/nagibel.com\/index.php\/comme-si-vous-etiez-1995\/","title":{"rendered":"Comme si vous \u00e9tiez..1995"},"content":{"rendered":"\n<figure class=\"wp-block-image\"><img decoding=\"async\" src=\"https:\/\/web.archive.org\/web\/20180904074612im_\/http:\/\/www.nagibel.be\/uploads\/images\/historique\/1erchamp du monde.jpg\" alt=\"\"\/><\/figure>\n\n\n\n<p>En juillet 1995 le Japon organisa le premier championnat du monde de naginata. <\/p>\n\n\n\n<p>Il y avait bien eut des rencontres \ninternationales auparavant en 1990 \u00e0 Tokyo et 1992 \u00e0 Paris mais en 1995 \nle titre officiel de championnat du monde fut attribu\u00e9 \u00e0 cette rencontre\n r\u00e9unissant les Etats-Unis, la France, la Nouvelle Z\u00e9lande, les \nPays-Bas, le Br\u00e9sil, la Su\u00e8de et la Belgique. <\/p>\n\n\n\n<p>Notre \u00e9quipe se composait de Roger Hannoset, Simone Hannoset, Fabienne Bauwens, Marc Appelmans, Jonathan D&#8217;hose et David D&#8217;hose.<\/p>\n\n\n\n<p> Bien que notre faible niveau, \u00e0 \ncette \u00e9poque, ne nous ai pas permis  de briller lors des comp\u00e9titions \ntechniques et les shiais, notre rythmique naginata remporta un franc \nsucc\u00e8s. En effet Roger Hannoset s\u00e9lectionna la musique de la panth\u00e8re \nrose, ce qui donna une touche d&#8217;humour et d&#8217;originalit\u00e9 qui \u00e9tonna et \nnous permis de remport\u00e9 la troisi\u00e8me place. <\/p>\n\n\n\n<figure class=\"wp-block-image\"><img decoding=\"async\" src=\"https:\/\/web.archive.org\/web\/20180904074612im_\/http:\/\/www.nagibel.be\/uploads\/images\/gallery\/nagmonde95w.jpg\" alt=\"\"\/><\/figure>\n\n\n\n<p> Apr\u00e8s le championnat du monde les \ndiff\u00e9rentes nations ont particip\u00e9 \u00e0 un s\u00e9minaire international \u00e0 \nYamagata. Il y fut \u00e9galement organis\u00e9 un tournoi amical au cours duquel \nFabienne Bauwens et David D&#8217;hose remport\u00e8rent la deuxi\u00e8me place \u00e0 la \ncomp\u00e9tition Engi. Les rencontres de ce genre sont importantes pour faire\n \u00e9voluer notre naginata mais elles nous permettent \u00e9galement de cr\u00e9er \ndes liens avec des personnes qui partagent la m\u00eame passion.<\/p>\n\n\n\n<figure class=\"wp-block-image\"><img decoding=\"async\" src=\"https:\/\/web.archive.org\/web\/20180904074612im_\/http:\/\/www.nagibel.be\/uploads\/images\/Evenement\/nagmonde95m.jpg\" alt=\"\"\/><\/figure>\n\n\n\n<p>\n Ici  Marc Gerun (France) en grande conversation avec Kevin Saxton \n(Etats Unis) et Jonathan D&#8217;hose. Quelqu&#8217;en soient les r\u00e9sultats ces \nrencontres sont toujours tr\u00e8s enrichissantes.<\/p>\n","protected":false},"excerpt":{"rendered":"<p>En juillet 1995 le Japon organisa le premier championnat du monde de naginata. Il y avait bien eut des rencontres internationales auparavant en 1990 \u00e0 Tokyo et 1992 \u00e0 Paris mais en 1995 le titre officiel de championnat du monde <a class=\"more-link\" href=\"http:\/\/nagibel.com\/index.php\/comme-si-vous-etiez-1995\/\">Continue reading <span class=\"screen-reader-text\">  Comme si vous \u00e9tiez..1995<\/span><span class=\"meta-nav\">&rarr;<\/span><\/a><\/p>\n","protected":false},"author":1,"featured_media":0,"parent":0,"menu_order":0,"comment_status":"closed","ping_status":"closed","template":"","meta":[],"_links":{"self":[{"href":"http:\/\/nagibel.com\/index.php\/wp-json\/wp\/v2\/pages\/288"}],"collection":[{"href":"http:\/\/nagibel.com\/index.php\/wp-json\/wp\/v2\/pages"}],"about":[{"href":"http:\/\/nagibel.com\/index.php\/wp-json\/wp\/v2\/types\/page"}],"author":[{"embeddable":true,"href":"http:\/\/nagibel.com\/index.php\/wp-json\/wp\/v2\/users\/1"}],"replies":[{"embeddable":true,"href":"http:\/\/nagibel.com\/index.php\/wp-json\/wp\/v2\/comments?post=288"}],"version-history":[{"count":1,"href":"http:\/\/nagibel.com\/index.php\/wp-json\/wp\/v2\/pages\/288\/revisions"}],"predecessor-version":[{"id":289,"href":"http:\/\/nagibel.com\/index.php\/wp-json\/wp\/v2\/pages\/288\/revisions\/289"}],"wp:attachment":[{"href":"http:\/\/nagibel.com\/index.php\/wp-json\/wp\/v2\/media?parent=288"}],"curies":[{"name":"wp","href":"https:\/\/api.w.org\/{rel}","templated":true}]}}