{"id":285,"date":"2019-09-01T17:17:37","date_gmt":"2019-09-01T15:17:37","guid":{"rendered":"http:\/\/nagibel.com\/?page_id=285"},"modified":"2019-09-01T17:17:37","modified_gmt":"2019-09-01T15:17:37","slug":"comme-si-vous-y-etiez-belgique-2017","status":"publish","type":"page","link":"http:\/\/nagibel.com\/index.php\/comme-si-vous-y-etiez-belgique-2017\/","title":{"rendered":"Comme si vous y \u00e9tiez..Belgique 2017"},"content":{"rendered":"\n<p>Quelle histoire ce championnat de Belgique!<\/p>\n\n\n\n<p>Il n&#8217;y en avait plus eu depuis si longtemps, et puis \u00e0 pr\u00e9sent il n&#8217;y a plus qu&#8217;un seul club&#8230;L&#8217;organiser avait-il un sens?<\/p>\n\n\n\n<p>\u00c9videment que oui!<\/p>\n\n\n\n<p>D&#8217;abord, car un championnat un lieu d&#8217;apprentissage tr\u00e8s important. On a beau avoir fais cent fois les m\u00eame gestes en cours, conna\u00eetre les juges, tout d&#8217;un coup \u00e0 l&#8217;id\u00e9e d&#8217;une comp\u00e9tition, on stresse, on panique, on doute,&#8230;et ce sont ces sentiments qu&#8217;il faut apprendre \u00e0 ma\u00eetriser et pour cela&#8230;Rien ne vaut la pratique!<\/p>\n\n\n\n<p>Et puis, organiser un championnat, c&#8217;est aussi un bon apprentissage. Est-ce que tout le monde ce rappel bien des dimensions du shiai-jo? Des gestes d&#8217;arbitrages?<\/p>\n\n\n\n<p>Ensuite car les comp\u00e9titions, il n&#8217;y en a pas souvent. Il faut avoir l&#8217;age requis, \u00eatre disponible, voyager, \u00eatre s\u00e9lectionner,&#8230;Bref, les comp\u00e9titions sont assez rare, une de plus est toujours l\u00e0 bienvenu. Alors en plus, si on peut d\u00e9couvrir le monde de la comp\u00e9tition dans un cadre informel et bienveillant, c&#8217;est parfait!<\/p>\n\n\n\n<p>Pour finir, bien-s\u00fbr, rien ne vaut une petite comp\u00e9tition amicale pour souder une \u00e9quipe. Entre les situations cocasses (il faut dire que les arbitres \u00e9taient aussi combattants) et le resto de fin, on s&#8217;est bien amus\u00e9.<\/p>\n\n\n\n<p>A la prochaine..?<\/p>\n\n\n\n<p><\/p>\n","protected":false},"excerpt":{"rendered":"<p>Quelle histoire ce championnat de Belgique! Il n&#8217;y en avait plus eu depuis si longtemps, et puis \u00e0 pr\u00e9sent il n&#8217;y a plus qu&#8217;un seul club&#8230;L&#8217;organiser avait-il un sens? \u00c9videment que oui! D&#8217;abord, car un championnat un lieu d&#8217;apprentissage tr\u00e8s <a class=\"more-link\" href=\"http:\/\/nagibel.com\/index.php\/comme-si-vous-y-etiez-belgique-2017\/\">Continue reading <span class=\"screen-reader-text\">  Comme si vous y \u00e9tiez..Belgique 2017<\/span><span class=\"meta-nav\">&rarr;<\/span><\/a><\/p>\n","protected":false},"author":1,"featured_media":0,"parent":0,"menu_order":0,"comment_status":"closed","ping_status":"closed","template":"","meta":[],"_links":{"self":[{"href":"http:\/\/nagibel.com\/index.php\/wp-json\/wp\/v2\/pages\/285"}],"collection":[{"href":"http:\/\/nagibel.com\/index.php\/wp-json\/wp\/v2\/pages"}],"about":[{"href":"http:\/\/nagibel.com\/index.php\/wp-json\/wp\/v2\/types\/page"}],"author":[{"embeddable":true,"href":"http:\/\/nagibel.com\/index.php\/wp-json\/wp\/v2\/users\/1"}],"replies":[{"embeddable":true,"href":"http:\/\/nagibel.com\/index.php\/wp-json\/wp\/v2\/comments?post=285"}],"version-history":[{"count":1,"href":"http:\/\/nagibel.com\/index.php\/wp-json\/wp\/v2\/pages\/285\/revisions"}],"predecessor-version":[{"id":286,"href":"http:\/\/nagibel.com\/index.php\/wp-json\/wp\/v2\/pages\/285\/revisions\/286"}],"wp:attachment":[{"href":"http:\/\/nagibel.com\/index.php\/wp-json\/wp\/v2\/media?parent=285"}],"curies":[{"name":"wp","href":"https:\/\/api.w.org\/{rel}","templated":true}]}}