{"id":272,"date":"2019-09-01T17:00:13","date_gmt":"2019-09-01T15:00:13","guid":{"rendered":"http:\/\/nagibel.com\/?page_id=272"},"modified":"2019-09-01T17:01:26","modified_gmt":"2019-09-01T15:01:26","slug":"championnat-de-belgique-2017","status":"publish","type":"page","link":"http:\/\/nagibel.com\/index.php\/championnat-de-belgique-2017\/","title":{"rendered":"Championnat de Belgique 2017"},"content":{"rendered":"\n<p>Chers pratiquants,  comme chaque ann\u00e9e&#8230;. Je corrige! <\/p>\n\n\n\n<p>Apr\u00e8s 15 ann\u00e9es sans championnat de \nBelgique, nous avons d\u00e9cid\u00e9 de remettre cet \u00e9v\u00e9nement sur pied afin de \nvous pr\u00e9parer aux comp\u00e9titions \u00e0 venir. <\/p>\n\n\n\n<p>C&#8217;est donc avec une joie toute l\u00e9gitime que je vous convie aux championnats de Belgique de Naginata 2017.<\/p>\n\n\n\n<figure class=\"wp-block-image\"><img decoding=\"async\" src=\"https:\/\/web.archive.org\/web\/20180904042550im_\/http:\/\/www.nagibel.be\/uploads\/images\/compet\/DSC04228-1.jpg\" alt=\"\"\/><\/figure>\n\n\n\n<h2><strong>Engi:<\/strong><\/h2>\n\n\n\n<ul><li> 1er place :  Miguel &#8211; Armen<\/li><li> 2\u00e9me place : Tim &#8211; L\u00e9on<\/li><li> 3\u00e9me place:  Sacha &#8211; Fran\u00e7ois <\/li><\/ul>\n\n\n\n<h2><strong>Shiai Kyu: <\/strong><\/h2>\n\n\n\n<ul><li>1er place: Ga\u00eblle Hau<\/li><li> 2\u00e9me place: Armen Ter Stepanian<\/li><li>3\u00e9me place:  Miguel Peters <\/li><\/ul>\n\n\n\n<h2><strong> Shai Dan:<\/strong><\/h2>\n\n\n\n<ul><li>1er place:    Tyl Dermine <\/li><li>2\u00e9me place: Fran\u00e7ois Dermine <\/li><li>3\u00e9me place:  David D&#8217;hose<\/li><\/ul>\n\n\n\n<figure class=\"wp-block-image\"><img decoding=\"async\" src=\"https:\/\/web.archive.org\/web\/20180904042550im_\/http:\/\/www.nagibel.be\/uploads\/images\/compet\/DSC04239-5.jpg\" alt=\"\"\/><\/figure>\n","protected":false},"excerpt":{"rendered":"<p>Chers pratiquants, comme chaque ann\u00e9e&#8230;. Je corrige! Apr\u00e8s 15 ann\u00e9es sans championnat de Belgique, nous avons d\u00e9cid\u00e9 de remettre cet \u00e9v\u00e9nement sur pied afin de vous pr\u00e9parer aux comp\u00e9titions \u00e0 venir. C&#8217;est donc avec une joie toute l\u00e9gitime que je <a class=\"more-link\" href=\"http:\/\/nagibel.com\/index.php\/championnat-de-belgique-2017\/\">Continue reading <span class=\"screen-reader-text\">  Championnat de Belgique 2017<\/span><span class=\"meta-nav\">&rarr;<\/span><\/a><\/p>\n","protected":false},"author":1,"featured_media":0,"parent":0,"menu_order":0,"comment_status":"closed","ping_status":"closed","template":"","meta":[],"_links":{"self":[{"href":"http:\/\/nagibel.com\/index.php\/wp-json\/wp\/v2\/pages\/272"}],"collection":[{"href":"http:\/\/nagibel.com\/index.php\/wp-json\/wp\/v2\/pages"}],"about":[{"href":"http:\/\/nagibel.com\/index.php\/wp-json\/wp\/v2\/types\/page"}],"author":[{"embeddable":true,"href":"http:\/\/nagibel.com\/index.php\/wp-json\/wp\/v2\/users\/1"}],"replies":[{"embeddable":true,"href":"http:\/\/nagibel.com\/index.php\/wp-json\/wp\/v2\/comments?post=272"}],"version-history":[{"count":2,"href":"http:\/\/nagibel.com\/index.php\/wp-json\/wp\/v2\/pages\/272\/revisions"}],"predecessor-version":[{"id":274,"href":"http:\/\/nagibel.com\/index.php\/wp-json\/wp\/v2\/pages\/272\/revisions\/274"}],"wp:attachment":[{"href":"http:\/\/nagibel.com\/index.php\/wp-json\/wp\/v2\/media?parent=272"}],"curies":[{"name":"wp","href":"https:\/\/api.w.org\/{rel}","templated":true}]}}