{"id":264,"date":"2019-09-01T16:53:12","date_gmt":"2019-09-01T14:53:12","guid":{"rendered":"http:\/\/nagibel.com\/?page_id=264"},"modified":"2019-09-01T16:53:12","modified_gmt":"2019-09-01T14:53:12","slug":"comme-si-vous-y-etiez-belgique-2004","status":"publish","type":"page","link":"http:\/\/nagibel.com\/index.php\/comme-si-vous-y-etiez-belgique-2004\/","title":{"rendered":"Comme si vous y \u00e9tiez..Belgique 2004"},"content":{"rendered":"\n<p>Une fois par an tous les pratiquants de naginata de Belgique se r\u00e9unissent pour un petit tournoi. <\/p>\n\n\n\n<p>C&#8217;est toujours une joie de se \nretrouver et de constater \u00e0 quel point tel ou tel personne a \u00e9volu\u00e9e, ou\n de voir appara\u00eetre des nouveaux de tous les clubs. Bien s\u00fbr les regards\n de tueurs et l&#8217;ambiance guerri\u00e8re augmentent au fur et \u00e0 mesure de la \njourn\u00e9e, jusqu&#8217;\u00e0 l&#8217;apoth\u00e9ose des finales qui cl\u00f4turent les affrontements\n entre belges jusqu&#8217;\u00e0 l&#8217;ann\u00e9e suivante !<\/p>\n\n\n\n<p> Cette fois, pour encadrer les  arbitres des comp\u00e9titions nous avons accueilli C\u00e9cile Hamot (Renshi  fran\u00e7aise), et son aide s\u2019est r\u00e9v\u00e9l\u00e9e aussi pr\u00e9cieuse que sa pr\u00e9sence  pour accentuer l\u2019impartialit\u00e9 des arbitres. <\/p>\n\n\n\n<p>Une autre pratiquante fran\u00e7aise  l\u2019accompagnait Sylvie M\u00e9rieult, qui de son cot\u00e9 apporta son aide aux  b\u00e9n\u00e9voles de la table d\u2019arbitrage, sans qui il n\u2019y aurait tout  simplement pas de tournoi\u00a0!  <\/p>\n\n\n\n<p>L\u2019affluence de nouveaux nous permit  d\u2019organiser une comp\u00e9tition technique pour d\u00e9butants, par laquelle le tournoi commen\u00e7a apr\u00e8s une br\u00e8ve c\u00e9r\u00e9monie d\u2019ouverture. Les couples  devaient pr\u00e9senter les premiers et deuxi\u00e8me katas, et c\u2019est avec brio  que Pascale et Tim d\u00e9croch\u00e8rent la deuxi\u00e8me place de ce tournoi\u2026 Beaux  d\u00e9buts\u00a0!<\/p>\n\n\n\n<p>La comp\u00e9tition technique avanc\u00e9e, plus disput\u00e9e, eut son lot de surprises.<\/p>\n\n\n\n<p> Suivant les directives techniques de C\u00e9cile, les 5 arbitres d\u00e9partag\u00e8rent les couples sur les 5\u00e8me, 6\u00e8me et 7\u00e8me katas. Ce ne fut pas sans mal que nos repr\u00e9sentant se hiss\u00e8rent en  final, o\u00f9 les d\u00e9tails firent la diff\u00e9rence. Bravo \u00e0 tous. <\/p>\n\n\n\n<p> Les combats sont souvent attendus par tous, et cette ann\u00e9e nous avions seulement deux cat\u00e9gories\u00a0: femmes et hommes.<\/p>\n\n\n\n<p> Nos combattantes d\u00e9fendirent avec hargne le titre durement acquis l\u2019ann\u00e9e derni\u00e8re et c\u2019est sur une  superbe finale que Isabelle D\u2019hose remporta le tournoi.<\/p>\n\n\n\n<p> La comp\u00e9tition homme fut encore plus disput\u00e9e et malgr\u00e9 les performances impressionnantes des moins avanc\u00e9s, c\u2019est le trio vainqueur des Championnats du Monde qui s\u2019imposa, exactement dans le m\u00eame ordre. Les combats \u00e9taient magnifiques, et les fran\u00e7aises en salu\u00e8rent le niveau.<\/p>\n\n\n\n<p> Enfin pour finir la journ\u00e9e en beaut\u00e9, nous avons d\u00een\u00e9 dans un petit resto des environs o\u00f9 chacun  s\u2019exprima \u00e0 sa mani\u00e8re sur les joies de la journ\u00e9e \u2026<\/p>\n\n\n\n<p> A l\u2019ann\u00e9e prochaine\u2026<\/p>\n","protected":false},"excerpt":{"rendered":"<p>Une fois par an tous les pratiquants de naginata de Belgique se r\u00e9unissent pour un petit tournoi. C&#8217;est toujours une joie de se retrouver et de constater \u00e0 quel point tel ou tel personne a \u00e9volu\u00e9e, ou de voir appara\u00eetre <a class=\"more-link\" href=\"http:\/\/nagibel.com\/index.php\/comme-si-vous-y-etiez-belgique-2004\/\">Continue reading <span class=\"screen-reader-text\">  Comme si vous y \u00e9tiez..Belgique 2004<\/span><span class=\"meta-nav\">&rarr;<\/span><\/a><\/p>\n","protected":false},"author":1,"featured_media":0,"parent":0,"menu_order":0,"comment_status":"closed","ping_status":"closed","template":"","meta":[],"_links":{"self":[{"href":"http:\/\/nagibel.com\/index.php\/wp-json\/wp\/v2\/pages\/264"}],"collection":[{"href":"http:\/\/nagibel.com\/index.php\/wp-json\/wp\/v2\/pages"}],"about":[{"href":"http:\/\/nagibel.com\/index.php\/wp-json\/wp\/v2\/types\/page"}],"author":[{"embeddable":true,"href":"http:\/\/nagibel.com\/index.php\/wp-json\/wp\/v2\/users\/1"}],"replies":[{"embeddable":true,"href":"http:\/\/nagibel.com\/index.php\/wp-json\/wp\/v2\/comments?post=264"}],"version-history":[{"count":1,"href":"http:\/\/nagibel.com\/index.php\/wp-json\/wp\/v2\/pages\/264\/revisions"}],"predecessor-version":[{"id":265,"href":"http:\/\/nagibel.com\/index.php\/wp-json\/wp\/v2\/pages\/264\/revisions\/265"}],"wp:attachment":[{"href":"http:\/\/nagibel.com\/index.php\/wp-json\/wp\/v2\/media?parent=264"}],"curies":[{"name":"wp","href":"https:\/\/api.w.org\/{rel}","templated":true}]}}