{"id":261,"date":"2019-09-01T16:50:03","date_gmt":"2019-09-01T14:50:03","guid":{"rendered":"http:\/\/nagibel.com\/?page_id=261"},"modified":"2019-09-01T16:50:03","modified_gmt":"2019-09-01T14:50:03","slug":"championnat-de-belgique-2004","status":"publish","type":"page","link":"http:\/\/nagibel.com\/index.php\/championnat-de-belgique-2004\/","title":{"rendered":"Championnat de Belgique 2004"},"content":{"rendered":"\n<p>Le 16\/10\/2004 avait lieu les championnats de Belgique. Voici les r\u00e9sultats:<\/p>\n<p><img decoding=\"async\" loading=\"lazy\" src=\"https:\/\/web.archive.org\/web\/20180904043703im_\/http:\/\/www.nagibel.be\/uploads\/images\/compet\/affichebig.jpg\" alt=\"\" width=\"367\" height=\"521\" \/><\/p>\n<p><strong>Engi d\u00e9butant:<\/strong><\/p>\n<p>1\u00e8re place: M. Liu -T. Lemaire<\/p>\n<p>2\u00e8me place: P. Decoster &#8211; T. Wiame<\/p>\n<p>3\u00e8me place: V. Cattoir -L. Truong<\/p>\n<p><strong>Engi avanc\u00e9:<\/strong><\/p>\n<p>1\u00e8re place: I. D&#8217;Hose &#8211; T. Dermine<\/p>\n<p>2\u00e8me place: L. Dumonceau &#8211; F. Dermine<\/p>\n<p>3\u00e8me place: C. Vandersleyen &#8211; P. Vandersleyen<\/p>\n<p>&nbsp;<\/p>\n<p><strong>Individuel Femme:<\/strong><\/p>\n<p>1\u00e8re place: Isabelle D&#8217;Hose<\/p>\n<p>2\u00e8me place: Charlotte Vandersleyen<\/p>\n<p>3\u00e8me place: Ang\u00e9lique Laurent<\/p>\n<p>&nbsp;<\/p>\n<p><strong>Individuel Homme:<\/strong><\/p>\n<p>1\u00e8re place: Tyl Dermine<\/p>\n<p>2\u00e8me place: Jonathan D&#8217;Hose<\/p>\n<p>3\u00e8me place: Fran\u00e7ois Dermine<\/p>\n<p>&nbsp;<\/p>\n<p><strong>Fighting spirit:<\/strong><\/p>\n<p>Angelique Laurent et Yves Grafteaux<\/p>\n","protected":false},"excerpt":{"rendered":"<p>Le 16\/10\/2004 avait lieu les championnats de Belgique. Voici les r\u00e9sultats: Engi d\u00e9butant: 1\u00e8re place: M. Liu -T. Lemaire 2\u00e8me place: P. Decoster &#8211; T. Wiame 3\u00e8me place: V. Cattoir -L. Truong Engi avanc\u00e9: 1\u00e8re place: I. D&#8217;Hose &#8211; T. <a class=\"more-link\" href=\"http:\/\/nagibel.com\/index.php\/championnat-de-belgique-2004\/\">Continue reading <span class=\"screen-reader-text\">  Championnat de Belgique 2004<\/span><span class=\"meta-nav\">&rarr;<\/span><\/a><\/p>\n","protected":false},"author":1,"featured_media":0,"parent":0,"menu_order":0,"comment_status":"closed","ping_status":"closed","template":"","meta":[],"_links":{"self":[{"href":"http:\/\/nagibel.com\/index.php\/wp-json\/wp\/v2\/pages\/261"}],"collection":[{"href":"http:\/\/nagibel.com\/index.php\/wp-json\/wp\/v2\/pages"}],"about":[{"href":"http:\/\/nagibel.com\/index.php\/wp-json\/wp\/v2\/types\/page"}],"author":[{"embeddable":true,"href":"http:\/\/nagibel.com\/index.php\/wp-json\/wp\/v2\/users\/1"}],"replies":[{"embeddable":true,"href":"http:\/\/nagibel.com\/index.php\/wp-json\/wp\/v2\/comments?post=261"}],"version-history":[{"count":2,"href":"http:\/\/nagibel.com\/index.php\/wp-json\/wp\/v2\/pages\/261\/revisions"}],"predecessor-version":[{"id":263,"href":"http:\/\/nagibel.com\/index.php\/wp-json\/wp\/v2\/pages\/261\/revisions\/263"}],"wp:attachment":[{"href":"http:\/\/nagibel.com\/index.php\/wp-json\/wp\/v2\/media?parent=261"}],"curies":[{"name":"wp","href":"https:\/\/api.w.org\/{rel}","templated":true}]}}