{"id":259,"date":"2019-09-01T16:39:58","date_gmt":"2019-09-01T14:39:58","guid":{"rendered":"http:\/\/nagibel.com\/?page_id=259"},"modified":"2019-09-01T16:39:58","modified_gmt":"2019-09-01T14:39:58","slug":"championnat-de-belgique-2003","status":"publish","type":"page","link":"http:\/\/nagibel.com\/index.php\/championnat-de-belgique-2003\/","title":{"rendered":"Championnat de Belgique 2003"},"content":{"rendered":"\n<p>Le 6\/12\/2003 avait lieu les championnats de Belgique. Voici les r\u00e9sultats:<\/p>\n\n\n\n<div class=\"wp-block-image\"><figure class=\"aligncenter\"><img decoding=\"async\" src=\"https:\/\/web.archive.org\/web\/20180904043214im_\/http:\/\/www.nagibel.be\/uploads\/images\/compet\/affiche2003petite.jpg\" alt=\"\"\/><\/figure><\/div>\n\n\n\n<p><strong>Engi:<\/strong><\/p>\n\n\n\n<p>1\u00e8re place: Jonathan D&#8217;Hose -David D&#8217;Hose<\/p>\n\n\n\n<p>2\u00e8me place: Tyl Dermine &#8211; Fran\u00e7ois Dermine<\/p>\n\n\n\n<p>3\u00e8me place: Gilles Spoo &#8211; Sandra Vandervijver<\/p>\n\n\n\n<p><strong>Individuel Femme:<\/strong><\/p>\n\n\n\n<p>1\u00e8re place: Laurence Dumonceau<\/p>\n\n\n\n<p>2\u00e8me place: Isabelle D&#8217;Hose<\/p>\n\n\n\n<p>3\u00e8me place: Sandra Vandervijver<\/p>\n\n\n\n<p><strong>Individuel homme:<\/strong><\/p>\n\n\n\n<p>1\u00e8re place: Fran\u00e7ois Dermine<\/p>\n\n\n\n<p>2\u00e8me place: Tyl Dermine<\/p>\n\n\n\n<p>3\u00e8me place: Jonathan D&#8217;Hose<\/p>\n\n\n\n<p><strong>Fighting spirit:<\/strong><\/p>\n\n\n\n<p>Femme: Isabelle D&#8217;Hose<\/p>\n\n\n\n<p>Homme: David D&#8217;Hose<\/p>\n","protected":false},"excerpt":{"rendered":"<p>Le 6\/12\/2003 avait lieu les championnats de Belgique. Voici les r\u00e9sultats: Engi: 1\u00e8re place: Jonathan D&#8217;Hose -David D&#8217;Hose 2\u00e8me place: Tyl Dermine &#8211; Fran\u00e7ois Dermine 3\u00e8me place: Gilles Spoo &#8211; Sandra Vandervijver Individuel Femme: 1\u00e8re place: Laurence Dumonceau 2\u00e8me place: <a class=\"more-link\" href=\"http:\/\/nagibel.com\/index.php\/championnat-de-belgique-2003\/\">Continue reading <span class=\"screen-reader-text\">  Championnat de Belgique 2003<\/span><span class=\"meta-nav\">&rarr;<\/span><\/a><\/p>\n","protected":false},"author":1,"featured_media":0,"parent":0,"menu_order":0,"comment_status":"closed","ping_status":"closed","template":"","meta":[],"_links":{"self":[{"href":"http:\/\/nagibel.com\/index.php\/wp-json\/wp\/v2\/pages\/259"}],"collection":[{"href":"http:\/\/nagibel.com\/index.php\/wp-json\/wp\/v2\/pages"}],"about":[{"href":"http:\/\/nagibel.com\/index.php\/wp-json\/wp\/v2\/types\/page"}],"author":[{"embeddable":true,"href":"http:\/\/nagibel.com\/index.php\/wp-json\/wp\/v2\/users\/1"}],"replies":[{"embeddable":true,"href":"http:\/\/nagibel.com\/index.php\/wp-json\/wp\/v2\/comments?post=259"}],"version-history":[{"count":1,"href":"http:\/\/nagibel.com\/index.php\/wp-json\/wp\/v2\/pages\/259\/revisions"}],"predecessor-version":[{"id":260,"href":"http:\/\/nagibel.com\/index.php\/wp-json\/wp\/v2\/pages\/259\/revisions\/260"}],"wp:attachment":[{"href":"http:\/\/nagibel.com\/index.php\/wp-json\/wp\/v2\/media?parent=259"}],"curies":[{"name":"wp","href":"https:\/\/api.w.org\/{rel}","templated":true}]}}