{"id":257,"date":"2019-09-01T16:38:04","date_gmt":"2019-09-01T14:38:04","guid":{"rendered":"http:\/\/nagibel.com\/?page_id=257"},"modified":"2019-09-01T16:38:05","modified_gmt":"2019-09-01T14:38:05","slug":"championnat-de-belgique-2002","status":"publish","type":"page","link":"http:\/\/nagibel.com\/index.php\/championnat-de-belgique-2002\/","title":{"rendered":"Championnat de Belgique 2002"},"content":{"rendered":"\n<p>Le 29\/9\/2002 avait lieu le championnat de Belgique dont voici les r\u00e9sultats: <\/p>\n\n\n\n<div class=\"wp-block-image\"><figure class=\"aligncenter\"><img decoding=\"async\" src=\"https:\/\/web.archive.org\/web\/20180904072730im_\/http:\/\/www.nagibel.be\/uploads\/images\/compet\/affiche_championnat_de_ Belgique.jpg\" alt=\"\"\/><\/figure><\/div>\n\n\n\n<p><\/p>\n\n\n\n<p><strong>Engi:<\/strong><\/p>\n\n\n\n<p>1ere place: Tyl Dermine &#8211; David D&#8217;Hose<\/p>\n\n\n\n<p>2\u00e8me place: Charlotte Vandersleyen &#8211; Philibert Vandersleyen<\/p>\n\n\n\n<p>3\u00e8me place: Isabelle D&#8217;Hose &#8211; Fran\u00e7ois Dermine<\/p>\n\n\n\n<p><strong>Comp\u00e9tition Kyu femme:<\/strong><\/p>\n\n\n\n<p>1\u00e8re place: Sandra Vandevijver<\/p>\n\n\n\n<p>2\u00e8me place: Isabelle D&#8217;Hose<\/p>\n\n\n\n<p>3\u00e8me place: Angelique Laurent<\/p>\n\n\n\n<p><strong>Comp\u00e9tition kyu homme:<\/strong><\/p>\n\n\n\n<p>1\u00e8re place Yves Graftaux<\/p>\n\n\n\n<p>2\u00e8me place: Fr\u00e9d\u00e9ric Robert<\/p>\n\n\n\n<p>3\u00e8me place: Gilles Spoo<\/p>\n\n\n\n<p><strong>Comp\u00e9tition dan\/1er kyu:<\/strong><\/p>\n\n\n\n<p>1\u00e8re place: Fran\u00e7ois Dermine<\/p>\n\n\n\n<p>2\u00e8me place: Jonathan D&#8217;Hose<\/p>\n\n\n\n<p>3\u00e8me place: Philibert Vandersleyen<\/p>\n","protected":false},"excerpt":{"rendered":"<p>Le 29\/9\/2002 avait lieu le championnat de Belgique dont voici les r\u00e9sultats: Engi: 1ere place: Tyl Dermine &#8211; David D&#8217;Hose 2\u00e8me place: Charlotte Vandersleyen &#8211; Philibert Vandersleyen 3\u00e8me place: Isabelle D&#8217;Hose &#8211; Fran\u00e7ois Dermine Comp\u00e9tition Kyu femme: 1\u00e8re place: Sandra <a class=\"more-link\" href=\"http:\/\/nagibel.com\/index.php\/championnat-de-belgique-2002\/\">Continue reading <span class=\"screen-reader-text\">  Championnat de Belgique 2002<\/span><span class=\"meta-nav\">&rarr;<\/span><\/a><\/p>\n","protected":false},"author":1,"featured_media":0,"parent":0,"menu_order":0,"comment_status":"closed","ping_status":"closed","template":"","meta":[],"_links":{"self":[{"href":"http:\/\/nagibel.com\/index.php\/wp-json\/wp\/v2\/pages\/257"}],"collection":[{"href":"http:\/\/nagibel.com\/index.php\/wp-json\/wp\/v2\/pages"}],"about":[{"href":"http:\/\/nagibel.com\/index.php\/wp-json\/wp\/v2\/types\/page"}],"author":[{"embeddable":true,"href":"http:\/\/nagibel.com\/index.php\/wp-json\/wp\/v2\/users\/1"}],"replies":[{"embeddable":true,"href":"http:\/\/nagibel.com\/index.php\/wp-json\/wp\/v2\/comments?post=257"}],"version-history":[{"count":1,"href":"http:\/\/nagibel.com\/index.php\/wp-json\/wp\/v2\/pages\/257\/revisions"}],"predecessor-version":[{"id":258,"href":"http:\/\/nagibel.com\/index.php\/wp-json\/wp\/v2\/pages\/257\/revisions\/258"}],"wp:attachment":[{"href":"http:\/\/nagibel.com\/index.php\/wp-json\/wp\/v2\/media?parent=257"}],"curies":[{"name":"wp","href":"https:\/\/api.w.org\/{rel}","templated":true}]}}