{"id":161,"date":"2019-07-22T15:10:31","date_gmt":"2019-07-22T13:10:31","guid":{"rendered":"http:\/\/nagibel.com\/?page_id=161"},"modified":"2020-04-16T21:08:46","modified_gmt":"2020-04-16T19:08:46","slug":"21-juillet-2019-2","status":"publish","type":"page","link":"http:\/\/nagibel.com\/index.php\/21-juillet-2019-2\/","title":{"rendered":"21 juillet 2019"},"content":{"rendered":"\n<p>Suite aux d\u00e9monstrations et initiations du 21 juillet 2019, nous sommes pass\u00e9s au JT et avons eu droit \u00e0 quelques lignes dans diff\u00e9rents journaux.<\/p>\n\n\n\n<figure class=\"wp-block-image\"><img decoding=\"async\" loading=\"lazy\" width=\"1024\" height=\"463\" src=\"http:\/\/nagibel.com\/wp-content\/uploads\/2019\/07\/Capture-d\u2019\u00e9cran-de-2019-07-21-21-26-10-1-1024x463.png\" alt=\"\" class=\"wp-image-164\" srcset=\"http:\/\/nagibel.com\/wp-content\/uploads\/2019\/07\/Capture-d\u2019\u00e9cran-de-2019-07-21-21-26-10-1-1024x463.png 1024w, http:\/\/nagibel.com\/wp-content\/uploads\/2019\/07\/Capture-d\u2019\u00e9cran-de-2019-07-21-21-26-10-1-300x136.png 300w, http:\/\/nagibel.com\/wp-content\/uploads\/2019\/07\/Capture-d\u2019\u00e9cran-de-2019-07-21-21-26-10-1-768x347.png 768w, http:\/\/nagibel.com\/wp-content\/uploads\/2019\/07\/Capture-d\u2019\u00e9cran-de-2019-07-21-21-26-10-1.png 1645w\" sizes=\"(max-width: 1024px) 100vw, 1024px\" \/><figcaption>Fran\u00e7ois est interview\u00e9 par la RTBF<\/figcaption><\/figure>\n\n\n\n<figure class=\"wp-block-image\"><img decoding=\"async\" loading=\"lazy\" width=\"1024\" height=\"672\" src=\"http:\/\/nagibel.com\/wp-content\/uploads\/2019\/07\/Capture-d\u2019\u00e9cran-de-2019-07-22-14-25-33-1024x672.png\" alt=\"\" class=\"wp-image-162\" srcset=\"http:\/\/nagibel.com\/wp-content\/uploads\/2019\/07\/Capture-d\u2019\u00e9cran-de-2019-07-22-14-25-33-1024x672.png 1024w, http:\/\/nagibel.com\/wp-content\/uploads\/2019\/07\/Capture-d\u2019\u00e9cran-de-2019-07-22-14-25-33-300x197.png 300w, http:\/\/nagibel.com\/wp-content\/uploads\/2019\/07\/Capture-d\u2019\u00e9cran-de-2019-07-22-14-25-33-768x504.png 768w, http:\/\/nagibel.com\/wp-content\/uploads\/2019\/07\/Capture-d\u2019\u00e9cran-de-2019-07-22-14-25-33.png 1372w\" sizes=\"(max-width: 1024px) 100vw, 1024px\" \/><\/figure>\n\n\n\n<figure class=\"wp-block-image\"><img decoding=\"async\" loading=\"lazy\" width=\"819\" height=\"746\" src=\"http:\/\/nagibel.com\/wp-content\/uploads\/2019\/07\/nag.png\" alt=\"\" class=\"wp-image-173\" srcset=\"http:\/\/nagibel.com\/wp-content\/uploads\/2019\/07\/nag.png 819w, http:\/\/nagibel.com\/wp-content\/uploads\/2019\/07\/nag-300x273.png 300w, http:\/\/nagibel.com\/wp-content\/uploads\/2019\/07\/nag-768x700.png 768w\" sizes=\"(max-width: 819px) 100vw, 819px\" \/><\/figure>\n\n\n\n<figure class=\"wp-block-image\"><img decoding=\"async\" loading=\"lazy\" width=\"796\" height=\"715\" src=\"http:\/\/nagibel.com\/wp-content\/uploads\/2019\/07\/nagi.png\" alt=\"\" class=\"wp-image-174\" srcset=\"http:\/\/nagibel.com\/wp-content\/uploads\/2019\/07\/nagi.png 796w, http:\/\/nagibel.com\/wp-content\/uploads\/2019\/07\/nagi-300x269.png 300w, http:\/\/nagibel.com\/wp-content\/uploads\/2019\/07\/nagi-768x690.png 768w\" sizes=\"(max-width: 796px) 100vw, 796px\" \/><\/figure>\n\n\n\n<figure class=\"wp-block-image\"><img decoding=\"async\" loading=\"lazy\" width=\"661\" height=\"540\" src=\"http:\/\/nagibel.com\/wp-content\/uploads\/2019\/07\/naginata.png\" alt=\"\" class=\"wp-image-175\" srcset=\"http:\/\/nagibel.com\/wp-content\/uploads\/2019\/07\/naginata.png 661w, http:\/\/nagibel.com\/wp-content\/uploads\/2019\/07\/naginata-300x245.png 300w\" sizes=\"(max-width: 661px) 100vw, 661px\" \/><\/figure>\n","protected":false},"excerpt":{"rendered":"<p>Suite aux d\u00e9monstrations et initiations du 21 juillet 2019, nous sommes pass\u00e9s au JT et avons eu droit \u00e0 quelques lignes dans diff\u00e9rents journaux.<\/p>\n","protected":false},"author":1,"featured_media":0,"parent":0,"menu_order":0,"comment_status":"closed","ping_status":"closed","template":"","meta":[],"_links":{"self":[{"href":"http:\/\/nagibel.com\/index.php\/wp-json\/wp\/v2\/pages\/161"}],"collection":[{"href":"http:\/\/nagibel.com\/index.php\/wp-json\/wp\/v2\/pages"}],"about":[{"href":"http:\/\/nagibel.com\/index.php\/wp-json\/wp\/v2\/types\/page"}],"author":[{"embeddable":true,"href":"http:\/\/nagibel.com\/index.php\/wp-json\/wp\/v2\/users\/1"}],"replies":[{"embeddable":true,"href":"http:\/\/nagibel.com\/index.php\/wp-json\/wp\/v2\/comments?post=161"}],"version-history":[{"count":3,"href":"http:\/\/nagibel.com\/index.php\/wp-json\/wp\/v2\/pages\/161\/revisions"}],"predecessor-version":[{"id":822,"href":"http:\/\/nagibel.com\/index.php\/wp-json\/wp\/v2\/pages\/161\/revisions\/822"}],"wp:attachment":[{"href":"http:\/\/nagibel.com\/index.php\/wp-json\/wp\/v2\/media?parent=161"}],"curies":[{"name":"wp","href":"https:\/\/api.w.org\/{rel}","templated":true}]}}