{"id":1547,"date":"2025-11-23T22:45:01","date_gmt":"2025-11-23T21:45:01","guid":{"rendered":"http:\/\/nagibel.com\/?page_id=1547"},"modified":"2025-11-23T22:45:01","modified_gmt":"2025-11-23T21:45:01","slug":"comme-si-vous-etiez-enc2025","status":"publish","type":"page","link":"http:\/\/nagibel.com\/index.php\/comme-si-vous-etiez-enc2025\/","title":{"rendered":"Comme si vous \u00e9tiez..ENC2025"},"content":{"rendered":"\n<p>Quelle histoire ces championnats d&#8217;Europe..<br>Tout commence \u00e9videmment en amont : tandis que Fran\u00e7ois organise des championnats intense: un maximum de poule, mais aussi du temps pour profiter; Guillaume se blesse au pied et Yolanda doit d\u00e9clarer forfait.<\/p>\n\n\n\n<p>Thomas exp\u00e9rimente sa premi\u00e8re comp\u00e9tition technique et arrive en 3\u00e8me place avec Laurence; Tyl et Charlotte font l&#8217;exploit de gagner le championnat sans s&#8217;\u00eatre entra\u00een\u00e9 ensemble ou presque.<br>Fran\u00e7ois et Tyl gagnent haut la main la comp\u00e9tition technique avanc\u00e9e.<\/p>\n\n\n\n<p>Les championnats hommes sont intenses : Tyl, Fran\u00e7ois et Thomas sortent vainqueurs en \u00e9quipe malgr\u00e9 des combats enrag\u00e9s face \u00e0 Guillaume et Jeremy.<\/p>\n\n\n\n<p>Les Twins nous r\u00e9galent d&#8217;un combat fantastique en finale.<\/p>\n\n\n\n<p>Bien que Charlotte et Laurence ne soient que deux, elles remportent la comp\u00e9tition en \u00e9quipe. Malheureusement, elles se croisent avant la finale: Laurence finit 3\u00e8me, Charlotte 2\u00e8me en individuel.<\/p>\n\n\n\n<p>C&#8217;est aussi l&#8217;occasion de la premi\u00e8re comp\u00e9tition d&#8217;Elora.<\/p>\n\n\n\n<p>Nous avons esp\u00e9r\u00e9 jusqu&#8217;au bout voir une aurore bor\u00e9al, h\u00e9las, il faudra que nous retournions en Su\u00e8de une prochaine fois.<\/p>\n","protected":false},"excerpt":{"rendered":"<p>Quelle histoire ces championnats d&#8217;Europe..Tout commence \u00e9videmment en amont : tandis que Fran\u00e7ois organise des championnats intense: un maximum de poule, mais aussi du temps pour profiter; Guillaume se blesse au pied et Yolanda doit d\u00e9clarer forfait. Thomas exp\u00e9rimente sa <a class=\"more-link\" href=\"http:\/\/nagibel.com\/index.php\/comme-si-vous-etiez-enc2025\/\">Continue reading <span class=\"screen-reader-text\">  Comme si vous \u00e9tiez..ENC2025<\/span><span class=\"meta-nav\">&rarr;<\/span><\/a><\/p>\n","protected":false},"author":1,"featured_media":0,"parent":0,"menu_order":0,"comment_status":"closed","ping_status":"closed","template":"","meta":[],"_links":{"self":[{"href":"http:\/\/nagibel.com\/index.php\/wp-json\/wp\/v2\/pages\/1547"}],"collection":[{"href":"http:\/\/nagibel.com\/index.php\/wp-json\/wp\/v2\/pages"}],"about":[{"href":"http:\/\/nagibel.com\/index.php\/wp-json\/wp\/v2\/types\/page"}],"author":[{"embeddable":true,"href":"http:\/\/nagibel.com\/index.php\/wp-json\/wp\/v2\/users\/1"}],"replies":[{"embeddable":true,"href":"http:\/\/nagibel.com\/index.php\/wp-json\/wp\/v2\/comments?post=1547"}],"version-history":[{"count":1,"href":"http:\/\/nagibel.com\/index.php\/wp-json\/wp\/v2\/pages\/1547\/revisions"}],"predecessor-version":[{"id":1548,"href":"http:\/\/nagibel.com\/index.php\/wp-json\/wp\/v2\/pages\/1547\/revisions\/1548"}],"wp:attachment":[{"href":"http:\/\/nagibel.com\/index.php\/wp-json\/wp\/v2\/media?parent=1547"}],"curies":[{"name":"wp","href":"https:\/\/api.w.org\/{rel}","templated":true}]}}