{"id":1538,"date":"2025-11-23T21:48:33","date_gmt":"2025-11-23T20:48:33","guid":{"rendered":"http:\/\/nagibel.com\/?page_id=1538"},"modified":"2026-03-29T21:40:52","modified_gmt":"2026-03-29T19:40:52","slug":"enc-2025","status":"publish","type":"page","link":"http:\/\/nagibel.com\/index.php\/enc-2025\/","title":{"rendered":"ENC 2025 (Su\u00e8de)"},"content":{"rendered":"\n<p><\/p>\n\n\n\n<p>Zen Nihon kata: 1\u00e8re place: Tyl et Fran\u00e7ois Dermine<\/p>\n\n\n\n<p>Equipe femme: 1\u00e8re place Belgique (Laurence Dumonceau et Charlotte Vandersleyen)<\/p>\n\n\n\n<p>Individuel femme: 1\u00e8re place: Carole Veyrunes (France); 2\u00e8me place: Charlotte Vendersleyen (Belgique), 3\u00e8me place: Laurence Dumonceau (Belgique)<\/p>\n\n\n\n<p>Equipe homme: 1\u00e8re place Belgique (Tyl Dermine, Thomas Vanderckerkoven, Fran\u00e7ois Dermine)<\/p>\n\n\n\n<p>Individuel homme: 1\u00e8re place: Fran\u00e7ois Dermine (Belgique); 2\u00e8me place Tyl Dermine (Belgique), 3\u00e8me place: Guillaumes Dufeil (France)<\/p>\n\n\n\n<figure class=\"wp-block-image size-large\"><img decoding=\"async\" loading=\"lazy\" width=\"1024\" height=\"427\" src=\"http:\/\/nagibel.com\/wp-content\/uploads\/2025\/12\/Draw-ENC-1024x427.png\" alt=\"\" class=\"wp-image-1557\" srcset=\"http:\/\/nagibel.com\/wp-content\/uploads\/2025\/12\/Draw-ENC-1024x427.png 1024w, http:\/\/nagibel.com\/wp-content\/uploads\/2025\/12\/Draw-ENC-300x125.png 300w, http:\/\/nagibel.com\/wp-content\/uploads\/2025\/12\/Draw-ENC-768x320.png 768w, http:\/\/nagibel.com\/wp-content\/uploads\/2025\/12\/Draw-ENC.png 1452w\" sizes=\"(max-width: 1024px) 100vw, 1024px\" \/><\/figure>\n\n\n\n<figure class=\"wp-block-image size-full is-resized\"><img decoding=\"async\" loading=\"lazy\" src=\"http:\/\/nagibel.com\/wp-content\/uploads\/2025\/11\/engi.png\" alt=\"\" class=\"wp-image-1539\" width=\"398\" height=\"667\" srcset=\"http:\/\/nagibel.com\/wp-content\/uploads\/2025\/11\/engi.png 398w, http:\/\/nagibel.com\/wp-content\/uploads\/2025\/11\/engi-179x300.png 179w\" sizes=\"(max-width: 398px) 100vw, 398px\" \/><\/figure>\n\n\n\n<figure class=\"wp-block-image size-full\"><img decoding=\"async\" loading=\"lazy\" width=\"880\" height=\"728\" src=\"http:\/\/nagibel.com\/wp-content\/uploads\/2025\/11\/engi2.png\" alt=\"\" class=\"wp-image-1540\" srcset=\"http:\/\/nagibel.com\/wp-content\/uploads\/2025\/11\/engi2.png 880w, http:\/\/nagibel.com\/wp-content\/uploads\/2025\/11\/engi2-300x248.png 300w, http:\/\/nagibel.com\/wp-content\/uploads\/2025\/11\/engi2-768x635.png 768w\" sizes=\"(max-width: 880px) 100vw, 880px\" \/><\/figure>\n\n\n\n<figure class=\"wp-block-image size-full\"><img decoding=\"async\" loading=\"lazy\" width=\"685\" height=\"733\" src=\"http:\/\/nagibel.com\/wp-content\/uploads\/2025\/11\/shiai-femme.png\" alt=\"\" class=\"wp-image-1541\" srcset=\"http:\/\/nagibel.com\/wp-content\/uploads\/2025\/11\/shiai-femme.png 685w, http:\/\/nagibel.com\/wp-content\/uploads\/2025\/11\/shiai-femme-280x300.png 280w\" sizes=\"(max-width: 685px) 100vw, 685px\" \/><\/figure>\n\n\n\n<figure class=\"wp-block-image size-full\"><img decoding=\"async\" loading=\"lazy\" width=\"788\" height=\"731\" src=\"http:\/\/nagibel.com\/wp-content\/uploads\/2025\/11\/shiaifemme.png\" alt=\"\" class=\"wp-image-1542\" srcset=\"http:\/\/nagibel.com\/wp-content\/uploads\/2025\/11\/shiaifemme.png 788w, http:\/\/nagibel.com\/wp-content\/uploads\/2025\/11\/shiaifemme-300x278.png 300w, http:\/\/nagibel.com\/wp-content\/uploads\/2025\/11\/shiaifemme-768x712.png 768w\" sizes=\"(max-width: 788px) 100vw, 788px\" \/><\/figure>\n\n\n\n<figure class=\"wp-block-image size-full\"><img decoding=\"async\" loading=\"lazy\" width=\"739\" height=\"718\" src=\"http:\/\/nagibel.com\/wp-content\/uploads\/2025\/11\/shiai-homme.png\" alt=\"\" class=\"wp-image-1543\" srcset=\"http:\/\/nagibel.com\/wp-content\/uploads\/2025\/11\/shiai-homme.png 739w, http:\/\/nagibel.com\/wp-content\/uploads\/2025\/11\/shiai-homme-300x291.png 300w\" sizes=\"(max-width: 739px) 100vw, 739px\" \/><\/figure>\n\n\n\n<figure class=\"wp-block-image size-large\"><img decoding=\"async\" loading=\"lazy\" width=\"792\" height=\"1024\" src=\"http:\/\/nagibel.com\/wp-content\/uploads\/2025\/11\/Tableau-indiv-shiai-homme-enc-2025-792x1024.png\" alt=\"\" class=\"wp-image-1545\" srcset=\"http:\/\/nagibel.com\/wp-content\/uploads\/2025\/11\/Tableau-indiv-shiai-homme-enc-2025-792x1024.png 792w, http:\/\/nagibel.com\/wp-content\/uploads\/2025\/11\/Tableau-indiv-shiai-homme-enc-2025-232x300.png 232w, http:\/\/nagibel.com\/wp-content\/uploads\/2025\/11\/Tableau-indiv-shiai-homme-enc-2025-768x993.png 768w, http:\/\/nagibel.com\/wp-content\/uploads\/2025\/11\/Tableau-indiv-shiai-homme-enc-2025-1188x1536.png 1188w, http:\/\/nagibel.com\/wp-content\/uploads\/2025\/11\/Tableau-indiv-shiai-homme-enc-2025-1584x2048.png 1584w, http:\/\/nagibel.com\/wp-content\/uploads\/2025\/11\/Tableau-indiv-shiai-homme-enc-2025.png 2002w\" sizes=\"(max-width: 792px) 100vw, 792px\" \/><\/figure>\n\n\n\n<p>GOODWILL:<\/p>\n\n\n\n<figure class=\"wp-block-image size-full\"><img decoding=\"async\" loading=\"lazy\" width=\"662\" height=\"692\" src=\"http:\/\/nagibel.com\/wp-content\/uploads\/2025\/12\/Draw-Goodwill-2025.png\" alt=\"\" class=\"wp-image-1556\" srcset=\"http:\/\/nagibel.com\/wp-content\/uploads\/2025\/12\/Draw-Goodwill-2025.png 662w, http:\/\/nagibel.com\/wp-content\/uploads\/2025\/12\/Draw-Goodwill-2025-287x300.png 287w\" sizes=\"(max-width: 662px) 100vw, 662px\" \/><\/figure>\n","protected":false},"excerpt":{"rendered":"<p>Zen Nihon kata: 1\u00e8re place: Tyl et Fran\u00e7ois Dermine Equipe femme: 1\u00e8re place Belgique (Laurence Dumonceau et Charlotte Vandersleyen) Individuel femme: 1\u00e8re place: Carole Veyrunes (France); 2\u00e8me place: Charlotte Vendersleyen (Belgique), 3\u00e8me place: Laurence Dumonceau (Belgique) Equipe homme: 1\u00e8re place <a class=\"more-link\" href=\"http:\/\/nagibel.com\/index.php\/enc-2025\/\">Continue reading <span class=\"screen-reader-text\">  ENC 2025 (Su\u00e8de)<\/span><span class=\"meta-nav\">&rarr;<\/span><\/a><\/p>\n","protected":false},"author":1,"featured_media":0,"parent":0,"menu_order":0,"comment_status":"closed","ping_status":"closed","template":"","meta":[],"_links":{"self":[{"href":"http:\/\/nagibel.com\/index.php\/wp-json\/wp\/v2\/pages\/1538"}],"collection":[{"href":"http:\/\/nagibel.com\/index.php\/wp-json\/wp\/v2\/pages"}],"about":[{"href":"http:\/\/nagibel.com\/index.php\/wp-json\/wp\/v2\/types\/page"}],"author":[{"embeddable":true,"href":"http:\/\/nagibel.com\/index.php\/wp-json\/wp\/v2\/users\/1"}],"replies":[{"embeddable":true,"href":"http:\/\/nagibel.com\/index.php\/wp-json\/wp\/v2\/comments?post=1538"}],"version-history":[{"count":4,"href":"http:\/\/nagibel.com\/index.php\/wp-json\/wp\/v2\/pages\/1538\/revisions"}],"predecessor-version":[{"id":1594,"href":"http:\/\/nagibel.com\/index.php\/wp-json\/wp\/v2\/pages\/1538\/revisions\/1594"}],"wp:attachment":[{"href":"http:\/\/nagibel.com\/index.php\/wp-json\/wp\/v2\/media?parent=1538"}],"curies":[{"name":"wp","href":"https:\/\/api.w.org\/{rel}","templated":true}]}}