{"id":1528,"date":"2025-02-09T21:01:00","date_gmt":"2025-02-09T20:01:00","guid":{"rendered":"http:\/\/nagibel.com\/?page_id=1528"},"modified":"2025-02-09T21:01:01","modified_gmt":"2025-02-09T20:01:01","slug":"2025-2","status":"publish","type":"page","link":"http:\/\/nagibel.com\/index.php\/2025-2\/","title":{"rendered":"2025"},"content":{"rendered":"\n<p><\/p>\n\n\n\n<p>TOKUNAGA:<\/p>\n\n\n\n<p>1\u00e8re place: Guillaume Dufeil<\/p>\n\n\n\n<p>2\u00e8me place: Fran\u00e7ois Dermine<\/p>\n\n\n\n<p>3\u00e8me place: Jeremy Chevaux<\/p>\n\n\n\n<p><\/p>\n\n\n\n<p>JACQUES MERCIER:<\/p>\n\n\n\n<p>1\u00e8re place: F. Dermine, H. Tan, L. Vargoz<\/p>\n\n\n\n<p>2\u00e8me place: D. Vellut, F. Grundl, T. Beaumont<\/p>\n\n\n\n<p>3\u00e8me place: G. Dufeil, M. Riedler, L. Tan<\/p>\n\n\n\n<p>SIMONE CHARTON:<\/p>\n\n\n\n<p><\/p>\n","protected":false},"excerpt":{"rendered":"<p>TOKUNAGA: 1\u00e8re place: Guillaume Dufeil 2\u00e8me place: Fran\u00e7ois Dermine 3\u00e8me place: Jeremy Chevaux JACQUES MERCIER: 1\u00e8re place: F. Dermine, H. Tan, L. Vargoz 2\u00e8me place: D. Vellut, F. Grundl, T. Beaumont 3\u00e8me place: G. Dufeil, M. Riedler, L. Tan SIMONE <a class=\"more-link\" href=\"http:\/\/nagibel.com\/index.php\/2025-2\/\">Continue reading <span class=\"screen-reader-text\">  2025<\/span><span class=\"meta-nav\">&rarr;<\/span><\/a><\/p>\n","protected":false},"author":1,"featured_media":0,"parent":0,"menu_order":0,"comment_status":"closed","ping_status":"closed","template":"","meta":[],"_links":{"self":[{"href":"http:\/\/nagibel.com\/index.php\/wp-json\/wp\/v2\/pages\/1528"}],"collection":[{"href":"http:\/\/nagibel.com\/index.php\/wp-json\/wp\/v2\/pages"}],"about":[{"href":"http:\/\/nagibel.com\/index.php\/wp-json\/wp\/v2\/types\/page"}],"author":[{"embeddable":true,"href":"http:\/\/nagibel.com\/index.php\/wp-json\/wp\/v2\/users\/1"}],"replies":[{"embeddable":true,"href":"http:\/\/nagibel.com\/index.php\/wp-json\/wp\/v2\/comments?post=1528"}],"version-history":[{"count":2,"href":"http:\/\/nagibel.com\/index.php\/wp-json\/wp\/v2\/pages\/1528\/revisions"}],"predecessor-version":[{"id":1531,"href":"http:\/\/nagibel.com\/index.php\/wp-json\/wp\/v2\/pages\/1528\/revisions\/1531"}],"wp:attachment":[{"href":"http:\/\/nagibel.com\/index.php\/wp-json\/wp\/v2\/media?parent=1528"}],"curies":[{"name":"wp","href":"https:\/\/api.w.org\/{rel}","templated":true}]}}