{"id":1519,"date":"2025-01-15T23:06:43","date_gmt":"2025-01-15T22:06:43","guid":{"rendered":"http:\/\/nagibel.com\/?page_id=1519"},"modified":"2025-01-15T23:26:44","modified_gmt":"2025-01-15T22:26:44","slug":"wnc-2024-usa","status":"publish","type":"page","link":"http:\/\/nagibel.com\/index.php\/wnc-2024-usa\/","title":{"rendered":"WNC 2024 (USA)"},"content":{"rendered":"\n<figure class=\"wp-block-image size-full\"><img decoding=\"async\" loading=\"lazy\" width=\"678\" height=\"712\" src=\"http:\/\/nagibel.com\/wp-content\/uploads\/2025\/01\/left-side.png\" alt=\"\" class=\"wp-image-1520\" srcset=\"http:\/\/nagibel.com\/wp-content\/uploads\/2025\/01\/left-side.png 678w, http:\/\/nagibel.com\/wp-content\/uploads\/2025\/01\/left-side-286x300.png 286w\" sizes=\"(max-width: 678px) 100vw, 678px\" \/><\/figure>\n\n\n\n<p class=\"has-text-align-center\"><strong>ENGI: SHIKAKE OJI<\/strong><\/p>\n\n\n\n<p>1er <img decoding=\"async\" loading=\"lazy\" height=\"16\" width=\"16\" alt=\"\ud83e\udd47\" src=\"https:\/\/static.xx.fbcdn.net\/images\/emoji.php\/v9\/t94\/1\/16\/1f947.png\"> Japan <img decoding=\"async\" loading=\"lazy\" height=\"16\" width=\"16\" alt=\"\ud83c\uddef\ud83c\uddf5\" src=\"https:\/\/static.xx.fbcdn.net\/images\/emoji.php\/v9\/t76\/1\/16\/1f1ef_1f1f5.png\"> C.Hayashida &#8211; <a><\/a>M.Nukii<\/p>\n\n\n\n<p>2\u00e8me <img decoding=\"async\" loading=\"lazy\" height=\"16\" width=\"16\" alt=\"\ud83e\udd48\" src=\"https:\/\/static.xx.fbcdn.net\/images\/emoji.php\/v9\/t15\/1\/16\/1f948.png\"> Japan <img decoding=\"async\" loading=\"lazy\" height=\"16\" width=\"16\" alt=\"\ud83c\uddef\ud83c\uddf5\" src=\"https:\/\/static.xx.fbcdn.net\/images\/emoji.php\/v9\/t76\/1\/16\/1f1ef_1f1f5.png\"> Y.Nakamura &#8211; H.Hayashida<\/p>\n\n\n\n<p>3\u00e8me <img decoding=\"async\" loading=\"lazy\" height=\"16\" width=\"16\" alt=\"\ud83e\udd49\" src=\"https:\/\/static.xx.fbcdn.net\/images\/emoji.php\/v9\/t96\/1\/16\/1f949.png\"> USA <img decoding=\"async\" loading=\"lazy\" height=\"16\" width=\"16\" alt=\"\ud83c\uddfa\ud83c\uddf8\" src=\"https:\/\/static.xx.fbcdn.net\/images\/emoji.php\/v9\/t93\/1\/16\/1f1fa_1f1f8.png\"> K.Tsukamaki &#8211; K.Roche<\/p>\n\n\n\n<p class=\"has-text-align-center\"><strong>ENGI: ZEN NIHON KATA<\/strong><\/p>\n\n\n\n<p>1er <img decoding=\"async\" loading=\"lazy\" height=\"16\" width=\"16\" alt=\"\ud83e\udd47\" src=\"https:\/\/static.xx.fbcdn.net\/images\/emoji.php\/v9\/t94\/1\/16\/1f947.png\"> Japan <img decoding=\"async\" loading=\"lazy\" height=\"16\" width=\"16\" alt=\"\ud83c\uddef\ud83c\uddf5\" src=\"https:\/\/static.xx.fbcdn.net\/images\/emoji.php\/v9\/t76\/1\/16\/1f1ef_1f1f5.png\"> M.Nukii &#8211; Y.Hattori<\/p>\n\n\n\n<p>2\u00e8me <img decoding=\"async\" loading=\"lazy\" height=\"16\" width=\"16\" alt=\"\ud83e\udd48\" src=\"https:\/\/static.xx.fbcdn.net\/images\/emoji.php\/v9\/t15\/1\/16\/1f948.png\"> USA <img decoding=\"async\" loading=\"lazy\" height=\"16\" width=\"16\" alt=\"\ud83c\uddfa\ud83c\uddf8\" src=\"https:\/\/static.xx.fbcdn.net\/images\/emoji.php\/v9\/t93\/1\/16\/1f1fa_1f1f8.png\"> K.Roche &#8211; S. Rabanal<\/p>\n\n\n\n<p>3\u00e8me <img decoding=\"async\" loading=\"lazy\" height=\"16\" width=\"16\" alt=\"\ud83e\udd49\" src=\"https:\/\/static.xx.fbcdn.net\/images\/emoji.php\/v9\/t96\/1\/16\/1f949.png\"> BELGIUM <img decoding=\"async\" loading=\"lazy\" height=\"16\" width=\"16\" alt=\"\ud83c\udde7\ud83c\uddea\" src=\"https:\/\/static.xx.fbcdn.net\/images\/emoji.php\/v9\/t94\/1\/16\/1f1e7_1f1ea.png\"> T.Dermine &#8211; F.Dermine<\/p>\n\n\n\n<p class=\"has-text-align-center\"><strong>SHIAI WOMEN\u2019S TEAM<\/strong><\/p>\n\n\n\n<p>1er <img decoding=\"async\" loading=\"lazy\" height=\"16\" width=\"16\" alt=\"\ud83e\udd47\" src=\"https:\/\/static.xx.fbcdn.net\/images\/emoji.php\/v9\/t94\/1\/16\/1f947.png\">Japan <img decoding=\"async\" loading=\"lazy\" height=\"16\" width=\"16\" alt=\"\ud83c\uddef\ud83c\uddf5\" src=\"https:\/\/static.xx.fbcdn.net\/images\/emoji.php\/v9\/t76\/1\/16\/1f1ef_1f1f5.png\"> R. Miura-C.Hayashida-H.Hayashida<\/p>\n\n\n\n<p>2\u00e8me <img decoding=\"async\" loading=\"lazy\" height=\"16\" width=\"16\" alt=\"\ud83e\udd48\" src=\"https:\/\/static.xx.fbcdn.net\/images\/emoji.php\/v9\/t15\/1\/16\/1f948.png\"> USA <img decoding=\"async\" loading=\"lazy\" height=\"16\" width=\"16\" alt=\"\ud83c\uddfa\ud83c\uddf8\" src=\"https:\/\/static.xx.fbcdn.net\/images\/emoji.php\/v9\/t93\/1\/16\/1f1fa_1f1f8.png\"> K.Roche-S.Rabanal-K.Tsukamaki<\/p>\n\n\n\n<p>3\u00e8me <img decoding=\"async\" loading=\"lazy\" height=\"16\" width=\"16\" alt=\"\ud83e\udd49\" src=\"https:\/\/static.xx.fbcdn.net\/images\/emoji.php\/v9\/t96\/1\/16\/1f949.png\"> FRANCE <img decoding=\"async\" loading=\"lazy\" height=\"16\" width=\"16\" alt=\"\ud83c\uddeb\ud83c\uddf7\" src=\"https:\/\/static.xx.fbcdn.net\/images\/emoji.php\/v9\/t74\/1\/16\/1f1eb_1f1f7.png\"> F.Hamot-A.Gvero-C.Veyrunes<\/p>\n\n\n\n<p class=\"has-text-align-center\"><strong>SHIAI MEN\u2019S TEAM<\/strong><\/p>\n\n\n\n<p>1er <img decoding=\"async\" loading=\"lazy\" height=\"16\" width=\"16\" alt=\"\ud83e\udd47\" src=\"https:\/\/static.xx.fbcdn.net\/images\/emoji.php\/v9\/t94\/1\/16\/1f947.png\"> Japan <img decoding=\"async\" loading=\"lazy\" height=\"16\" width=\"16\" alt=\"\ud83c\uddef\ud83c\uddf5\" src=\"https:\/\/static.xx.fbcdn.net\/images\/emoji.php\/v9\/t76\/1\/16\/1f1ef_1f1f5.png\"> H.Minamidate-Y.Nakamura-M.Masuda<\/p>\n\n\n\n<p>2\u00e8me <img decoding=\"async\" loading=\"lazy\" height=\"16\" width=\"16\" alt=\"\ud83e\udd48\" src=\"https:\/\/static.xx.fbcdn.net\/images\/emoji.php\/v9\/t15\/1\/16\/1f948.png\"> BELGIUM <img decoding=\"async\" loading=\"lazy\" height=\"16\" width=\"16\" alt=\"\ud83c\udde7\ud83c\uddea\" src=\"https:\/\/static.xx.fbcdn.net\/images\/emoji.php\/v9\/t94\/1\/16\/1f1e7_1f1ea.png\"> T.Dermine-T.Vandenkerckhoven-F.Dermine<\/p>\n\n\n\n<p>3\u00e8me <img decoding=\"async\" loading=\"lazy\" height=\"16\" width=\"16\" alt=\"\ud83e\udd49\" src=\"https:\/\/static.xx.fbcdn.net\/images\/emoji.php\/v9\/t96\/1\/16\/1f949.png\"> FRANCE <img decoding=\"async\" loading=\"lazy\" height=\"16\" width=\"16\" alt=\"\ud83c\uddeb\ud83c\uddf7\" src=\"https:\/\/static.xx.fbcdn.net\/images\/emoji.php\/v9\/t74\/1\/16\/1f1eb_1f1f7.png\"> G.Dufeil-L.Vargoz-L.Delalande<\/p>\n\n\n\n<p class=\"has-text-align-center\"><strong>SHIAI WOMEN\u2019S INDIVIDUALS<\/strong><\/p>\n\n\n\n<p>1er <img decoding=\"async\" loading=\"lazy\" height=\"16\" width=\"16\" alt=\"\ud83e\udd47\" src=\"https:\/\/static.xx.fbcdn.net\/images\/emoji.php\/v9\/t94\/1\/16\/1f947.png\"> Japan <img decoding=\"async\" loading=\"lazy\" height=\"16\" width=\"16\" alt=\"\ud83c\uddef\ud83c\uddf5\" src=\"https:\/\/static.xx.fbcdn.net\/images\/emoji.php\/v9\/t76\/1\/16\/1f1ef_1f1f5.png\"> Chiemi HAYASHIDA<\/p>\n\n\n\n<p>2\u00e8me <img decoding=\"async\" loading=\"lazy\" height=\"16\" width=\"16\" alt=\"\ud83e\udd48\" src=\"https:\/\/static.xx.fbcdn.net\/images\/emoji.php\/v9\/t15\/1\/16\/1f948.png\"> Japan <img decoding=\"async\" loading=\"lazy\" height=\"16\" width=\"16\" alt=\"\ud83c\uddef\ud83c\uddf5\" src=\"https:\/\/static.xx.fbcdn.net\/images\/emoji.php\/v9\/t76\/1\/16\/1f1ef_1f1f5.png\"> Hasumi HAYASHIDA<\/p>\n\n\n\n<p>3\u00e8me <img decoding=\"async\" loading=\"lazy\" height=\"16\" width=\"16\" alt=\"\ud83e\udd49\" src=\"https:\/\/static.xx.fbcdn.net\/images\/emoji.php\/v9\/t96\/1\/16\/1f949.png\"> Japan <img decoding=\"async\" loading=\"lazy\" height=\"16\" width=\"16\" alt=\"\ud83c\uddef\ud83c\uddf5\" src=\"https:\/\/static.xx.fbcdn.net\/images\/emoji.php\/v9\/t76\/1\/16\/1f1ef_1f1f5.png\"> Misako NUKII<\/p>\n\n\n\n<p class=\"has-text-align-center\"><strong>SHIAI MEN\u2019S INDIVIDUALS<\/strong><\/p>\n\n\n\n<p>1er<img decoding=\"async\" loading=\"lazy\" height=\"16\" width=\"16\" alt=\"\ud83e\udd47\" src=\"https:\/\/static.xx.fbcdn.net\/images\/emoji.php\/v9\/t94\/1\/16\/1f947.png\"> Japan <img decoding=\"async\" loading=\"lazy\" height=\"16\" width=\"16\" alt=\"\ud83c\uddef\ud83c\uddf5\" src=\"https:\/\/static.xx.fbcdn.net\/images\/emoji.php\/v9\/t76\/1\/16\/1f1ef_1f1f5.png\"> Masato MASUDA<\/p>\n\n\n\n<p>2\u00e8me <img decoding=\"async\" loading=\"lazy\" height=\"16\" width=\"16\" alt=\"\ud83e\udd48\" src=\"https:\/\/static.xx.fbcdn.net\/images\/emoji.php\/v9\/t15\/1\/16\/1f948.png\">Japan <img decoding=\"async\" loading=\"lazy\" height=\"16\" width=\"16\" alt=\"\ud83c\uddef\ud83c\uddf5\" src=\"https:\/\/static.xx.fbcdn.net\/images\/emoji.php\/v9\/t76\/1\/16\/1f1ef_1f1f5.png\"> Yoshiaki MASUDA<\/p>\n\n\n\n<p>3\u00e8me <img decoding=\"async\" loading=\"lazy\" height=\"16\" width=\"16\" alt=\"\ud83e\udd49\" src=\"https:\/\/static.xx.fbcdn.net\/images\/emoji.php\/v9\/t96\/1\/16\/1f949.png\"> Japan <img decoding=\"async\" loading=\"lazy\" height=\"16\" width=\"16\" alt=\"\ud83c\uddef\ud83c\uddf5\" src=\"https:\/\/static.xx.fbcdn.net\/images\/emoji.php\/v9\/t76\/1\/16\/1f1ef_1f1f5.png\"> Hinata MINAMIDATE<\/p>\n","protected":false},"excerpt":{"rendered":"<p>ENGI: SHIKAKE OJI 1er Japan C.Hayashida &#8211; M.Nukii 2\u00e8me Japan Y.Nakamura &#8211; H.Hayashida 3\u00e8me USA K.Tsukamaki &#8211; K.Roche ENGI: ZEN NIHON KATA 1er Japan M.Nukii &#8211; Y.Hattori 2\u00e8me USA K.Roche &#8211; S. Rabanal 3\u00e8me BELGIUM T.Dermine &#8211; F.Dermine SHIAI WOMEN\u2019S <a class=\"more-link\" href=\"http:\/\/nagibel.com\/index.php\/wnc-2024-usa\/\">Continue reading <span class=\"screen-reader-text\">  WNC 2024 (USA)<\/span><span class=\"meta-nav\">&rarr;<\/span><\/a><\/p>\n","protected":false},"author":1,"featured_media":0,"parent":0,"menu_order":0,"comment_status":"closed","ping_status":"closed","template":"","meta":[],"_links":{"self":[{"href":"http:\/\/nagibel.com\/index.php\/wp-json\/wp\/v2\/pages\/1519"}],"collection":[{"href":"http:\/\/nagibel.com\/index.php\/wp-json\/wp\/v2\/pages"}],"about":[{"href":"http:\/\/nagibel.com\/index.php\/wp-json\/wp\/v2\/types\/page"}],"author":[{"embeddable":true,"href":"http:\/\/nagibel.com\/index.php\/wp-json\/wp\/v2\/users\/1"}],"replies":[{"embeddable":true,"href":"http:\/\/nagibel.com\/index.php\/wp-json\/wp\/v2\/comments?post=1519"}],"version-history":[{"count":3,"href":"http:\/\/nagibel.com\/index.php\/wp-json\/wp\/v2\/pages\/1519\/revisions"}],"predecessor-version":[{"id":1524,"href":"http:\/\/nagibel.com\/index.php\/wp-json\/wp\/v2\/pages\/1519\/revisions\/1524"}],"wp:attachment":[{"href":"http:\/\/nagibel.com\/index.php\/wp-json\/wp\/v2\/media?parent=1519"}],"curies":[{"name":"wp","href":"https:\/\/api.w.org\/{rel}","templated":true}]}}