{"id":1508,"date":"2025-01-15T22:46:11","date_gmt":"2025-01-15T21:46:11","guid":{"rendered":"http:\/\/nagibel.com\/?page_id=1508"},"modified":"2025-01-15T23:01:24","modified_gmt":"2025-01-15T22:01:24","slug":"enc-2023-italie","status":"publish","type":"page","link":"http:\/\/nagibel.com\/index.php\/enc-2023-italie\/","title":{"rendered":"ENC 2023 (Italie)"},"content":{"rendered":"\n<figure class=\"wp-block-image size-full\"><img decoding=\"async\" loading=\"lazy\" width=\"601\" height=\"294\" src=\"http:\/\/nagibel.com\/wp-content\/uploads\/2025\/01\/logo2023.png\" alt=\"\" class=\"wp-image-1509\" srcset=\"http:\/\/nagibel.com\/wp-content\/uploads\/2025\/01\/logo2023.png 601w, http:\/\/nagibel.com\/wp-content\/uploads\/2025\/01\/logo2023-300x147.png 300w\" sizes=\"(max-width: 601px) 100vw, 601px\" \/><\/figure>\n\n\n\n<p class=\"has-text-align-center\"><strong>ENGI:<\/strong><\/p>\n\n\n\n<p>1\u00e8re place: Carole Veyrunes et Adeline Gvero (France)<\/p>\n\n\n\n<p>2\u00e8me place: Tyl Dermine et Charlotte Vandersleyen (Belgique)<\/p>\n\n\n\n<p>3\u00e8me place: Emmanuele Giberna et Alessia Cerchia (Italie)<\/p>\n\n\n\n<p class=\"has-text-align-center\"><strong>Individuel femme:<\/strong><\/p>\n\n\n\n<p>1\u00e8re place: Charlotte Vandersleyen (Belgique)<\/p>\n\n\n\n<p>2\u00e8me place: Fanny Hamot (France)<\/p>\n\n\n\n<p>3\u00e8me place: Carole Veyrunes (France)<\/p>\n\n\n\n<p>fighting spirit: Marie-Luise G\u00f6ebel<\/p>\n\n\n\n<p class=\"has-text-align-center\"><strong>Individuel homme:<\/strong><\/p>\n\n\n\n<p>1\u00e8re place: Tyl Dermine (Belgique)<\/p>\n\n\n\n<p>2\u00e8me place: Guillaume Dufeil (France)<\/p>\n\n\n\n<p>3\u00e8me place: Eduardo Brito (Portugal)<\/p>\n\n\n\n<p>fighting spirit: Emmanuele Giverna (Italie)<\/p>\n\n\n\n<p class=\"has-text-align-center\"><strong>Equipe femme:<\/strong><\/p>\n\n\n\n<p>1\u00e8re place: France (F. Hamot, A. Gvero, C. Veyrunes)<\/p>\n\n\n\n<p>2\u00e8me place: Italie (D. Monroncelli , S. Susca, A. Cerchia)<\/p>\n\n\n\n<p>3\u00e8me place: Pays Bas (S. Fijn, C. Wang)<\/p>\n\n\n\n<p class=\"has-text-align-center\"><strong>Equipe homme:<\/strong><\/p>\n\n\n\n<p>1\u00e8re place: Belgique (D. Vellut, D.D\u2019hose , T. Dermine)<\/p>\n\n\n\n<p>2\u00e8me place: France (G. Dufeil, L. Vargoz, L. Delalande)<\/p>\n\n\n\n<p>3\u00e8me place: Pays Bas (B.Van Der Kris, J. Zanstra, P. Gerritsen)<\/p>\n\n\n\n<p class=\"has-text-align-center\"><strong>Goodwill Kata:<\/strong><\/p>\n\n\n\n<p>1\u00e8re place: David D\u2019hose et Tyl Dermine (Belgique)<\/p>\n\n\n\n<p>2\u00e8me place: Lo\u00efc Delalande et Carole Veyrunes (France)<\/p>\n\n\n\n<p>3\u00e8me place: Kirsi H\u00f6glund et Sophia Judkins (Su\u00e8de)<\/p>\n\n\n\n<p class=\"has-text-align-center\"><strong>Goodwill ENGI:<\/strong><\/p>\n\n\n\n<p>1\u00e8re place: L. Vargoz et B. Lauren\u00e7on (France)<\/p>\n\n\n\n<p>2\u00e8me place: D. Litunenko et A. Bragin (IRNA)<\/p>\n\n\n\n<p>3\u00e8me place: Y. S. Stiebel et M. Ioffe (Israel)<\/p>\n\n\n\n<p class=\"has-text-align-center\"><strong>Goodwill Young:<\/strong><\/p>\n\n\n\n<p>1\u00e8re place: M. Ioffe (Israel)<\/p>\n\n\n\n<p>2\u00e8me place: A. Jerichower (Israel)<\/p>\n\n\n\n<p>3\u00e8me place: Y. Arvatz (Israel)<\/p>\n\n\n\n<p class=\"has-text-align-center\"><strong>Goodwill Kyu<\/strong><\/p>\n\n\n\n<p>1\u00e8re place: J. Hafner (Suisse)<\/p>\n\n\n\n<p>2\u00e8me place: P. Bily (R\u00e9publique Tch\u00e8que)<\/p>\n\n\n\n<p>3\u00e8me place: J. Stock (Allemagne)<\/p>\n\n\n\n<p class=\"has-text-align-center\"><strong>Goodwill Dan<\/strong><\/p>\n\n\n\n<p>1\u00e8re place: E. Giberna (Italie)<\/p>\n\n\n\n<p>2\u00e8me place: J. Chevaux (France)<\/p>\n\n\n\n<p>3\u00e8me place: K. Pinson (France)<\/p>\n","protected":false},"excerpt":{"rendered":"<p>ENGI: 1\u00e8re place: Carole Veyrunes et Adeline Gvero (France) 2\u00e8me place: Tyl Dermine et Charlotte Vandersleyen (Belgique) 3\u00e8me place: Emmanuele Giberna et Alessia Cerchia (Italie) Individuel femme: 1\u00e8re place: Charlotte Vandersleyen (Belgique) 2\u00e8me place: Fanny Hamot (France) 3\u00e8me place: Carole <a class=\"more-link\" href=\"http:\/\/nagibel.com\/index.php\/enc-2023-italie\/\">Continue reading <span class=\"screen-reader-text\">  ENC 2023 (Italie)<\/span><span class=\"meta-nav\">&rarr;<\/span><\/a><\/p>\n","protected":false},"author":1,"featured_media":0,"parent":0,"menu_order":0,"comment_status":"closed","ping_status":"closed","template":"","meta":[],"_links":{"self":[{"href":"http:\/\/nagibel.com\/index.php\/wp-json\/wp\/v2\/pages\/1508"}],"collection":[{"href":"http:\/\/nagibel.com\/index.php\/wp-json\/wp\/v2\/pages"}],"about":[{"href":"http:\/\/nagibel.com\/index.php\/wp-json\/wp\/v2\/types\/page"}],"author":[{"embeddable":true,"href":"http:\/\/nagibel.com\/index.php\/wp-json\/wp\/v2\/users\/1"}],"replies":[{"embeddable":true,"href":"http:\/\/nagibel.com\/index.php\/wp-json\/wp\/v2\/comments?post=1508"}],"version-history":[{"count":4,"href":"http:\/\/nagibel.com\/index.php\/wp-json\/wp\/v2\/pages\/1508\/revisions"}],"predecessor-version":[{"id":1516,"href":"http:\/\/nagibel.com\/index.php\/wp-json\/wp\/v2\/pages\/1508\/revisions\/1516"}],"wp:attachment":[{"href":"http:\/\/nagibel.com\/index.php\/wp-json\/wp\/v2\/media?parent=1508"}],"curies":[{"name":"wp","href":"https:\/\/api.w.org\/{rel}","templated":true}]}}