{"id":1500,"date":"2025-01-15T22:21:38","date_gmt":"2025-01-15T21:21:38","guid":{"rendered":"http:\/\/nagibel.com\/?page_id=1500"},"modified":"2025-01-15T22:24:42","modified_gmt":"2025-01-15T21:24:42","slug":"merite-sportif-de-genappe-2025","status":"publish","type":"page","link":"http:\/\/nagibel.com\/index.php\/merite-sportif-de-genappe-2025\/","title":{"rendered":"M\u00e9rite sportif de Genappe (2025)"},"content":{"rendered":"\n<figure class=\"wp-block-video\"><video controls src=\"http:\/\/nagibel.com\/wp-content\/uploads\/2025\/01\/473416758_28928566303397065_8586040500348433066_n.mp4\"><\/video><\/figure>\n\n\n\n<p>Fran\u00e7ois Dermine gagne la m\u00e9daille d&#8217;or du M\u00e9rite Sportif individuel en devenant vice champion du monde dans la cat\u00e9gorie combat d&#8217;\u00e9quipe, juste derri\u00e8re le Japon.<\/p>\n","protected":false},"excerpt":{"rendered":"<p>Fran\u00e7ois Dermine gagne la m\u00e9daille d&#8217;or du M\u00e9rite Sportif individuel en devenant vice champion du monde dans la cat\u00e9gorie combat d&#8217;\u00e9quipe, juste derri\u00e8re le Japon.<\/p>\n","protected":false},"author":1,"featured_media":0,"parent":0,"menu_order":0,"comment_status":"closed","ping_status":"closed","template":"","meta":[],"_links":{"self":[{"href":"http:\/\/nagibel.com\/index.php\/wp-json\/wp\/v2\/pages\/1500"}],"collection":[{"href":"http:\/\/nagibel.com\/index.php\/wp-json\/wp\/v2\/pages"}],"about":[{"href":"http:\/\/nagibel.com\/index.php\/wp-json\/wp\/v2\/types\/page"}],"author":[{"embeddable":true,"href":"http:\/\/nagibel.com\/index.php\/wp-json\/wp\/v2\/users\/1"}],"replies":[{"embeddable":true,"href":"http:\/\/nagibel.com\/index.php\/wp-json\/wp\/v2\/comments?post=1500"}],"version-history":[{"count":2,"href":"http:\/\/nagibel.com\/index.php\/wp-json\/wp\/v2\/pages\/1500\/revisions"}],"predecessor-version":[{"id":1504,"href":"http:\/\/nagibel.com\/index.php\/wp-json\/wp\/v2\/pages\/1500\/revisions\/1504"}],"wp:attachment":[{"href":"http:\/\/nagibel.com\/index.php\/wp-json\/wp\/v2\/media?parent=1500"}],"curies":[{"name":"wp","href":"https:\/\/api.w.org\/{rel}","templated":true}]}}