{"id":1466,"date":"2024-01-06T22:51:36","date_gmt":"2024-01-06T21:51:36","guid":{"rendered":"http:\/\/nagibel.com\/?page_id=1466"},"modified":"2024-01-06T22:51:36","modified_gmt":"2024-01-06T21:51:36","slug":"article-yashima-octobre-2023","status":"publish","type":"page","link":"http:\/\/nagibel.com\/index.php\/article-yashima-octobre-2023\/","title":{"rendered":"Article Yashima (octobre 2023)"},"content":{"rendered":"\n<p>David a \u00e9t\u00e9 interview\u00e9 par Marvin Vega pour le magazine &#8220;Yashima&#8221;, un magazine sp\u00e9cialis\u00e9e dans les arts martiaux.<\/p>\n\n\n\n<p>Voici l&#8217;interview (Num\u00e9ro #21 \u2013 Octobre 2023 \u2013 Digital)<\/p>\n\n\n\n<p> <\/p>\n\n\n\n<figure class=\"wp-block-image size-large\"><img decoding=\"async\" loading=\"lazy\" width=\"745\" height=\"1024\" src=\"http:\/\/nagibel.com\/wp-content\/uploads\/2024\/01\/scan-1-745x1024.jpg\" alt=\"\" class=\"wp-image-1467\" srcset=\"http:\/\/nagibel.com\/wp-content\/uploads\/2024\/01\/scan-1-745x1024.jpg 745w, http:\/\/nagibel.com\/wp-content\/uploads\/2024\/01\/scan-1-218x300.jpg 218w, http:\/\/nagibel.com\/wp-content\/uploads\/2024\/01\/scan-1-768x1056.jpg 768w, http:\/\/nagibel.com\/wp-content\/uploads\/2024\/01\/scan-1-1117x1536.jpg 1117w, http:\/\/nagibel.com\/wp-content\/uploads\/2024\/01\/scan-1-1489x2048.jpg 1489w, http:\/\/nagibel.com\/wp-content\/uploads\/2024\/01\/scan-1.jpg 1700w\" sizes=\"(max-width: 745px) 100vw, 745px\" \/><\/figure>\n\n\n\n<figure class=\"wp-block-image size-large\"><img decoding=\"async\" loading=\"lazy\" width=\"745\" height=\"1024\" src=\"http:\/\/nagibel.com\/wp-content\/uploads\/2024\/01\/scan-2-745x1024.jpg\" alt=\"\" class=\"wp-image-1468\" srcset=\"http:\/\/nagibel.com\/wp-content\/uploads\/2024\/01\/scan-2-745x1024.jpg 745w, http:\/\/nagibel.com\/wp-content\/uploads\/2024\/01\/scan-2-218x300.jpg 218w, http:\/\/nagibel.com\/wp-content\/uploads\/2024\/01\/scan-2-768x1056.jpg 768w, http:\/\/nagibel.com\/wp-content\/uploads\/2024\/01\/scan-2-1117x1536.jpg 1117w, http:\/\/nagibel.com\/wp-content\/uploads\/2024\/01\/scan-2-1489x2048.jpg 1489w, http:\/\/nagibel.com\/wp-content\/uploads\/2024\/01\/scan-2.jpg 1700w\" sizes=\"(max-width: 745px) 100vw, 745px\" \/><\/figure>\n\n\n\n<figure class=\"wp-block-image size-large\"><img decoding=\"async\" loading=\"lazy\" width=\"745\" height=\"1024\" src=\"http:\/\/nagibel.com\/wp-content\/uploads\/2024\/01\/scan-3-745x1024.jpg\" alt=\"\" class=\"wp-image-1469\" srcset=\"http:\/\/nagibel.com\/wp-content\/uploads\/2024\/01\/scan-3-745x1024.jpg 745w, http:\/\/nagibel.com\/wp-content\/uploads\/2024\/01\/scan-3-218x300.jpg 218w, http:\/\/nagibel.com\/wp-content\/uploads\/2024\/01\/scan-3-768x1056.jpg 768w, http:\/\/nagibel.com\/wp-content\/uploads\/2024\/01\/scan-3-1117x1536.jpg 1117w, http:\/\/nagibel.com\/wp-content\/uploads\/2024\/01\/scan-3-1489x2048.jpg 1489w, http:\/\/nagibel.com\/wp-content\/uploads\/2024\/01\/scan-3-rotated.jpg 1700w\" sizes=\"(max-width: 745px) 100vw, 745px\" \/><\/figure>\n\n\n\n<figure class=\"wp-block-image size-large\"><img decoding=\"async\" loading=\"lazy\" width=\"745\" height=\"1024\" src=\"http:\/\/nagibel.com\/wp-content\/uploads\/2024\/01\/scan-4-745x1024.jpg\" alt=\"\" class=\"wp-image-1472\" srcset=\"http:\/\/nagibel.com\/wp-content\/uploads\/2024\/01\/scan-4-745x1024.jpg 745w, http:\/\/nagibel.com\/wp-content\/uploads\/2024\/01\/scan-4-218x300.jpg 218w, http:\/\/nagibel.com\/wp-content\/uploads\/2024\/01\/scan-4-768x1056.jpg 768w, http:\/\/nagibel.com\/wp-content\/uploads\/2024\/01\/scan-4-1117x1536.jpg 1117w, http:\/\/nagibel.com\/wp-content\/uploads\/2024\/01\/scan-4-1489x2048.jpg 1489w, http:\/\/nagibel.com\/wp-content\/uploads\/2024\/01\/scan-4-rotated.jpg 1700w\" sizes=\"(max-width: 745px) 100vw, 745px\" \/><\/figure>\n\n\n\n<figure class=\"wp-block-image size-large\"><img decoding=\"async\" loading=\"lazy\" width=\"745\" height=\"1024\" src=\"http:\/\/nagibel.com\/wp-content\/uploads\/2024\/01\/scan-5-745x1024.jpg\" alt=\"\" class=\"wp-image-1470\" srcset=\"http:\/\/nagibel.com\/wp-content\/uploads\/2024\/01\/scan-5-745x1024.jpg 745w, http:\/\/nagibel.com\/wp-content\/uploads\/2024\/01\/scan-5-218x300.jpg 218w, http:\/\/nagibel.com\/wp-content\/uploads\/2024\/01\/scan-5-768x1056.jpg 768w, http:\/\/nagibel.com\/wp-content\/uploads\/2024\/01\/scan-5-1117x1536.jpg 1117w, http:\/\/nagibel.com\/wp-content\/uploads\/2024\/01\/scan-5-1489x2048.jpg 1489w, http:\/\/nagibel.com\/wp-content\/uploads\/2024\/01\/scan-5.jpg 1700w\" sizes=\"(max-width: 745px) 100vw, 745px\" \/><\/figure>\n\n\n\n<figure class=\"wp-block-image size-large\"><img decoding=\"async\" loading=\"lazy\" width=\"745\" height=\"1024\" src=\"http:\/\/nagibel.com\/wp-content\/uploads\/2024\/01\/scan-6-745x1024.jpg\" alt=\"\" class=\"wp-image-1471\" srcset=\"http:\/\/nagibel.com\/wp-content\/uploads\/2024\/01\/scan-6-745x1024.jpg 745w, http:\/\/nagibel.com\/wp-content\/uploads\/2024\/01\/scan-6-218x300.jpg 218w, http:\/\/nagibel.com\/wp-content\/uploads\/2024\/01\/scan-6-768x1056.jpg 768w, http:\/\/nagibel.com\/wp-content\/uploads\/2024\/01\/scan-6-1117x1536.jpg 1117w, http:\/\/nagibel.com\/wp-content\/uploads\/2024\/01\/scan-6-1489x2048.jpg 1489w, http:\/\/nagibel.com\/wp-content\/uploads\/2024\/01\/scan-6.jpg 1700w\" sizes=\"(max-width: 745px) 100vw, 745px\" \/><\/figure>\n","protected":false},"excerpt":{"rendered":"<p>David a \u00e9t\u00e9 interview\u00e9 par Marvin Vega pour le magazine &#8220;Yashima&#8221;, un magazine sp\u00e9cialis\u00e9e dans les arts martiaux. Voici l&#8217;interview (Num\u00e9ro #21 \u2013 Octobre 2023 \u2013 Digital)<\/p>\n","protected":false},"author":1,"featured_media":0,"parent":0,"menu_order":0,"comment_status":"closed","ping_status":"closed","template":"","meta":[],"_links":{"self":[{"href":"http:\/\/nagibel.com\/index.php\/wp-json\/wp\/v2\/pages\/1466"}],"collection":[{"href":"http:\/\/nagibel.com\/index.php\/wp-json\/wp\/v2\/pages"}],"about":[{"href":"http:\/\/nagibel.com\/index.php\/wp-json\/wp\/v2\/types\/page"}],"author":[{"embeddable":true,"href":"http:\/\/nagibel.com\/index.php\/wp-json\/wp\/v2\/users\/1"}],"replies":[{"embeddable":true,"href":"http:\/\/nagibel.com\/index.php\/wp-json\/wp\/v2\/comments?post=1466"}],"version-history":[{"count":1,"href":"http:\/\/nagibel.com\/index.php\/wp-json\/wp\/v2\/pages\/1466\/revisions"}],"predecessor-version":[{"id":1474,"href":"http:\/\/nagibel.com\/index.php\/wp-json\/wp\/v2\/pages\/1466\/revisions\/1474"}],"wp:attachment":[{"href":"http:\/\/nagibel.com\/index.php\/wp-json\/wp\/v2\/media?parent=1466"}],"curies":[{"name":"wp","href":"https:\/\/api.w.org\/{rel}","templated":true}]}}