{"id":1446,"date":"2023-07-24T23:30:58","date_gmt":"2023-07-24T21:30:58","guid":{"rendered":"http:\/\/nagibel.com\/?page_id=1446"},"modified":"2023-07-24T23:30:59","modified_gmt":"2023-07-24T21:30:59","slug":"shinpan-seminar-2023","status":"publish","type":"page","link":"http:\/\/nagibel.com\/index.php\/shinpan-seminar-2023\/","title":{"rendered":"Shinpan Seminar (2023)"},"content":{"rendered":"\n<figure class=\"wp-block-image size-full\"><img decoding=\"async\" loading=\"lazy\" width=\"611\" height=\"300\" src=\"http:\/\/nagibel.com\/wp-content\/uploads\/2023\/07\/image-7.png\" alt=\"\" class=\"wp-image-1447\" srcset=\"http:\/\/nagibel.com\/wp-content\/uploads\/2023\/07\/image-7.png 611w, http:\/\/nagibel.com\/wp-content\/uploads\/2023\/07\/image-7-300x147.png 300w\" sizes=\"(max-width: 611px) 100vw, 611px\" \/><\/figure>\n\n\n\n<p>A l&#8217;approche des Championnats d&#8217;Europe, Fran\u00e7ois Dermine, notre directeur technique, a propos\u00e9 un stage de formation au shinpan \u00e0 Bruxelles au d\u00e9but du mois de juillet. Bien que cet \u00e9v\u00e9nement ait \u00e9t\u00e9 organis\u00e9 un peu tardivement, nous avons eu l&#8217;occasion d&#8217;accueillir des participants de France, d&#8217;Allemagne et m\u00eame notre pr\u00e9sidente, Kirsi Hoglund, de Su\u00e8de.<\/p>\n\n\n\n<p>La f\u00e9d\u00e9ration belge a magnifiquement organis\u00e9 cet \u00e9v\u00e9nement dans le centre sportif fr\u00e9quent\u00e9 par la plupart des pratiquants europ\u00e9ens. D\u00e8s le d\u00e9but du stage, apr\u00e8s les salutations d&#8217;usage, les participants ont \u00e9t\u00e9 divis\u00e9s en deux groupes : l&#8217;un avec les shimpans et l&#8217;autre avec les pratiquants qui allaient concourir et \u00eatre jug\u00e9s. Ces derniers ont commenc\u00e9 leur \u00e9chauffement en armure pour se pr\u00e9parer aux combats, tandis que les shinpans se sont regroup\u00e9s derri\u00e8re un \u00e9cran o\u00f9 Fran\u00e7ois Dermine et David D&#8217;hose avaient pr\u00e9par\u00e9 des exemples pour susciter des d\u00e9bats.<\/p>\n\n\n\n<figure class=\"wp-block-image size-full\"><img decoding=\"async\" loading=\"lazy\" width=\"1024\" height=\"768\" src=\"http:\/\/nagibel.com\/wp-content\/uploads\/2023\/07\/image-8.png\" alt=\"\" class=\"wp-image-1448\" srcset=\"http:\/\/nagibel.com\/wp-content\/uploads\/2023\/07\/image-8.png 1024w, http:\/\/nagibel.com\/wp-content\/uploads\/2023\/07\/image-8-300x225.png 300w, http:\/\/nagibel.com\/wp-content\/uploads\/2023\/07\/image-8-768x576.png 768w\" sizes=\"(max-width: 1024px) 100vw, 1024px\" \/><\/figure>\n\n\n\n<p>Les \u00e9changes ont \u00e9t\u00e9 nombreux, les d\u00e9bats intenses, et de nombreuses questions ont \u00e9merg\u00e9 de tout cela. Apr\u00e8s une matin\u00e9e anim\u00e9e d&#8217;analyse d&#8217;exemples vid\u00e9o, les shimpans ont jug\u00e9 les shiais. Les d\u00e9cisions et les positions ont \u00e9t\u00e9 r\u00e9guli\u00e8rement discut\u00e9es jusqu&#8217;\u00e0 l&#8217;heure du d\u00e9jeuner.<\/p>\n\n\n\n<p><img decoding=\"async\" class=\"wp-image-4226\" src=\"https:\/\/naginata-federation.eu\/wp-content\/uploads\/2023\/07\/358523839_663138489185495_1224398502098958936_n-1024x1024.jpg\" alt=\"\"><\/p>\n\n\n\n<p>Apr\u00e8s un bon repas, l&#8217;apr\u00e8s-midi a \u00e9t\u00e9 consacr\u00e9e \u00e0 l&#8217;arbitrage des shikake odji. Entre la pr\u00e9cision des praticiens et la signification des diff\u00e9rents points soulev\u00e9s par les shimpans concernant les erreurs, de nombreuses discussions ont eu lieu. Nous partageons bien s\u00fbr les m\u00eames r\u00e9f\u00e9rences, mais nos interpr\u00e9tations ne sont pas toujours identiques, ce qui rend les discussions enrichissantes.<\/p>\n\n\n\n<p>Enfin, comme \u00e0 l&#8217;accoutum\u00e9e, nous avons pris un bon repas dans un restaurant voisin, savourant de d\u00e9licieuses moules accompagn\u00e9es de bi\u00e8res belges.<\/p>\n\n\n\n<figure class=\"wp-block-image size-full\"><img decoding=\"async\" loading=\"lazy\" width=\"1024\" height=\"768\" src=\"http:\/\/nagibel.com\/wp-content\/uploads\/2023\/07\/image-9.png\" alt=\"\" class=\"wp-image-1449\" srcset=\"http:\/\/nagibel.com\/wp-content\/uploads\/2023\/07\/image-9.png 1024w, http:\/\/nagibel.com\/wp-content\/uploads\/2023\/07\/image-9-300x225.png 300w, http:\/\/nagibel.com\/wp-content\/uploads\/2023\/07\/image-9-768x576.png 768w\" sizes=\"(max-width: 1024px) 100vw, 1024px\" \/><\/figure>\n\n\n\n<p>Le lendemain, nous avons mis en pratique nos discussions de la veille lors d&#8217;une comp\u00e9tition. Malgr\u00e9 un temps orageux, les combattants ont r\u00e9ussi \u00e0 enfiler leurs armures et \u00e0 se livrer \u00e0 de beaux combats individuels et collectifs. Enfin, dans l&#8217;apr\u00e8s-midi, nous avons conclu la journ\u00e9e par une petite comp\u00e9tition technique avant de nous quitter autour d&#8217;une bi\u00e8re. Ce fut un grand \u00e9v\u00e9nement que nous esp\u00e9rons renouveler chaque ann\u00e9e avec encore plus de participants.<\/p>\n\n\n\n<figure class=\"wp-block-image size-full\"><img decoding=\"async\" loading=\"lazy\" width=\"1014\" height=\"557\" src=\"http:\/\/nagibel.com\/wp-content\/uploads\/2023\/07\/image-10.png\" alt=\"\" class=\"wp-image-1450\" srcset=\"http:\/\/nagibel.com\/wp-content\/uploads\/2023\/07\/image-10.png 1014w, http:\/\/nagibel.com\/wp-content\/uploads\/2023\/07\/image-10-300x165.png 300w, http:\/\/nagibel.com\/wp-content\/uploads\/2023\/07\/image-10-768x422.png 768w\" sizes=\"(max-width: 1014px) 100vw, 1014px\" \/><\/figure>\n","protected":false},"excerpt":{"rendered":"<p>A l&#8217;approche des Championnats d&#8217;Europe, Fran\u00e7ois Dermine, notre directeur technique, a propos\u00e9 un stage de formation au shinpan \u00e0 Bruxelles au d\u00e9but du mois de juillet. Bien que cet \u00e9v\u00e9nement ait \u00e9t\u00e9 organis\u00e9 un peu tardivement, nous avons eu l&#8217;occasion <a class=\"more-link\" href=\"http:\/\/nagibel.com\/index.php\/shinpan-seminar-2023\/\">Continue reading <span class=\"screen-reader-text\">  Shinpan Seminar (2023)<\/span><span class=\"meta-nav\">&rarr;<\/span><\/a><\/p>\n","protected":false},"author":1,"featured_media":0,"parent":0,"menu_order":0,"comment_status":"closed","ping_status":"closed","template":"","meta":[],"_links":{"self":[{"href":"http:\/\/nagibel.com\/index.php\/wp-json\/wp\/v2\/pages\/1446"}],"collection":[{"href":"http:\/\/nagibel.com\/index.php\/wp-json\/wp\/v2\/pages"}],"about":[{"href":"http:\/\/nagibel.com\/index.php\/wp-json\/wp\/v2\/types\/page"}],"author":[{"embeddable":true,"href":"http:\/\/nagibel.com\/index.php\/wp-json\/wp\/v2\/users\/1"}],"replies":[{"embeddable":true,"href":"http:\/\/nagibel.com\/index.php\/wp-json\/wp\/v2\/comments?post=1446"}],"version-history":[{"count":1,"href":"http:\/\/nagibel.com\/index.php\/wp-json\/wp\/v2\/pages\/1446\/revisions"}],"predecessor-version":[{"id":1451,"href":"http:\/\/nagibel.com\/index.php\/wp-json\/wp\/v2\/pages\/1446\/revisions\/1451"}],"wp:attachment":[{"href":"http:\/\/nagibel.com\/index.php\/wp-json\/wp\/v2\/media?parent=1446"}],"curies":[{"name":"wp","href":"https:\/\/api.w.org\/{rel}","templated":true}]}}