{"id":1434,"date":"2023-07-24T23:24:46","date_gmt":"2023-07-24T21:24:46","guid":{"rendered":"http:\/\/nagibel.com\/?page_id=1434"},"modified":"2023-07-24T23:24:47","modified_gmt":"2023-07-24T21:24:47","slug":"enc-taikai-2023-nyc","status":"publish","type":"page","link":"http:\/\/nagibel.com\/index.php\/enc-taikai-2023-nyc\/","title":{"rendered":"ENC Taikai 2023 \u2013 NYC"},"content":{"rendered":"\n<figure class=\"wp-block-image size-large\"><img decoding=\"async\" loading=\"lazy\" width=\"1024\" height=\"588\" src=\"http:\/\/nagibel.com\/wp-content\/uploads\/2023\/07\/image-1-1024x588.png\" alt=\"\" class=\"wp-image-1435\" srcset=\"http:\/\/nagibel.com\/wp-content\/uploads\/2023\/07\/image-1-1024x588.png 1024w, http:\/\/nagibel.com\/wp-content\/uploads\/2023\/07\/image-1-300x172.png 300w, http:\/\/nagibel.com\/wp-content\/uploads\/2023\/07\/image-1-768x441.png 768w, http:\/\/nagibel.com\/wp-content\/uploads\/2023\/07\/image-1.png 1236w\" sizes=\"(max-width: 1024px) 100vw, 1024px\" \/><\/figure>\n\n\n\n<p>Au d\u00e9but du printemps 2023, j&#8217;ai rendu visite \u00e0 Ellery sensei et j&#8217;ai enseign\u00e9 et arbitr\u00e9 au Taikai de la F\u00e9d\u00e9ration de Naginata de la C\u00f4te Est. Avant d&#8217;entrer dans les d\u00e9tails du voyage, je dois exprimer ma profonde gratitude \u00e0 Ellery sensei et Ji pour leur chaleureuse hospitalit\u00e9 et leur gentillesse. Leur g\u00e9n\u00e9rosit\u00e9 et leur attention ont \u00e9t\u00e9 vraiment \u00e9tonnantes. Ce fut un plaisir de passer du temps avec eux et de renforcer notre amiti\u00e9 au cours de cet \u00e9v\u00e9nement. C&#8217;est ce qui rend la communaut\u00e9 Naginata si unique \u00e0 mes yeux.<\/p>\n\n\n<div class=\"wp-block-image\">\n<figure class=\"aligncenter size-full is-resized\"><img decoding=\"async\" loading=\"lazy\" src=\"http:\/\/nagibel.com\/wp-content\/uploads\/2023\/07\/image-2.png\" alt=\"\" class=\"wp-image-1436\" width=\"441\" height=\"296\" srcset=\"http:\/\/nagibel.com\/wp-content\/uploads\/2023\/07\/image-2.png 1024w, http:\/\/nagibel.com\/wp-content\/uploads\/2023\/07\/image-2-300x202.png 300w, http:\/\/nagibel.com\/wp-content\/uploads\/2023\/07\/image-2-768x517.png 768w\" sizes=\"(max-width: 441px) 100vw, 441px\" \/><\/figure><\/div>\n\n\n<p>Visiter Manhattan pour la premi\u00e8re fois a \u00e9t\u00e9 une exp\u00e9rience inoubliable. La ville est vaste et chaque coin de rue est une aventure diff\u00e9rente. Si le paysage urbain est imposant, avec ses grands immeubles qui semblent s&#8217;\u00e9lever jusqu&#8217;au ciel, il est aussi captivant. Chaque rue et chaque ruelle poss\u00e8de un charme unique, et c&#8217;est l&#8217;endroit r\u00eav\u00e9 pour les photographes. J&#8217;ai march\u00e9 depuis le pont de Brooklyn jusqu&#8217;\u00e0 la High Line, un sentier pi\u00e9tonnier qui surplombe les rues de la ville. M\u00eame de l\u00e0-haut, les b\u00e2timents semblaient me dominer.<\/p>\n\n\n\n<figure class=\"wp-block-image size-full is-resized\"><img decoding=\"async\" loading=\"lazy\" src=\"http:\/\/nagibel.com\/wp-content\/uploads\/2023\/07\/image-3.png\" alt=\"\" class=\"wp-image-1437\" width=\"354\" height=\"531\" srcset=\"http:\/\/nagibel.com\/wp-content\/uploads\/2023\/07\/image-3.png 618w, http:\/\/nagibel.com\/wp-content\/uploads\/2023\/07\/image-3-200x300.png 200w\" sizes=\"(max-width: 354px) 100vw, 354px\" \/><\/figure>\n\n\n\n<p>Ji est venu me chercher \u00e0 l&#8217;h\u00f4tel et m&#8217;a conduit \u00e0 la maison d&#8217;Ellery, situ\u00e9e dans un quartier paisible. Ellery sensei a offert ses \u00e9tages \u00e0 tous les participants du Canada, ce qui \u00e9tait un geste merveilleux. Une quinzaine de personnes logeaient l\u00e0 et l&#8217;atmosph\u00e8re \u00e9tait chaleureuse et amicale. C&#8217;\u00e9tait inspirant de faire partie d&#8217;une communaut\u00e9 aussi solidaire, qui s&#8217;\u00e9tait r\u00e9unie pour c\u00e9l\u00e9brer Ellery sensei.<\/p>\n\n\n\n<p>La veille du s\u00e9minaire, j&#8217;ai eu l&#8217;occasion de discuter avec Alberto, \u00e9galement connu sous le nom de Cano, qui pratique le Naginata \u00e0 Porto Rico. C&#8217;\u00e9tait fascinant d&#8217;apprendre sa capacit\u00e9 particuli\u00e8re \u00e0 anticiper les mouvements de son adversaire par le son, car il est presque aveugle. Il ne peut pas se fier aux rep\u00e8res visuels pour ex\u00e9cuter ses attaques, ce qui rend ses techniques de Naginata d&#8217;autant plus impressionnantes. Cano m&#8217;a invit\u00e9 \u00e0 visiter Porto Rico la prochaine fois que je serai en Am\u00e9rique du Nord, et je suis impatient de le faire.<\/p>\n\n\n\n<figure class=\"wp-block-image size-full\"><img decoding=\"async\" loading=\"lazy\" width=\"1024\" height=\"684\" src=\"http:\/\/nagibel.com\/wp-content\/uploads\/2023\/07\/image-4.png\" alt=\"\" class=\"wp-image-1438\" srcset=\"http:\/\/nagibel.com\/wp-content\/uploads\/2023\/07\/image-4.png 1024w, http:\/\/nagibel.com\/wp-content\/uploads\/2023\/07\/image-4-300x200.png 300w, http:\/\/nagibel.com\/wp-content\/uploads\/2023\/07\/image-4-768x513.png 768w\" sizes=\"(max-width: 1024px) 100vw, 1024px\" \/><\/figure>\n\n\n\n<p>Le s\u00e9minaire a d\u00e9but\u00e9 le samedi par une d\u00e9monstration solennelle d&#8217;Iaido par Ji et son \u00e9l\u00e8ve Jeff Fulcher, en l&#8217;honneur des fondateurs de la Japanese Swordsmanship Society (Nichibukan), Yamauchi sensei et John Prough sensei, d\u00e9c\u00e9d\u00e9s respectivement il y a 11 et 10 ans. La pratique du Naginata a ensuite commenc\u00e9. La session du matin s&#8217;est concentr\u00e9e sur la pratique du bogu et celle de l&#8217;apr\u00e8s-midi sur l&#8217;engi. Chaque groupe a accueilli chaleureusement les senseis, donnant le ton \u00e0 un s\u00e9minaire productif et agr\u00e9able. J&#8217;ai \u00e9t\u00e9 ravi de revoir Axel Norman, citoyen am\u00e9ricain vivant dans le Connecticut, que je n&#8217;avais pas vu depuis longtemps. Nous avons pratiqu\u00e9 ensemble, et j&#8217;ai eu l&#8217;impression que nous avions pratiqu\u00e9 ensemble la veille. Pendant le s\u00e9minaire, j&#8217;ai partag\u00e9 certains des ingr\u00e9dients cl\u00e9s (imho) n\u00e9cessaires pour ma\u00eetriser les shiais, et nous avons pratiqu\u00e9 le tai sabaki waza pour cr\u00e9er des opportunit\u00e9s et \u00e9viter les frappes de mani\u00e8re efficace. Nous avons \u00e9galement travaill\u00e9 sur l&#8217;exercice du cercle pour am\u00e9liorer le contr\u00f4le de la Naginata, et d\u00e9compos\u00e9 les hasso men et sune waza en \u00e9tapes pour assurer un mouvement fluide et continu. Nous avons termin\u00e9 par de nombreux exercices d&#8217;uchikaeshi avec nuki waza et suriage, suivis de jigeiko.<\/p>\n\n\n\n<p>La session de l&#8217;apr\u00e8s-midi s&#8217;est concentr\u00e9e sur les katas, suivie d&#8217;un examen de grade. La f\u00eate du samedi soir a \u00e9t\u00e9 tr\u00e8s amusante, avec une cinquantaine de personnes pr\u00e9sentes, ce qui a cr\u00e9\u00e9 une excellente ambiance.<\/p>\n\n\n\n<figure class=\"wp-block-image size-full\"><img decoding=\"async\" loading=\"lazy\" width=\"1024\" height=\"409\" src=\"http:\/\/nagibel.com\/wp-content\/uploads\/2023\/07\/image-5.png\" alt=\"\" class=\"wp-image-1439\" srcset=\"http:\/\/nagibel.com\/wp-content\/uploads\/2023\/07\/image-5.png 1024w, http:\/\/nagibel.com\/wp-content\/uploads\/2023\/07\/image-5-300x120.png 300w, http:\/\/nagibel.com\/wp-content\/uploads\/2023\/07\/image-5-768x307.png 768w\" sizes=\"(max-width: 1024px) 100vw, 1024px\" \/><\/figure>\n\n\n\n<p>Le dimanche \u00e9tait le jour du Taikai, qui avait un programme charg\u00e9 avec six comp\u00e9titions diff\u00e9rentes. Les Engi kyu et dan ont eu lieu le matin, et l&#8217;apr\u00e8s-midi, nous avons eu les Shiai kyu femmes suivies par les hommes, et plus tard les shiai dan femmes et hommes. Il \u00e9tait gratifiant de voir un nombre \u00e9gal de femmes et d&#8217;hommes participer aux comp\u00e9titions. L&#8217;enthousiasme de tous les participants faisait plaisir \u00e0 voir. Peut-\u00eatre un peu trop enthousiaste pour les kyu hommes shiais. On avait parfois l&#8217;impression qu&#8217;ils se pr\u00e9cipitaient vers l&#8217;avant, quelle que soit l&#8217;action de l&#8217;adversaire ou la distance. Une bonne gestion des shiai, c&#8217;est-\u00e0-dire attaquer seulement lorsque de r\u00e9elles opportunit\u00e9s sont cr\u00e9\u00e9es, demande de l&#8217;exp\u00e9rience. Suivre les exercices de tai sabaki waza aurait pu les aider.<\/p>\n\n\n\n<p>En disant au revoir \u00e0 Ellery sensei et Ji, je me suis sentie reconnaissante de leur hospitalit\u00e9 et de leur sympathie. Je voudrais \u00e9galement exprimer ma gratitude \u00e0 Ray pour avoir partag\u00e9 l&#8217;histoire captivante du pass\u00e9 de l&#8217;ECNF et \u00e0 Gabriel pour son \u00e9nergie positive contagieuse, qui a rendu le s\u00e9minaire encore plus agr\u00e9able. Merci \u00e0 Manon et Yves pour les discussions agr\u00e9ables sur le shinpan que nous avons eues ensemble pendant la comp\u00e9tition.<\/p>\n\n\n\n<p>Ce fut une exp\u00e9rience m\u00e9morable de participer au Taikai de l&#8217;ECNF et de passer du temps avec des personnes aussi merveilleuses. Je me r\u00e9jouis de rester en contact avec eux et de revenir aux \u00c9tats-Unis pour d&#8217;autres \u00e9v\u00e9nements de Naginata \u00e0 l&#8217;avenir, au plus tard lors du championnat du monde de Naginata l&#8217;ann\u00e9e prochaine.<\/p>\n\n\n\n<figure class=\"wp-block-image size-full is-resized\"><img decoding=\"async\" loading=\"lazy\" src=\"http:\/\/nagibel.com\/wp-content\/uploads\/2023\/07\/image-6.png\" alt=\"\" class=\"wp-image-1440\" width=\"264\" height=\"393\" srcset=\"http:\/\/nagibel.com\/wp-content\/uploads\/2023\/07\/image-6.png 622w, http:\/\/nagibel.com\/wp-content\/uploads\/2023\/07\/image-6-201x300.png 201w\" sizes=\"(max-width: 264px) 100vw, 264px\" \/><\/figure>\n","protected":false},"excerpt":{"rendered":"<p>Au d\u00e9but du printemps 2023, j&#8217;ai rendu visite \u00e0 Ellery sensei et j&#8217;ai enseign\u00e9 et arbitr\u00e9 au Taikai de la F\u00e9d\u00e9ration de Naginata de la C\u00f4te Est. Avant d&#8217;entrer dans les d\u00e9tails du voyage, je dois exprimer ma profonde gratitude <a class=\"more-link\" href=\"http:\/\/nagibel.com\/index.php\/enc-taikai-2023-nyc\/\">Continue reading <span class=\"screen-reader-text\">  ENC Taikai 2023 \u2013 NYC<\/span><span class=\"meta-nav\">&rarr;<\/span><\/a><\/p>\n","protected":false},"author":1,"featured_media":0,"parent":0,"menu_order":0,"comment_status":"closed","ping_status":"closed","template":"","meta":[],"_links":{"self":[{"href":"http:\/\/nagibel.com\/index.php\/wp-json\/wp\/v2\/pages\/1434"}],"collection":[{"href":"http:\/\/nagibel.com\/index.php\/wp-json\/wp\/v2\/pages"}],"about":[{"href":"http:\/\/nagibel.com\/index.php\/wp-json\/wp\/v2\/types\/page"}],"author":[{"embeddable":true,"href":"http:\/\/nagibel.com\/index.php\/wp-json\/wp\/v2\/users\/1"}],"replies":[{"embeddable":true,"href":"http:\/\/nagibel.com\/index.php\/wp-json\/wp\/v2\/comments?post=1434"}],"version-history":[{"count":1,"href":"http:\/\/nagibel.com\/index.php\/wp-json\/wp\/v2\/pages\/1434\/revisions"}],"predecessor-version":[{"id":1441,"href":"http:\/\/nagibel.com\/index.php\/wp-json\/wp\/v2\/pages\/1434\/revisions\/1441"}],"wp:attachment":[{"href":"http:\/\/nagibel.com\/index.php\/wp-json\/wp\/v2\/media?parent=1434"}],"curies":[{"name":"wp","href":"https:\/\/api.w.org\/{rel}","templated":true}]}}