{"id":1400,"date":"2023-01-29T10:26:38","date_gmt":"2023-01-29T09:26:38","guid":{"rendered":"http:\/\/nagibel.com\/?page_id=1400"},"modified":"2023-01-29T10:30:19","modified_gmt":"2023-01-29T09:30:19","slug":"2023-2","status":"publish","type":"page","link":"http:\/\/nagibel.com\/index.php\/2023-2\/","title":{"rendered":"2023"},"content":{"rendered":"\n<p>Le 21 janvier 2023, Stefano, Jeremy, Dylan, Thomas, Fran\u00e7ois, David et Yolanda partent \u00e0 Paris disputer la 1\u00e8re comp\u00e9tition de l&#8217;ann\u00e9e. Tandis que Yolanda arbitre, chaque combattants sort victorieux de sa pool..<\/p>\n\n\n\n<p class=\"has-text-align-center\"><strong>Coupe Tokunaga:<\/strong><\/p>\n\n\n\n<ul>\n<li>Homme:<\/li>\n<\/ul>\n\n\n\n<p>1\u00e8re place: Fran\u00e7ois Dermine<\/p>\n\n\n\n<p>2\u00e8me place: Lo\u00efc Delalande<\/p>\n\n\n\n<p>3\u00e8me place: Guillaume Dufeil<\/p>\n\n\n\n<ul>\n<li>Femme:<\/li>\n<\/ul>\n\n\n\n<p>1\u00e8re place: Fanny Hamot<\/p>\n\n\n\n<p>2\u00e8me place: Suzanne Kosh<\/p>\n\n\n\n<p>3\u00e8me place: R\u00e9gine Barr\u00e9-Croix<\/p>\n\n\n\n<p><\/p>\n\n\n\n<p class=\"has-text-align-center\"><strong>Coupe Jacques Mercier:<\/strong><\/p>\n\n\n\n<p>1\u00e8re place: Thoma Vanderckerckhoven, Guillaume Tchoukavoff et Kilian Pinson<\/p>\n\n\n\n<p><\/p>\n\n\n\n<p class=\"has-text-align-center\"><strong>Coupe Simone Charton:<\/strong><\/p>\n\n\n\n<ul>\n<li>Niveau 2<\/li>\n<\/ul>\n\n\n\n<p>1\u00e8re place: K. Giquel et L. Tortissier<\/p>\n\n\n\n<p>2\u00e8me place: J. Hafner et Y. Niederer<\/p>\n\n\n\n<p>3\u00e8me place: A. Von Siebenthal et J. Stock<\/p>\n\n\n\n<ul>\n<li>Niveau 3<\/li>\n<\/ul>\n\n\n\n<p>1\u00e8re place: E. Pinson et K. Pinson<\/p>\n\n\n\n<p>2\u00e8me place: L. Tan et F. Hamot<\/p>\n\n\n\n<p>3\u00e8me place: R. Barr\u00e9-Croix et S. Potonne<\/p>\n\n\n\n<p class=\"has-text-align-center\"><strong>Coupe par tirage au sort:<\/strong><\/p>\n\n\n\n<ul>\n<li>Niveau 1<\/li>\n<\/ul>\n\n\n\n<p>1\u00e8re place: K. Giquel et J. Hafner<\/p>\n\n\n\n<p>2\u00e8me place: D. Blanc et J. Stock<\/p>\n\n\n\n<p>3\u00e8me place: C. Guibert et L. Tortissier<\/p>\n\n\n\n<ul>\n<li>Niveau 2<\/li>\n<\/ul>\n\n\n\n<p>1\u00e8re place: K. Pinson et L. Tan<\/p>\n\n\n\n<p>2\u00e8me place: J. Girard et F. Hamot<\/p>\n\n\n\n<p>3\u00e8me place: L. Briand et S. Potonne<\/p>\n","protected":false},"excerpt":{"rendered":"<p>Le 21 janvier 2023, Stefano, Jeremy, Dylan, Thomas, Fran\u00e7ois, David et Yolanda partent \u00e0 Paris disputer la 1\u00e8re comp\u00e9tition de l&#8217;ann\u00e9e. Tandis que Yolanda arbitre, chaque combattants sort victorieux de sa pool.. Coupe Tokunaga: 1\u00e8re place: Fran\u00e7ois Dermine 2\u00e8me place: <a class=\"more-link\" href=\"http:\/\/nagibel.com\/index.php\/2023-2\/\">Continue reading <span class=\"screen-reader-text\">  2023<\/span><span class=\"meta-nav\">&rarr;<\/span><\/a><\/p>\n","protected":false},"author":1,"featured_media":0,"parent":0,"menu_order":0,"comment_status":"closed","ping_status":"closed","template":"","meta":[],"_links":{"self":[{"href":"http:\/\/nagibel.com\/index.php\/wp-json\/wp\/v2\/pages\/1400"}],"collection":[{"href":"http:\/\/nagibel.com\/index.php\/wp-json\/wp\/v2\/pages"}],"about":[{"href":"http:\/\/nagibel.com\/index.php\/wp-json\/wp\/v2\/types\/page"}],"author":[{"embeddable":true,"href":"http:\/\/nagibel.com\/index.php\/wp-json\/wp\/v2\/users\/1"}],"replies":[{"embeddable":true,"href":"http:\/\/nagibel.com\/index.php\/wp-json\/wp\/v2\/comments?post=1400"}],"version-history":[{"count":3,"href":"http:\/\/nagibel.com\/index.php\/wp-json\/wp\/v2\/pages\/1400\/revisions"}],"predecessor-version":[{"id":1405,"href":"http:\/\/nagibel.com\/index.php\/wp-json\/wp\/v2\/pages\/1400\/revisions\/1405"}],"wp:attachment":[{"href":"http:\/\/nagibel.com\/index.php\/wp-json\/wp\/v2\/media?parent=1400"}],"curies":[{"name":"wp","href":"https:\/\/api.w.org\/{rel}","templated":true}]}}