{"id":138,"date":"2019-07-21T21:44:22","date_gmt":"2019-07-21T19:44:22","guid":{"rendered":"http:\/\/nagibel.com\/?page_id=138"},"modified":"2019-07-21T21:44:22","modified_gmt":"2019-07-21T19:44:22","slug":"21-juillet-2019","status":"publish","type":"page","link":"http:\/\/nagibel.com\/index.php\/21-juillet-2019\/","title":{"rendered":"21 juillet 2019"},"content":{"rendered":"\n<p>Nous avons eu la chance d&#8217;\u00eatre s\u00e9lectionn\u00e9 pour participer aux festivit\u00e9s du 21 juillet 2019!<\/p>\n\n\n\n<p>Grosse journ\u00e9e de d\u00e9monstrations et d&#8217;initiations, men\u00e9e \u00e0 bien par toute l&#8217;\u00e9quipe.<\/p>\n\n\n\n<figure class=\"wp-block-image\"><img decoding=\"async\" loading=\"lazy\" width=\"1024\" height=\"768\" src=\"http:\/\/nagibel.com\/wp-content\/uploads\/2019\/07\/20190721_1635190-1024x768.jpg\" alt=\"\" class=\"wp-image-139\" srcset=\"http:\/\/nagibel.com\/wp-content\/uploads\/2019\/07\/20190721_1635190-1024x768.jpg 1024w, http:\/\/nagibel.com\/wp-content\/uploads\/2019\/07\/20190721_1635190-300x225.jpg 300w, http:\/\/nagibel.com\/wp-content\/uploads\/2019\/07\/20190721_1635190-768x576.jpg 768w\" sizes=\"(max-width: 1024px) 100vw, 1024px\" \/><figcaption>Epique bataille de Naginata en mousse<\/figcaption><\/figure>\n\n\n\n<figure class=\"wp-block-image\"><img decoding=\"async\" loading=\"lazy\" width=\"1024\" height=\"728\" src=\"http:\/\/nagibel.com\/wp-content\/uploads\/2019\/07\/20190721_151649-1024x728.jpg\" alt=\"\" class=\"wp-image-140\" srcset=\"http:\/\/nagibel.com\/wp-content\/uploads\/2019\/07\/20190721_151649-1024x728.jpg 1024w, http:\/\/nagibel.com\/wp-content\/uploads\/2019\/07\/20190721_151649-300x213.jpg 300w, http:\/\/nagibel.com\/wp-content\/uploads\/2019\/07\/20190721_151649-768x546.jpg 768w\" sizes=\"(max-width: 1024px) 100vw, 1024px\" \/><figcaption>Initiations<\/figcaption><\/figure>\n\n\n\n<figure class=\"wp-block-image\"><img decoding=\"async\" loading=\"lazy\" width=\"1024\" height=\"632\" src=\"http:\/\/nagibel.com\/wp-content\/uploads\/2019\/07\/20190721_125855-1024x632.jpg\" alt=\"\" class=\"wp-image-141\" srcset=\"http:\/\/nagibel.com\/wp-content\/uploads\/2019\/07\/20190721_125855-1024x632.jpg 1024w, http:\/\/nagibel.com\/wp-content\/uploads\/2019\/07\/20190721_125855-300x185.jpg 300w, http:\/\/nagibel.com\/wp-content\/uploads\/2019\/07\/20190721_125855-768x474.jpg 768w\" sizes=\"(max-width: 1024px) 100vw, 1024px\" \/><figcaption>Initiations<br><\/figcaption><\/figure>\n","protected":false},"excerpt":{"rendered":"<p>Nous avons eu la chance d&#8217;\u00eatre s\u00e9lectionn\u00e9 pour participer aux festivit\u00e9s du 21 juillet 2019! Grosse journ\u00e9e de d\u00e9monstrations et d&#8217;initiations, men\u00e9e \u00e0 bien par toute l&#8217;\u00e9quipe.<\/p>\n","protected":false},"author":1,"featured_media":0,"parent":0,"menu_order":0,"comment_status":"closed","ping_status":"closed","template":"","meta":[],"_links":{"self":[{"href":"http:\/\/nagibel.com\/index.php\/wp-json\/wp\/v2\/pages\/138"}],"collection":[{"href":"http:\/\/nagibel.com\/index.php\/wp-json\/wp\/v2\/pages"}],"about":[{"href":"http:\/\/nagibel.com\/index.php\/wp-json\/wp\/v2\/types\/page"}],"author":[{"embeddable":true,"href":"http:\/\/nagibel.com\/index.php\/wp-json\/wp\/v2\/users\/1"}],"replies":[{"embeddable":true,"href":"http:\/\/nagibel.com\/index.php\/wp-json\/wp\/v2\/comments?post=138"}],"version-history":[{"count":1,"href":"http:\/\/nagibel.com\/index.php\/wp-json\/wp\/v2\/pages\/138\/revisions"}],"predecessor-version":[{"id":142,"href":"http:\/\/nagibel.com\/index.php\/wp-json\/wp\/v2\/pages\/138\/revisions\/142"}],"wp:attachment":[{"href":"http:\/\/nagibel.com\/index.php\/wp-json\/wp\/v2\/media?parent=138"}],"curies":[{"name":"wp","href":"https:\/\/api.w.org\/{rel}","templated":true}]}}