{"id":1314,"date":"2022-12-27T15:12:43","date_gmt":"2022-12-27T14:12:43","guid":{"rendered":"http:\/\/nagibel.com\/?page_id=1314"},"modified":"2022-12-27T15:12:44","modified_gmt":"2022-12-27T14:12:44","slug":"takenouchi-ryu","status":"publish","type":"page","link":"http:\/\/nagibel.com\/index.php\/takenouchi-ryu\/","title":{"rendered":"Takenouchi-ryu"},"content":{"rendered":"\n<p>De son nom complet Hinoshita Toride Kaizan Takenouchi-ry\u016b, le takenouchi-ryu est fond\u00e9e par Takenouchi Chunagon Hisamori Daijo \u00e0 la fin de l&#8217;\u00e8re Muromachi en 1532.<\/p>\n\n\n\n<p>Bien que c\u00e9l\u00e8bre pour son jujutsu, cette \u00e9cole pratique aussi le kenjutsu, l&#8217;iaijutsu, le tantojutsu, le bojutsu, le jojutsu, le naginatajutsu et bien d&#8217;autres techniques, l&#8217;id\u00e9e \u00e9tant de permettre \u00e0 son utilisateur de se d\u00e9fendre avec n&#8217;importe quoi, du sabre au parapluie. Il existe ainsi certains katas qui utilisent de objets du quotidien comme un couvercle de marmite pour se d\u00e9fendre contre un sabre.<\/p>\n\n\n\n<figure class=\"wp-block-image\"><img decoding=\"async\" src=\"https:\/\/web.archive.org\/web\/20181214190111im_\/http:\/\/www.nagibel.be\/uploads\/images\/historique\/Takenouchi Ryu Kenbo.jpg\" alt=\"\"\/><\/figure>\n\n\n\n<p>Ses techniques de j\u016bjutsu ont particuli\u00e8rement influenc\u00e9 de nombreuses autres \u00e9coles au Japon. <\/p>\n\n\n\n<p>A partir du 8\u00e8me Soke, l&#8217;\u00e9cole eut 2 lign\u00e9es distinctes.<\/p>\n\n\n\n<figure class=\"wp-block-embed is-type-video is-provider-youtube wp-block-embed-youtube wp-embed-aspect-4-3 wp-has-aspect-ratio\"><div class=\"wp-block-embed__wrapper\">\n<iframe loading=\"lazy\" title=\"\u7af9\u5185\u6d41 - Takenouchi Ryu Part 2\/2\" width=\"530\" height=\"398\" src=\"https:\/\/www.youtube.com\/embed\/H0l85u0XTsU?feature=oembed\" frameborder=\"0\" allow=\"accelerometer; autoplay; clipboard-write; encrypted-media; gyroscope; picture-in-picture\" allowfullscreen><\/iframe>\n<\/div><\/figure>\n","protected":false},"excerpt":{"rendered":"<p>De son nom complet Hinoshita Toride Kaizan Takenouchi-ry\u016b, le takenouchi-ryu est fond\u00e9e par Takenouchi Chunagon Hisamori Daijo \u00e0 la fin de l&#8217;\u00e8re Muromachi en 1532. Bien que c\u00e9l\u00e8bre pour son jujutsu, cette \u00e9cole pratique aussi le kenjutsu, l&#8217;iaijutsu, le tantojutsu, <a class=\"more-link\" href=\"http:\/\/nagibel.com\/index.php\/takenouchi-ryu\/\">Continue reading <span class=\"screen-reader-text\">  Takenouchi-ryu<\/span><span class=\"meta-nav\">&rarr;<\/span><\/a><\/p>\n","protected":false},"author":1,"featured_media":0,"parent":0,"menu_order":0,"comment_status":"closed","ping_status":"closed","template":"","meta":[],"_links":{"self":[{"href":"http:\/\/nagibel.com\/index.php\/wp-json\/wp\/v2\/pages\/1314"}],"collection":[{"href":"http:\/\/nagibel.com\/index.php\/wp-json\/wp\/v2\/pages"}],"about":[{"href":"http:\/\/nagibel.com\/index.php\/wp-json\/wp\/v2\/types\/page"}],"author":[{"embeddable":true,"href":"http:\/\/nagibel.com\/index.php\/wp-json\/wp\/v2\/users\/1"}],"replies":[{"embeddable":true,"href":"http:\/\/nagibel.com\/index.php\/wp-json\/wp\/v2\/comments?post=1314"}],"version-history":[{"count":3,"href":"http:\/\/nagibel.com\/index.php\/wp-json\/wp\/v2\/pages\/1314\/revisions"}],"predecessor-version":[{"id":1336,"href":"http:\/\/nagibel.com\/index.php\/wp-json\/wp\/v2\/pages\/1314\/revisions\/1336"}],"wp:attachment":[{"href":"http:\/\/nagibel.com\/index.php\/wp-json\/wp\/v2\/media?parent=1314"}],"curies":[{"name":"wp","href":"https:\/\/api.w.org\/{rel}","templated":true}]}}