{"id":1306,"date":"2022-12-27T15:55:44","date_gmt":"2022-12-27T14:55:44","guid":{"rendered":"http:\/\/nagibel.com\/?page_id=1306"},"modified":"2022-12-27T15:58:15","modified_gmt":"2022-12-27T14:58:15","slug":"suio-ryu","status":"publish","type":"page","link":"http:\/\/nagibel.com\/index.php\/suio-ryu\/","title":{"rendered":"Suio ryu"},"content":{"rendered":"\n<p>Le suio ryu a \u00e9t\u00e9 fond\u00e9 par Mima Yoichizaemon Kagenubu en 1615.<\/p>\n\n\n\n<p>Comme de nombreux samourai, il voyaga \u00e0 travers le Japon, \u00e9tudiant et affrontant d&#8217;autres styles d&#8217;art martiaux avant de cr\u00e9\u00e9 le sien.<\/p>\n\n\n\n<p>Il apprit entre autre les bases de l&#8217;\u00e9cole Hayashizaki, le naginata des moines du mont Hiel.<\/p>\n\n\n\n<p>Durant ses voyages, il porta aussi une grande importance \u00e0 la philosophie, souhaitant atteindre l&#8217;illumination (qu&#8217;il aurait eut apr\u00e8s 20 ans d&#8217;\u00e9tude).<\/p>\n\n\n\n<p>Son \u00e9cole se compl\u00e9ta avec l&#8217;exp\u00e9rience des autres soke. Actuellement, il s&#8217;agit du 15\u00e8me soke qui est \u00e0 la t\u00eate de l&#8217;\u00e9cole de Suio.<\/p>\n\n\n\n<figure class=\"wp-block-image\"><img decoding=\"async\" src=\"https:\/\/web.archive.org\/web\/20181214190106im_\/http:\/\/www.nagibel.be\/uploads\/images\/historique\/suio.jpg\" alt=\"\"\/><\/figure>\n\n\n\n<p>Son \u00e9cole m\u00e9lange l&#8217;iai-jutsu, le kenpo-jutsu, le jo-jutsu, le naginata-jutsu et le kusarigama-jutsu.<\/p>\n\n\n\n<p>http:\/\/www.suioryu.fr\/<\/p>\n","protected":false},"excerpt":{"rendered":"<p>Le suio ryu a \u00e9t\u00e9 fond\u00e9 par Mima Yoichizaemon Kagenubu en 1615. Comme de nombreux samourai, il voyaga \u00e0 travers le Japon, \u00e9tudiant et affrontant d&#8217;autres styles d&#8217;art martiaux avant de cr\u00e9\u00e9 le sien. Il apprit entre autre les bases <a class=\"more-link\" href=\"http:\/\/nagibel.com\/index.php\/suio-ryu\/\">Continue reading <span class=\"screen-reader-text\">  Suio ryu<\/span><span class=\"meta-nav\">&rarr;<\/span><\/a><\/p>\n","protected":false},"author":1,"featured_media":0,"parent":0,"menu_order":0,"comment_status":"closed","ping_status":"closed","template":"","meta":[],"_links":{"self":[{"href":"http:\/\/nagibel.com\/index.php\/wp-json\/wp\/v2\/pages\/1306"}],"collection":[{"href":"http:\/\/nagibel.com\/index.php\/wp-json\/wp\/v2\/pages"}],"about":[{"href":"http:\/\/nagibel.com\/index.php\/wp-json\/wp\/v2\/types\/page"}],"author":[{"embeddable":true,"href":"http:\/\/nagibel.com\/index.php\/wp-json\/wp\/v2\/users\/1"}],"replies":[{"embeddable":true,"href":"http:\/\/nagibel.com\/index.php\/wp-json\/wp\/v2\/comments?post=1306"}],"version-history":[{"count":3,"href":"http:\/\/nagibel.com\/index.php\/wp-json\/wp\/v2\/pages\/1306\/revisions"}],"predecessor-version":[{"id":1345,"href":"http:\/\/nagibel.com\/index.php\/wp-json\/wp\/v2\/pages\/1306\/revisions\/1345"}],"wp:attachment":[{"href":"http:\/\/nagibel.com\/index.php\/wp-json\/wp\/v2\/media?parent=1306"}],"curies":[{"name":"wp","href":"https:\/\/api.w.org\/{rel}","templated":true}]}}