{"id":1302,"date":"2022-12-27T16:33:26","date_gmt":"2022-12-27T15:33:26","guid":{"rendered":"http:\/\/nagibel.com\/?page_id=1302"},"modified":"2022-12-29T10:33:47","modified_gmt":"2022-12-29T09:33:47","slug":"maniwa-nen-ryu","status":"publish","type":"page","link":"http:\/\/nagibel.com\/index.php\/maniwa-nen-ryu\/","title":{"rendered":"Maniwa Nen-Ryu"},"content":{"rendered":"\n<p>Fond\u00e9e en 1368 par Yoshimoto Soma Shiro (1351-1407) plus tard connu sous le nom de Nen Ami Jion, cette \u00e9cole utilse aussi bien le naginatajutsu que le kenjutsu, le sojutsu et le yadomejutsu.<\/p>\n\n\n<div class=\"wp-block-image\">\n<figure class=\"aligncenter\"><img decoding=\"async\" src=\"https:\/\/web.archive.org\/web\/20181214190435im_\/http:\/\/www.nagibel.be\/uploads\/images\/historique\/maniwa nen ryu.jpg\" alt=\"\"\/><figcaption class=\"wp-element-caption\">D\u00e9monstration au Kobudo Shinkokai en avril 1996 r\u00e9alis\u00e9e par Toshio Hori et Bill Jensen<\/figcaption><\/figure><\/div>\n\n\n<p>Son p\u00e8re est assassin\u00e9 alors qu&#8217;il est enfant et il est par la suite \u00e9l\u00e9v\u00e9 par des moines qui lui enseignent l&#8217;art de la guerre. Il retourna dans son village et se vengea avant devenir pr\u00eatre et de changer de nom.<\/p>\n\n\n\n<p>Il fit construire deux temples o\u00f9 ses fid\u00e8les vont encore se recueillir actuellement.<\/p>\n\n\n\n<p>3 de ses disciples sont devenu c\u00e9l\u00e8bres:<\/p>\n\n\n\n<p>&#8211; Chujo Nakahide qui devaint le maitre de l&#8217;\u00e9cole Chujo dont d\u00e9coula par la suite la Toda ryu et l&#8217;Itto ryu.<\/p>\n\n\n\n<p>&#8211; Akamatsu Sanshuza, le chef de l&#8217;un des rameau de l&#8217;\u00e9cole Nen ryu<\/p>\n\n\n\n<p>&#8211; Higuchiu Kaneshige qui dirigea le Kaneshige Nen ryu.<\/p>\n\n\n\n<p>L&#8217;\u00e9cole Maniwa est moins attach\u00e9e \u00e0 sa divinit\u00e9e qu&#8217;\u00e0 sa terre au contraire d&#8217;autres \u00e9coles et beaucoups moins hi\u00e9rarchis\u00e9es. Il y a peu de kata dans cette \u00e9cole.<\/p>\n\n\n\n<p>Cette \u00e9cole promeut la d\u00e9fence plut\u00f4t que l&#8217;attaque. La plus part des techniques se lancent donc lorsque l&#8217;adversaire \u00e0 d\u00e9j\u00e0 lanc\u00e9 son attaque et ne peut plus revenir en arri\u00e8re.<\/p>\n\n\n\n<p>La naginata, bien que propos\u00e9e aux femmes car consid\u00e9r\u00e9 comme plus ad\u00e9quate, n&#8217;\u00e9tait pas obligatoire.<\/p>\n\n\n\n<p>La naginata n&#8217;avait ni taille ni longueur sp\u00e9cifiques n\u00e9anmoins l&#8217;atarashi naginata ne peut-\u00eatre utilis\u00e9e dans la pratique de la Maniwa car elle est trop l\u00e9g\u00e8re et fragile.<\/p>\n\n\n\n<figure class=\"wp-block-embed is-type-video is-provider-youtube wp-block-embed-youtube wp-embed-aspect-16-9 wp-has-aspect-ratio\"><div class=\"wp-block-embed__wrapper\">\n<iframe loading=\"lazy\" title=\"Maniwanen Ryu - Kenjutsu Sojutsu Naginata Iaijutsu - Higuchi Sadahito - Meiji Jingu Reisai 2017\" width=\"530\" height=\"298\" src=\"https:\/\/www.youtube.com\/embed\/8xrBgqXAJTY?feature=oembed\" frameborder=\"0\" allow=\"accelerometer; autoplay; clipboard-write; encrypted-media; gyroscope; picture-in-picture\" allowfullscreen><\/iframe>\n<\/div><\/figure>\n","protected":false},"excerpt":{"rendered":"<p>Fond\u00e9e en 1368 par Yoshimoto Soma Shiro (1351-1407) plus tard connu sous le nom de Nen Ami Jion, cette \u00e9cole utilse aussi bien le naginatajutsu que le kenjutsu, le sojutsu et le yadomejutsu. Son p\u00e8re est assassin\u00e9 alors qu&#8217;il est <a class=\"more-link\" href=\"http:\/\/nagibel.com\/index.php\/maniwa-nen-ryu\/\">Continue reading <span class=\"screen-reader-text\">  Maniwa Nen-Ryu<\/span><span class=\"meta-nav\">&rarr;<\/span><\/a><\/p>\n","protected":false},"author":1,"featured_media":0,"parent":0,"menu_order":0,"comment_status":"closed","ping_status":"closed","template":"","meta":[],"_links":{"self":[{"href":"http:\/\/nagibel.com\/index.php\/wp-json\/wp\/v2\/pages\/1302"}],"collection":[{"href":"http:\/\/nagibel.com\/index.php\/wp-json\/wp\/v2\/pages"}],"about":[{"href":"http:\/\/nagibel.com\/index.php\/wp-json\/wp\/v2\/types\/page"}],"author":[{"embeddable":true,"href":"http:\/\/nagibel.com\/index.php\/wp-json\/wp\/v2\/users\/1"}],"replies":[{"embeddable":true,"href":"http:\/\/nagibel.com\/index.php\/wp-json\/wp\/v2\/comments?post=1302"}],"version-history":[{"count":4,"href":"http:\/\/nagibel.com\/index.php\/wp-json\/wp\/v2\/pages\/1302\/revisions"}],"predecessor-version":[{"id":1391,"href":"http:\/\/nagibel.com\/index.php\/wp-json\/wp\/v2\/pages\/1302\/revisions\/1391"}],"wp:attachment":[{"href":"http:\/\/nagibel.com\/index.php\/wp-json\/wp\/v2\/media?parent=1302"}],"curies":[{"name":"wp","href":"https:\/\/api.w.org\/{rel}","templated":true}]}}