{"id":1300,"date":"2022-12-27T16:37:42","date_gmt":"2022-12-27T15:37:42","guid":{"rendered":"http:\/\/nagibel.com\/?page_id=1300"},"modified":"2022-12-29T10:27:02","modified_gmt":"2022-12-29T09:27:02","slug":"araki-ryu-2","status":"publish","type":"page","link":"http:\/\/nagibel.com\/index.php\/araki-ryu-2\/","title":{"rendered":"Araki ryu"},"content":{"rendered":"\n<p>Les origines de l&#8217;Araki-ryu sont quelque peu myst\u00e9rieuses.<\/p>\n\n\n\n<p>Fond\u00e9 au 17\u00e8me si\u00e8cle, on ne peut pas \u00e9tablir sans l&#8217;ombre d&#8217;un doute la fa\u00e7on dont le ryu a \u00e9t\u00e9 fond\u00e9.<\/p>\n\n\n<div class=\"wp-block-image\">\n<figure class=\"alignleft\"><img decoding=\"async\" src=\"https:\/\/web.archive.org\/web\/20181214184832im_\/http:\/\/www.nagibel.be\/uploads\/images\/historique\/ArakiMurashige-e1279786871630-209x300.jpg\" alt=\"\"\/><\/figure><\/div>\n\n\n<p>Historiquement, Araki Muninsai <em>(parfois Mujinsai)<\/em> est d\u00e9sign\u00e9 comme le fondateur. Pourtant, il nomme quelqu&#8217;un d&#8217;autre, son propre ma\u00eetre, comme le fondateur de la ryu. Cela semble \u00eatre devenu une tradition au sein de la ryu et il est compliqu\u00e9 de d\u00e9terminer qui furent les ma\u00eetres de l&#8217;\u00e9cole.<\/p>\n\n\n\n<p>On d\u00e9crit Araki comme un homme d&#8217;exception; sans \u00e9gale dans sa bienveillance comme dans ses prouesses au combat. Il aurait d&#8217;ailleurs \u00e9t\u00e9 lou\u00e9 pour ses exploits sur le champ de bataille en Cor\u00e9e lors de l&#8217;invasion de la Cor\u00e9e par Hideyoshi dans le ann\u00e9es 1590<\/p>\n\n\n\n<p>La pratique Araki-ryu utilise le Kusarigamajutsu, le torite kogusoku, le chigirikijutsu, le tojutsu, le bojutsu, le Naginatajutsu et le ryofundojutsu.<\/p>\n\n\n\n<p>Le Araki-ryu est un syst\u00e8me qui se sp\u00e9cialise dans le combat rapproch\u00e9. La dynamique d&#8217;Araki-ryu est identique \u00e0 celle de la lutte au corps-\u00e0-corps.<\/p>\n\n\n\n<figure class=\"wp-block-embed is-type-video is-provider-youtube wp-block-embed-youtube wp-embed-aspect-16-9 wp-has-aspect-ratio\"><div class=\"wp-block-embed__wrapper\">\n<iframe loading=\"lazy\" title=\"NAMT 2013 avec Ellis Amdur Araki-ryu\" width=\"530\" height=\"298\" src=\"https:\/\/www.youtube.com\/embed\/nHa9KUSCn3s?feature=oembed\" frameborder=\"0\" allow=\"accelerometer; autoplay; clipboard-write; encrypted-media; gyroscope; picture-in-picture\" allowfullscreen><\/iframe>\n<\/div><\/figure>\n","protected":false},"excerpt":{"rendered":"<p>Les origines de l&#8217;Araki-ryu sont quelque peu myst\u00e9rieuses. Fond\u00e9 au 17\u00e8me si\u00e8cle, on ne peut pas \u00e9tablir sans l&#8217;ombre d&#8217;un doute la fa\u00e7on dont le ryu a \u00e9t\u00e9 fond\u00e9. Historiquement, Araki Muninsai (parfois Mujinsai) est d\u00e9sign\u00e9 comme le fondateur. Pourtant, <a class=\"more-link\" href=\"http:\/\/nagibel.com\/index.php\/araki-ryu-2\/\">Continue reading <span class=\"screen-reader-text\">  Araki ryu<\/span><span class=\"meta-nav\">&rarr;<\/span><\/a><\/p>\n","protected":false},"author":1,"featured_media":0,"parent":0,"menu_order":0,"comment_status":"closed","ping_status":"closed","template":"","meta":[],"_links":{"self":[{"href":"http:\/\/nagibel.com\/index.php\/wp-json\/wp\/v2\/pages\/1300"}],"collection":[{"href":"http:\/\/nagibel.com\/index.php\/wp-json\/wp\/v2\/pages"}],"about":[{"href":"http:\/\/nagibel.com\/index.php\/wp-json\/wp\/v2\/types\/page"}],"author":[{"embeddable":true,"href":"http:\/\/nagibel.com\/index.php\/wp-json\/wp\/v2\/users\/1"}],"replies":[{"embeddable":true,"href":"http:\/\/nagibel.com\/index.php\/wp-json\/wp\/v2\/comments?post=1300"}],"version-history":[{"count":3,"href":"http:\/\/nagibel.com\/index.php\/wp-json\/wp\/v2\/pages\/1300\/revisions"}],"predecessor-version":[{"id":1389,"href":"http:\/\/nagibel.com\/index.php\/wp-json\/wp\/v2\/pages\/1300\/revisions\/1389"}],"wp:attachment":[{"href":"http:\/\/nagibel.com\/index.php\/wp-json\/wp\/v2\/media?parent=1300"}],"curies":[{"name":"wp","href":"https:\/\/api.w.org\/{rel}","templated":true}]}}