{"id":1298,"date":"2022-12-27T16:42:45","date_gmt":"2022-12-27T15:42:45","guid":{"rendered":"http:\/\/nagibel.com\/?page_id=1298"},"modified":"2022-12-27T16:42:46","modified_gmt":"2022-12-27T15:42:46","slug":"higo-ko-ryu","status":"publish","type":"page","link":"http:\/\/nagibel.com\/index.php\/higo-ko-ryu\/","title":{"rendered":"Higo Ko-ryu"},"content":{"rendered":"\n<p>Ce style de Naginatajutsu \u00e0 \u00e9t\u00e9 fond\u00e9 au d\u00e9but de l&#8217;\u00e8re Edo par Kamei Terushige.<\/p>\n\n\n\n<p>La hampe de la naginata comme sa lame mesuraient toutes deux 1m20. Elle ressemblait donc beaucoup \u00e0 une nagamaki.<\/p>\n\n\n\n<p>Il y a 31 kata. La premi\u00e8re s\u00e9rie se fait totalement silencieusement et il n&#8217;y a presque aucune frappe entre les deux armes. Le kiai apparait dans les kata les plus r\u00e9cent.<\/p>\n\n\n\n<figure class=\"wp-block-embed is-type-video is-provider-youtube wp-block-embed-youtube wp-embed-aspect-16-9 wp-has-aspect-ratio\"><div class=\"wp-block-embed__wrapper\">\n<iframe loading=\"lazy\" title=\"Higo koryu Naginata\" width=\"530\" height=\"298\" src=\"https:\/\/www.youtube.com\/embed\/w9nBAuOu9DE?feature=oembed\" frameborder=\"0\" allow=\"accelerometer; autoplay; clipboard-write; encrypted-media; gyroscope; picture-in-picture\" allowfullscreen><\/iframe>\n<\/div><\/figure>\n\n\n\n<p>Voici une petite anecdote sur Kino Shizue, une sensei de l&#8217;\u00e9cole Higo ko ryu:<\/p>\n\n\n\n<p>En 1982, celle-ci avait \u00e9t\u00e9e invit\u00e9e \u00e0 participer aux Championnats nationnaux des ain\u00e9s du Japon. Cela concernait le kendo, le jukendo (baionnette) et, bien sur, le naginata.<\/p>\n\n\n\n<p>A la fin de son 1er combat contre un 9\u00e8me dan de kendo, le pr\u00e9sentateur annonca qu&#8217;assez de temps avait \u00e9t\u00e9 accord\u00e9 aux &#8220;vieux&#8221; et tenta de passer \u00e0 la suite des \u00e9v\u00e8nements, un rythmique naginata.<\/p>\n\n\n\n<p>Or, le prochain adversaire de Kino \u00e9tait d\u00e9j\u00e0 pr\u00eat.<\/p>\n\n\n\n<p>Kino Shizue sensei refusa de bouger et se placa au centre de la pi\u00e8ce, sa naginata fermement plant\u00e9e dans le sol.<\/p>\n\n\n\n<p>Les femmes du rythmiques se regard\u00e8rent et d\u00e9cid\u00e8rent de se retirer. De petits rire nerveux se firent entendre dans l&#8217;estrade.<\/p>\n\n\n\n<p><em>&#8220;Nous appr\u00e9cions tous l&#8217;esprit combattif de kino sensei! nous devons cependant poursuivre avec notre programme&#8221;<\/em><\/p>\n\n\n\n<p>Elle l&#8217;ignora.<\/p>\n\n\n\n<p>Exasp\u00e9r\u00e9, ils dessendirent avec deux organisateurs pour tenter de la raisonner.<\/p>\n\n\n\n<p>Elle ne bougea pas.<\/p>\n\n\n\n<p>Revenu bredouille, le presentateur annonca \u00e0 contrecoeur qu&#8217;il y aurait un autre match.<\/p>\n\n\n\n<p>Abe Toyoko (une grande sensei de l&#8217;\u00e9cole tendo ryu) s&#8217;avanca.<\/p>\n\n\n\n<p>Les deux femmes utilis\u00e8rent les techniques de leur \u00e9cole respective.<\/p>\n\n\n\n<p>Durant le combat peu d&#8217;attaques furent lancer et encore moins atteignirent leur cible. Il arrivait m\u00eame qu&#8217;elles restent immobile.<\/p>\n\n\n\n<p>Les deux femmes d\u00e9montrairent toutes les qualit\u00e9s de leurs \u00e9coles, depuis leurs techniques jusqu&#8217;\u00e0 leur force de caract\u00e8rent et leur philosophie.<\/p>\n\n\n<div class=\"wp-block-image\">\n<figure class=\"aligncenter\"><img decoding=\"async\" src=\"https:\/\/web.archive.org\/web\/20181214190404im_\/http:\/\/www.nagibel.be\/uploads\/images\/historique\/higo ko ryu naginatajutsu.jpg\" alt=\"\"\/><figcaption class=\"wp-element-caption\">D\u00e9monstration au Kodudo Shinkokai Riverside le 19 avril 1997<\/figcaption><\/figure><\/div>","protected":false},"excerpt":{"rendered":"<p>Ce style de Naginatajutsu \u00e0 \u00e9t\u00e9 fond\u00e9 au d\u00e9but de l&#8217;\u00e8re Edo par Kamei Terushige. La hampe de la naginata comme sa lame mesuraient toutes deux 1m20. Elle ressemblait donc beaucoup \u00e0 une nagamaki. Il y a 31 kata. La <a class=\"more-link\" href=\"http:\/\/nagibel.com\/index.php\/higo-ko-ryu\/\">Continue reading <span class=\"screen-reader-text\">  Higo Ko-ryu<\/span><span class=\"meta-nav\">&rarr;<\/span><\/a><\/p>\n","protected":false},"author":1,"featured_media":0,"parent":0,"menu_order":0,"comment_status":"closed","ping_status":"closed","template":"","meta":[],"_links":{"self":[{"href":"http:\/\/nagibel.com\/index.php\/wp-json\/wp\/v2\/pages\/1298"}],"collection":[{"href":"http:\/\/nagibel.com\/index.php\/wp-json\/wp\/v2\/pages"}],"about":[{"href":"http:\/\/nagibel.com\/index.php\/wp-json\/wp\/v2\/types\/page"}],"author":[{"embeddable":true,"href":"http:\/\/nagibel.com\/index.php\/wp-json\/wp\/v2\/users\/1"}],"replies":[{"embeddable":true,"href":"http:\/\/nagibel.com\/index.php\/wp-json\/wp\/v2\/comments?post=1298"}],"version-history":[{"count":2,"href":"http:\/\/nagibel.com\/index.php\/wp-json\/wp\/v2\/pages\/1298\/revisions"}],"predecessor-version":[{"id":1349,"href":"http:\/\/nagibel.com\/index.php\/wp-json\/wp\/v2\/pages\/1298\/revisions\/1349"}],"wp:attachment":[{"href":"http:\/\/nagibel.com\/index.php\/wp-json\/wp\/v2\/media?parent=1298"}],"curies":[{"name":"wp","href":"https:\/\/api.w.org\/{rel}","templated":true}]}}