{"id":1296,"date":"2022-12-27T16:55:14","date_gmt":"2022-12-27T15:55:14","guid":{"rendered":"http:\/\/nagibel.com\/?page_id=1296"},"modified":"2022-12-27T16:55:14","modified_gmt":"2022-12-27T15:55:14","slug":"yoshin-ryu","status":"publish","type":"page","link":"http:\/\/nagibel.com\/index.php\/yoshin-ryu\/","title":{"rendered":"Yoshin ryu"},"content":{"rendered":"\n<p>&#8220;Yoshin Ryu&#8221; est un nom commun pour plusieurs \u00e9coles diff\u00e9rentes fond\u00e9es au Japon durant la p\u00e9riode Edo. Celle qui nous interresse, est &#8220;Akiyama Yoshin-Ryu&#8221; fond\u00e9e par Akiyama Shirobei Yoshitoki \u00e0 Nagasaki en 1632, la plus c\u00e9l\u00e8bre.<\/p>\n\n\n\n<p>Cette ancienne \u00e9cole pratique aussi bien le Naginatajutsu que le sojutsu, le bojutsu et le kusarigamajutsu.<br><br>Cette \u00e9cole se sp\u00e9cialise dans la pratique d\u00e9fensive de la naginata par les femmes; c&#8217;est pourquoi les praticiennes apprennent \u00e0 ex\u00e9cuter les techniques en kimono complet.<\/p>\n\n\n\n<figure class=\"wp-block-embed is-type-video is-provider-youtube wp-block-embed-youtube wp-embed-aspect-16-9 wp-has-aspect-ratio\"><div class=\"wp-block-embed__wrapper\">\n<iframe loading=\"lazy\" title=\"Yoshin-ryu Naginata-jutsu - 42nd Japanese Kobudo Demonstration (2019)\" width=\"530\" height=\"298\" src=\"https:\/\/www.youtube.com\/embed\/llaUCo2HETw?feature=oembed\" frameborder=\"0\" allow=\"accelerometer; autoplay; clipboard-write; encrypted-media; gyroscope; picture-in-picture\" allowfullscreen><\/iframe>\n<\/div><\/figure>\n\n\n\n<p>Cette \u00e9cole \u00e0 pour devise :<em>&#8220;Permettre \u00e0 un adversaire de couper sa chaire pour lui briser les os&#8221;<\/em><br><\/p>\n","protected":false},"excerpt":{"rendered":"<p>&#8220;Yoshin Ryu&#8221; est un nom commun pour plusieurs \u00e9coles diff\u00e9rentes fond\u00e9es au Japon durant la p\u00e9riode Edo. Celle qui nous interresse, est &#8220;Akiyama Yoshin-Ryu&#8221; fond\u00e9e par Akiyama Shirobei Yoshitoki \u00e0 Nagasaki en 1632, la plus c\u00e9l\u00e8bre. Cette ancienne \u00e9cole pratique <a class=\"more-link\" href=\"http:\/\/nagibel.com\/index.php\/yoshin-ryu\/\">Continue reading <span class=\"screen-reader-text\">  Yoshin ryu<\/span><span class=\"meta-nav\">&rarr;<\/span><\/a><\/p>\n","protected":false},"author":1,"featured_media":0,"parent":0,"menu_order":0,"comment_status":"closed","ping_status":"closed","template":"","meta":[],"_links":{"self":[{"href":"http:\/\/nagibel.com\/index.php\/wp-json\/wp\/v2\/pages\/1296"}],"collection":[{"href":"http:\/\/nagibel.com\/index.php\/wp-json\/wp\/v2\/pages"}],"about":[{"href":"http:\/\/nagibel.com\/index.php\/wp-json\/wp\/v2\/types\/page"}],"author":[{"embeddable":true,"href":"http:\/\/nagibel.com\/index.php\/wp-json\/wp\/v2\/users\/1"}],"replies":[{"embeddable":true,"href":"http:\/\/nagibel.com\/index.php\/wp-json\/wp\/v2\/comments?post=1296"}],"version-history":[{"count":2,"href":"http:\/\/nagibel.com\/index.php\/wp-json\/wp\/v2\/pages\/1296\/revisions"}],"predecessor-version":[{"id":1354,"href":"http:\/\/nagibel.com\/index.php\/wp-json\/wp\/v2\/pages\/1296\/revisions\/1354"}],"wp:attachment":[{"href":"http:\/\/nagibel.com\/index.php\/wp-json\/wp\/v2\/media?parent=1296"}],"curies":[{"name":"wp","href":"https:\/\/api.w.org\/{rel}","templated":true}]}}